{"id":4284,"date":"2022-03-03T13:23:42","date_gmt":"2022-03-03T12:23:42","guid":{"rendered":"https:\/\/www.university-in-germany.com\/?page_id=4284"},"modified":"2024-11-30T14:20:46","modified_gmt":"2024-11-30T13:20:46","slug":"solicitud-en-linea","status":"publish","type":"page","link":"https:\/\/www.university-in-germany.com\/es\/solicitud-de-ingreso\/solicitud-con-certificado-aleman\/cualificacion-master\/solicitud-en-linea\/","title":{"rendered":"Solicitud en l\u00ednea (M\u00e1ster)"},"content":{"rendered":"<p>[vc_row][vc_column][vc_column_text el_id=\u00bbbew_title\u00bb el_class=\u00bbbew_text\u00bb]<\/p>\n<h2><strong>Solicitud con certificado alem\u00e1n<\/strong><\/h2>\n\t\t\t<!-- Flexy Breadcrumb -->\r\n\t\t\t<div class=\"fbc fbc-page\">\r\n\r\n\t\t\t\t<!-- Breadcrumb wrapper -->\r\n\t\t\t\t<div class=\"fbc-wrap\">\r\n\r\n\t\t\t\t\t<!-- Ordered list-->\r\n\t\t\t\t\t<ol class=\"fbc-items\" itemscope itemtype=\"https:\/\/schema.org\/BreadcrumbList\">\r\n\t\t\t\t\t\t<li class=\"active\" itemprop=\"itemListElement\" itemscope itemtype=\"https:\/\/schema.org\/ListItem\"><span itemprop=\"name\" title=\"Solicitud en l\u00ednea (M\u00e1ster)\">Solicitud en l\u00ednea (M\u00e1ster)<\/span><meta itemprop=\"position\" content=\"2\" \/><\/li>\t\t\t\t\t<\/ol>\r\n\t\t\t\t\t<div class=\"clearfix\"><\/div>\r\n\t\t\t\t<\/div>\r\n\t\t\t<\/div>\r\n\t\t\t\n<hr \/>\n<p>[\/vc_column_text][\/vc_column][\/vc_row][vc_row][vc_column width=\u00bb2\/3&#8243;][vc_column_text el_class=\u00bbbew_text\u00bb]<\/p>\n<h2>Solicitud en l\u00ednea<\/h2>\n<p>Las solicitudes con t\u00edtulos alemanes solo son posibles a trav\u00e9s del portal de solicitudes en l\u00ednea de la universidad denominado <em>Onlinecampus<\/em>.<\/p>\n<p>Las solicitudes para el semestre de invierno son posibles a partir de abril. Puedes presentar la solicitud para el semestre de verano a partir de noviembre.<\/p>\n<h3>Procedimiento de solicitud:<\/h3>\n<ol>\n<li>Registro en Onlinecampus (incluida la confirmaci\u00f3n por correo electr\u00f3nico).<\/li>\n<li>Rellenar la solicitud en l\u00ednea.<\/li>\n<li>Presentar en l\u00ednea la <em>solicitud de admisi\u00f3n<\/em>.<\/li>\n<li>Imprimir la <em>solicitud de admisi\u00f3n<\/em> en l\u00ednea y enviarla por correo a la universidad junto con los documentos de solicitud o presentarla en persona.<\/li>\n<li>Comprueba con regularidad el estado de tu solicitud en el portal de solicitudes en l\u00ednea y si tienes que presentar alg\u00fan documento faltante.<\/li>\n<\/ol>\n<p>[\/vc_column_text][vc_empty_space][\/vc_column][vc_column width=\u00bb1\/3&#8243;][vc_single_image image=\u00bb1568&#8243; img_size=\u00bbfull\u00bb][\/vc_column][\/vc_row][vc_row][vc_column width=\u00bb2\/3&#8243;]<div class=\"gem-button-container gem-button-position-inline bew_button_short\"><a class=\"gem-button gem-button-size-medium gem-button-style-flat gem-button-text-weight-normal\" style=\"border-radius: 0px;\" onmouseleave=\"\" onmouseenter=\"\" href=\"https:\/\/onlinecampus.h2.de\/qisserver\/pages\/cs\/sys\/portal\/hisinoneStartPage.faces?page=Bewerber\/innen\" target=\"_blank\">\u00a1Presenta la solicitud para el semestre de invierno!<\/a><\/div> [vc_single_image image=\u00bb2391&#8243; el_id=\u00bb&#8211;arrow-white\u00bb][\/vc_column][vc_column width=\u00bb1\/3&#8243;][\/vc_column][\/vc_row][vc_row][vc_column][vc_empty_space height=\u00bb60px\u00bb][\/vc_column][\/vc_row][vc_row el_class=\u00bbtext_right\u00bb][vc_column width=\u00bb1\/3&#8243;][vc_empty_space][vc_single_image image=\u00bb1572&#8243; img_size=\u00bbfull\u00bb][\/vc_column][vc_column width=\u00bb2\/3&#8243;][vc_empty_space][vc_column_text el_class=\u00bbbew_text\u00bb]<\/p>\n<h2>Tras la solicitud<\/h2>\n<h3>Visado<\/h3>\n<ul>\n<li>Los ciudadanos de pa\u00edses de la UE no necesitan un visado para estudiar en Alemania<\/li>\n<li>Los ciudadanos de pa\u00edses no pertenecientes a la UE pueden encontrar las normas vigentes en materia de visados en el sitio web del Ministerio alem\u00e1n de Asuntos Exteriores <em>(Ausw\u00e4rtiges Amt)<\/em><\/li>\n<\/ul>\n<p>Por regla general, se requiere una <em>carta de admisi\u00f3n<\/em> para la cita de solicitud de visado. No obstante, en algunos casos, la embajada alemana exige un <em>certificado de matriculaci\u00f3n<\/em>. La universidad estar\u00e1 encantada de expedirte un <em>certificado de matriculaci\u00f3n<\/em> provisional para tu solicitud de visado. En algunos pa\u00edses puede llevar mucho tiempo conseguir una cita en la embajada alemana. Por eso, te recomendamos que pidas cita para el visado lo antes posible.<\/p>\n<p>Al solicitar un visado para el primer a\u00f1o de sus estudios en Alemania, los estudiantes que no tengan la ciudadan\u00eda europea deben demostrar que su financiaci\u00f3n est\u00e1 garantizada (actualmente, 992 euros al mes).<\/p>\n<p>&nbsp;<\/p>\n<h3>Admisi\u00f3n a los estudios<\/h3>\n<p>Las solicitudes para <strong>programas de estudios sin admisi\u00f3n restringida<\/strong> se tramitan de forma continua. Las <em>cartas de admisi\u00f3n<\/em> se env\u00edan a trav\u00e9s del portal del campus en l\u00ednea de la universidad.<\/p>\n<p>En el caso de los <strong>programas estudios con prueba de aptitud<\/strong>, se informar\u00e1 a los aspirantes del resultado en el portal del campus en l\u00ednea de la universidad despu\u00e9s de que el departamento especializado haya evaluado la prueba.<\/p>\n<p>&nbsp;<\/p>\n<h3>Matriculaci\u00f3n<\/h3>\n<div id=\"tk_container_1950428163\" class=\"tk_container\">\n<div id=\"tk_children_1950428163\" class=\"tk_children\">\n<div id=\"tk_container_1950428164\" class=\"tk_container\">\n<div id=\"tk_children_1950428164\" class=\"tk_children single_child\">\n<div id=\"tk_container_1950856282\" class=\"tk_container\">\n<div class=\"tk_open_container\">\n<div id=\"1950856282\" class=\"tk_label node\">\n<div class=\"h-iblock va-middle\">\n<div class=\"tk_title\" dir=\"auto\" title=\"Ge\u00e4ndert von Anonymous am 12. August 2021 11:05\">\n<p>En cuanto recibas una <em>carta de admisi\u00f3n<\/em>, por favor, responde a la aceptaci\u00f3n de tu plaza de estudios:<\/p>\n<ol>\n<li>Presenta la <em>solicitud de matriculaci\u00f3n<\/em> en papel (por correo o en persona).<\/li>\n<li>Presenta en su caso los documentos compulsados y traducidos oficialmente que te falten (por correo o en persona).<\/li>\n<li>Transfiere la cuota del semestre.<\/li>\n<\/ol>\n<p><strong>Solo entonces habr\u00e1s completado la matriculaci\u00f3n.<\/strong><\/p>\n<p>A continuaci\u00f3n, se te enviar\u00e1 el <em>certificado de matriculaci\u00f3n<\/em> y el carn\u00e9 de estudiante por correo postal (dentro de Alemania) o por correo electr\u00f3nico (fuera de Alemania).<\/p>\n<\/div>\n<\/div>\n<\/div>\n<\/div>\n<\/div>\n<\/div>\n<\/div>\n<\/div>\n<\/div>\n<p>[\/vc_column_text][vc_empty_space][\/vc_column][\/vc_row][vc_row][vc_column][vc_empty_space height=\u00bb60px\u00bb][\/vc_column][\/vc_row][vc_row][vc_column width=\u00bb2\/3&#8243; offset=\u00bbvc_hidden-xs\u00bb][vc_column_text el_class=\u00bbbew_text\u00bb]<\/p>\n<h2><strong>Fechas y plazos<\/strong><\/h2>\n<table>\n<tbody>\n<tr>\n<th><\/th>\n<th><strong>Semestre de invierno<\/strong><\/th>\n<th><strong>Semestre de verano<\/strong><\/th>\n<\/tr>\n<tr>\n<td><strong>Inicio del semestre<\/strong><\/td>\n<td>1 de octubre<\/td>\n<td>1 de abril<\/td>\n<\/tr>\n<tr>\n<td><strong>Plazos de solicitud de ingreso<\/strong><\/td>\n<td><\/td>\n<td><\/td>\n<\/tr>\n<tr>\n<td>Programas de estudio <strong>sin admisi\u00f3n restringida<\/strong><\/td>\n<td>15 de septiembre<\/td>\n<td>15 de marzo<\/td>\n<\/tr>\n<tr>\n<td>Programas de estudio <strong>con prueba de aptitud<\/strong><\/td>\n<td>31 de mayo<\/td>\n<td>30 de noviembre<\/td>\n<\/tr>\n<tr>\n<td>Programa <em>Water Engineering<br \/>\n<\/em><\/td>\n<td>31 de mayo<\/td>\n<td>15 de enero<\/td>\n<\/tr>\n<\/tbody>\n<\/table>\n<p>[\/vc_column_text][vc_empty_space][\/vc_column][vc_column width=\u00bb1\/3&#8243; offset=\u00bbvc_hidden-xs\u00bb][vc_single_image image=\u00bb1576&#8243; img_size=\u00bbfull\u00bb][\/vc_column][\/vc_row][vc_row][vc_column width=\u00bb2\/3&#8243;]<div class=\"gem-button-container gem-button-position-inline bew_button_short\"><a class=\"gem-button gem-button-size-medium gem-button-style-flat gem-button-text-weight-normal\" style=\"border-radius: 0px;\" onmouseleave=\"\" onmouseenter=\"\" href=\"https:\/\/onlinecampus.h2.de\/qisserver\/pages\/cs\/sys\/portal\/hisinoneStartPage.faces?page=Bewerber\/innen\" target=\"_blank\">\u00a1Presenta la solicitud para el semestre de invierno!<\/a><\/div> [vc_single_image image=\u00bb2391&#8243; el_id=\u00bb&#8211;arrow-white\u00bb][\/vc_column][vc_column width=\u00bb1\/3&#8243;][\/vc_column][\/vc_row][vc_row][vc_column][vc_empty_space][\/vc_column][\/vc_row]<\/p>\n","protected":false},"excerpt":{"rendered":"<p>[vc_row][vc_column][vc_column_text el_id=\u00bbbew_title\u00bb el_class=\u00bbbew_text\u00bb] Solicitud con certificado alem\u00e1n [\/vc_column_text][\/vc_column][\/vc_row][vc_row][vc_column width=\u00bb2\/3&#8243;][vc_column_text el_class=\u00bbbew_text\u00bb] Solicitud en l\u00ednea Las solicitudes con t\u00edtulos alemanes solo son&#8230;<\/p>\n","protected":false},"author":3,"featured_media":0,"parent":4280,"menu_order":0,"comment_status":"closed","ping_status":"closed","template":"","meta":[],"yoast_head":"<!-- This site is optimized with the Yoast SEO plugin v20.6 - https:\/\/yoast.com\/wordpress\/plugins\/seo\/ -->\n<title>Solicitud en l\u00ednea (M\u00e1ster) - University in Germany<\/title>\n<meta name=\"robots\" content=\"index, follow, max-snippet:-1, max-image-preview:large, max-video-preview:-1\" \/>\n<link rel=\"canonical\" href=\"https:\/\/www.university-in-germany.com\/es\/solicitud-de-ingreso\/solicitud-con-certificado-aleman\/cualificacion-master\/solicitud-en-linea\/\" \/>\n<meta property=\"og:locale\" content=\"es_ES\" \/>\n<meta property=\"og:type\" content=\"article\" \/>\n<meta property=\"og:title\" content=\"Solicitud en l\u00ednea (M\u00e1ster) - University in Germany\" \/>\n<meta property=\"og:description\" content=\"[vc_row][vc_column][vc_column_text el_id=\u00bbbew_title\u00bb el_class=\u00bbbew_text\u00bb] Solicitud con certificado alem\u00e1n [\/vc_column_text][\/vc_column][\/vc_row][vc_row][vc_column width=\u00bb2\/3&#8243;][vc_column_text el_class=\u00bbbew_text\u00bb] Solicitud en l\u00ednea Las solicitudes con t\u00edtulos alemanes solo son...\" \/>\n<meta property=\"og:url\" content=\"https:\/\/www.university-in-germany.com\/es\/solicitud-de-ingreso\/solicitud-con-certificado-aleman\/cualificacion-master\/solicitud-en-linea\/\" \/>\n<meta property=\"og:site_name\" content=\"Hochschulbildung in Deutschland\" \/>\n<meta property=\"article:publisher\" content=\"https:\/\/de-de.facebook.com\/hsmagdeburg\/\" \/>\n<meta property=\"article:modified_time\" content=\"2024-11-30T13:20:46+00:00\" \/>\n<meta name=\"twitter:card\" content=\"summary_large_image\" \/>\n<meta name=\"twitter:label1\" content=\"Tiempo de lectura\" \/>\n\t<meta name=\"twitter:data1\" content=\"4 minutos\" \/>\n<script type=\"application\/ld+json\" class=\"yoast-schema-graph\">{\"@context\":\"https:\/\/schema.org\",\"@graph\":[{\"@type\":\"WebPage\",\"@id\":\"https:\/\/www.university-in-germany.com\/es\/solicitud-de-ingreso\/solicitud-con-certificado-aleman\/cualificacion-master\/solicitud-en-linea\/\",\"url\":\"https:\/\/www.university-in-germany.com\/es\/solicitud-de-ingreso\/solicitud-con-certificado-aleman\/cualificacion-master\/solicitud-en-linea\/\",\"name\":\"Solicitud en l\u00ednea (M\u00e1ster) - University in Germany\",\"isPartOf\":{\"@id\":\"https:\/\/www.university-in-germany.com\/#website\"},\"datePublished\":\"2022-03-03T12:23:42+00:00\",\"dateModified\":\"2024-11-30T13:20:46+00:00\",\"breadcrumb\":{\"@id\":\"https:\/\/www.university-in-germany.com\/es\/solicitud-de-ingreso\/solicitud-con-certificado-aleman\/cualificacion-master\/solicitud-en-linea\/#breadcrumb\"},\"inLanguage\":\"es\",\"potentialAction\":[{\"@type\":\"ReadAction\",\"target\":[\"https:\/\/www.university-in-germany.com\/es\/solicitud-de-ingreso\/solicitud-con-certificado-aleman\/cualificacion-master\/solicitud-en-linea\/\"]}]},{\"@type\":\"BreadcrumbList\",\"@id\":\"https:\/\/www.university-in-germany.com\/es\/solicitud-de-ingreso\/solicitud-con-certificado-aleman\/cualificacion-master\/solicitud-en-linea\/#breadcrumb\",\"itemListElement\":[{\"@type\":\"ListItem\",\"position\":1,\"name\":\"Home\",\"item\":\"https:\/\/www.university-in-germany.com\/es\/\"},{\"@type\":\"ListItem\",\"position\":2,\"name\":\"Solicitud de ingreso\",\"item\":\"https:\/\/www.university-in-germany.com\/es\/bewerbungsprozess\/\"},{\"@type\":\"ListItem\",\"position\":3,\"name\":\"Solicitud con certificado alem\u00e1n\",\"item\":\"https:\/\/www.university-in-germany.com\/es\/bewerbungsprozess\/bewerbung-mit-deutschem-zeugnis\/\"},{\"@type\":\"ListItem\",\"position\":4,\"name\":\"Cualificaci\u00f3n profesional de m\u00e1ster\",\"item\":\"https:\/\/www.university-in-germany.com\/es\/bewerbungsprozess\/bewerbung-mit-deutschem-zeugnis\/fachliche-qualifikation-master\/\"},{\"@type\":\"ListItem\",\"position\":5,\"name\":\"Solicitud en l\u00ednea (M\u00e1ster)\"}]},{\"@type\":\"WebSite\",\"@id\":\"https:\/\/www.university-in-germany.com\/#website\",\"url\":\"https:\/\/www.university-in-germany.com\/\",\"name\":\"Hochschule Magdeburg-Stendal\/ Magdeburf-Stendal University of Applied Sciences\",\"description\":\"\",\"potentialAction\":[{\"@type\":\"SearchAction\",\"target\":{\"@type\":\"EntryPoint\",\"urlTemplate\":\"https:\/\/www.university-in-germany.com\/?s={search_term_string}\"},\"query-input\":\"required name=search_term_string\"}],\"inLanguage\":\"es\"}]}<\/script>\n<!-- \/ Yoast SEO plugin. -->","yoast_head_json":{"title":"Solicitud en l\u00ednea (M\u00e1ster) - University in Germany","robots":{"index":"index","follow":"follow","max-snippet":"max-snippet:-1","max-image-preview":"max-image-preview:large","max-video-preview":"max-video-preview:-1"},"canonical":"https:\/\/www.university-in-germany.com\/es\/solicitud-de-ingreso\/solicitud-con-certificado-aleman\/cualificacion-master\/solicitud-en-linea\/","og_locale":"es_ES","og_type":"article","og_title":"Solicitud en l\u00ednea (M\u00e1ster) - University in Germany","og_description":"[vc_row][vc_column][vc_column_text el_id=\u00bbbew_title\u00bb el_class=\u00bbbew_text\u00bb] Solicitud con certificado alem\u00e1n [\/vc_column_text][\/vc_column][\/vc_row][vc_row][vc_column width=\u00bb2\/3&#8243;][vc_column_text el_class=\u00bbbew_text\u00bb] Solicitud en l\u00ednea Las solicitudes con t\u00edtulos alemanes solo son...","og_url":"https:\/\/www.university-in-germany.com\/es\/solicitud-de-ingreso\/solicitud-con-certificado-aleman\/cualificacion-master\/solicitud-en-linea\/","og_site_name":"Hochschulbildung in Deutschland","article_publisher":"https:\/\/de-de.facebook.com\/hsmagdeburg\/","article_modified_time":"2024-11-30T13:20:46+00:00","twitter_card":"summary_large_image","twitter_misc":{"Tiempo de lectura":"4 minutos"},"schema":{"@context":"https:\/\/schema.org","@graph":[{"@type":"WebPage","@id":"https:\/\/www.university-in-germany.com\/es\/solicitud-de-ingreso\/solicitud-con-certificado-aleman\/cualificacion-master\/solicitud-en-linea\/","url":"https:\/\/www.university-in-germany.com\/es\/solicitud-de-ingreso\/solicitud-con-certificado-aleman\/cualificacion-master\/solicitud-en-linea\/","name":"Solicitud en l\u00ednea (M\u00e1ster) - University in Germany","isPartOf":{"@id":"https:\/\/www.university-in-germany.com\/#website"},"datePublished":"2022-03-03T12:23:42+00:00","dateModified":"2024-11-30T13:20:46+00:00","breadcrumb":{"@id":"https:\/\/www.university-in-germany.com\/es\/solicitud-de-ingreso\/solicitud-con-certificado-aleman\/cualificacion-master\/solicitud-en-linea\/#breadcrumb"},"inLanguage":"es","potentialAction":[{"@type":"ReadAction","target":["https:\/\/www.university-in-germany.com\/es\/solicitud-de-ingreso\/solicitud-con-certificado-aleman\/cualificacion-master\/solicitud-en-linea\/"]}]},{"@type":"BreadcrumbList","@id":"https:\/\/www.university-in-germany.com\/es\/solicitud-de-ingreso\/solicitud-con-certificado-aleman\/cualificacion-master\/solicitud-en-linea\/#breadcrumb","itemListElement":[{"@type":"ListItem","position":1,"name":"Home","item":"https:\/\/www.university-in-germany.com\/es\/"},{"@type":"ListItem","position":2,"name":"Solicitud de ingreso","item":"https:\/\/www.university-in-germany.com\/es\/bewerbungsprozess\/"},{"@type":"ListItem","position":3,"name":"Solicitud con certificado alem\u00e1n","item":"https:\/\/www.university-in-germany.com\/es\/bewerbungsprozess\/bewerbung-mit-deutschem-zeugnis\/"},{"@type":"ListItem","position":4,"name":"Cualificaci\u00f3n profesional de m\u00e1ster","item":"https:\/\/www.university-in-germany.com\/es\/bewerbungsprozess\/bewerbung-mit-deutschem-zeugnis\/fachliche-qualifikation-master\/"},{"@type":"ListItem","position":5,"name":"Solicitud en l\u00ednea (M\u00e1ster)"}]},{"@type":"WebSite","@id":"https:\/\/www.university-in-germany.com\/#website","url":"https:\/\/www.university-in-germany.com\/","name":"Hochschule Magdeburg-Stendal\/ Magdeburf-Stendal University of Applied Sciences","description":"","potentialAction":[{"@type":"SearchAction","target":{"@type":"EntryPoint","urlTemplate":"https:\/\/www.university-in-germany.com\/?s={search_term_string}"},"query-input":"required name=search_term_string"}],"inLanguage":"es"}]}},"_links":{"self":[{"href":"https:\/\/www.university-in-germany.com\/es\/wp-json\/wp\/v2\/pages\/4284"}],"collection":[{"href":"https:\/\/www.university-in-germany.com\/es\/wp-json\/wp\/v2\/pages"}],"about":[{"href":"https:\/\/www.university-in-germany.com\/es\/wp-json\/wp\/v2\/types\/page"}],"author":[{"embeddable":true,"href":"https:\/\/www.university-in-germany.com\/es\/wp-json\/wp\/v2\/users\/3"}],"replies":[{"embeddable":true,"href":"https:\/\/www.university-in-germany.com\/es\/wp-json\/wp\/v2\/comments?post=4284"}],"version-history":[{"count":7,"href":"https:\/\/www.university-in-germany.com\/es\/wp-json\/wp\/v2\/pages\/4284\/revisions"}],"predecessor-version":[{"id":5487,"href":"https:\/\/www.university-in-germany.com\/es\/wp-json\/wp\/v2\/pages\/4284\/revisions\/5487"}],"up":[{"embeddable":true,"href":"https:\/\/www.university-in-germany.com\/es\/wp-json\/wp\/v2\/pages\/4280"}],"wp:attachment":[{"href":"https:\/\/www.university-in-germany.com\/es\/wp-json\/wp\/v2\/media?parent=4284"}],"curies":[{"name":"wp","href":"https:\/\/api.w.org\/{rel}","templated":true}]}}