{"id":4204,"date":"2022-03-03T11:02:58","date_gmt":"2022-03-03T10:02:58","guid":{"rendered":"https:\/\/www.university-in-germany.com\/?page_id=4204"},"modified":"2024-11-30T14:09:54","modified_gmt":"2024-11-30T13:09:54","slug":"solicitud-en-linea-uni-assist","status":"publish","type":"page","link":"https:\/\/www.university-in-germany.com\/es\/solicitud-de-ingreso\/solicitud-con-certificado-extranjero\/cualificacion-bachelor\/solicitud-en-linea-uni-assist\/","title":{"rendered":"Solicitud en l\u00ednea a trav\u00e9s de uni-assist (Bachelor)"},"content":{"rendered":"<p>[vc_row][vc_column][vc_column_text el_id=\u00bbbew_title\u00bb el_class=\u00bbbew_text\u00bb]<\/p>\n<h2><strong>Solicitud con certificado extranjero<\/strong><\/h2>\n\t\t\t<!-- Flexy Breadcrumb -->\r\n\t\t\t<div class=\"fbc fbc-page\">\r\n\r\n\t\t\t\t<!-- Breadcrumb wrapper -->\r\n\t\t\t\t<div class=\"fbc-wrap\">\r\n\r\n\t\t\t\t\t<!-- Ordered list-->\r\n\t\t\t\t\t<ol class=\"fbc-items\" itemscope itemtype=\"https:\/\/schema.org\/BreadcrumbList\">\r\n\t\t\t\t\t\t<li class=\"active\" itemprop=\"itemListElement\" itemscope itemtype=\"https:\/\/schema.org\/ListItem\"><span itemprop=\"name\" title=\"Solicitud en l\u00ednea a trav\u00e9s de uni-assist (Bachelor)\">Solicitud en l\u00ednea a...<\/span><meta itemprop=\"position\" content=\"2\" \/><\/li>\t\t\t\t\t<\/ol>\r\n\t\t\t\t\t<div class=\"clearfix\"><\/div>\r\n\t\t\t\t<\/div>\r\n\t\t\t<\/div>\r\n\t\t\t\n<hr \/>\n<p>[\/vc_column_text][\/vc_column][\/vc_row][vc_row][vc_column width=\u00bb2\/3&#8243;][vc_column_text el_class=\u00bbbew_text\u00bb]<\/p>\n<h2>Solicitud en l\u00ednea a trav\u00e9s de uni-assist<\/h2>\n<p>Todos los aspirantes que hayan adquirido sus certificados de estudios en el extranjero deben presentar su solicitud a trav\u00e9s de uni-assist.<\/p>\n<p>Como instituci\u00f3n conjunta de universidades, uni-assist lleva a cabo el examen pericial de todos los requisitos de admisi\u00f3n en su nombre, a cambio de una remuneraci\u00f3n.<\/p>\n<p>uni-assist puede tardar hasta seis semanas en comprobar los documentos de tu solicitud. Por favor, \u00a1presenta la solicitud con suficiente antelaci\u00f3n!<\/p>\n<p>Las solicitudes para el semestre de invierno son posibles a partir de abril. Puedes presentar la solicitud para el semestre de verano a partir de noviembre.<\/p>\n<h3>Procedimiento de solicitud a trav\u00e9s de uni-assist:<\/h3>\n<ol>\n<li>Crea tu cuenta en el portal de uni-assist.<\/li>\n<li>Prepara todos los documentos necesarios para la solicitud.<\/li>\n<li>Introduce \u00abHochschule Magdeburg-Stendal\u00bb en la barra de b\u00fasqueda de uni-assist.<\/li>\n<li>Elige tu programa de estudios.<\/li>\n<li>Paga las tasas.<\/li>\n<li>Sigue los pasos y sube los documentos solicitados.<\/li>\n<li>\u00a1Listo! Env\u00eda tu solicitud.<\/li>\n<\/ol>\n<p>Tras comprobar con \u00e9xito los requisitos b\u00e1sicos de admisi\u00f3n, se nos remitir\u00e1 tu solicitud. A continuaci\u00f3n, la Universidad de Ciencias Aplicadas de Magdeburgo-Stendal decidir\u00e1 sobre la admisi\u00f3n. El procedimiento de admisi\u00f3n y solicitud realizado en la Universidad de Ciencias Aplicadas de Magdeburgo-Stendal es gratuito.[\/vc_column_text][vc_empty_space][\/vc_column][vc_column width=\u00bb1\/3&#8243;][vc_single_image image=\u00bb1568&#8243; img_size=\u00bbfull\u00bb][\/vc_column][\/vc_row][vc_row el_class=\u00bbtext_right\u00bb][vc_column width=\u00bb1\/3&#8243; offset=\u00bbvc_hidden-xs\u00bb][vc_empty_space][vc_single_image image=\u00bb1557&#8243; img_size=\u00bbfull\u00bb][\/vc_column][vc_column width=\u00bb2\/3&#8243; offset=\u00bbvc_hidden-xs\u00bb][vc_empty_space][vc_column_text el_class=\u00bbbew_text\u00bb]<\/p>\n<h3>Documentos de la solicitud<\/h3>\n<ul>\n<li>Certificado de acceso a estudios universitarios y su traducci\u00f3n (incluyendo un resumen de las asignaturas y las calificaciones)<\/li>\n<li>Acreditaci\u00f3n de los conocimientos ling\u00fc\u00edsticos requeridos<\/li>\n<li><em>Curriculum vitae<\/em> (completo, cronol\u00f3gico)<\/li>\n<li>Pasaporte (la copia solo debe contener la p\u00e1gina con la fotograf\u00eda y los datos personales)<\/li>\n<\/ul>\n<p>En caso necesario:<\/p>\n<ul>\n<li>Acreditaci\u00f3n de haber superado la prueba de acceso a la universidad (si has superado una prueba de acceso a la universidad en tu pa\u00eds de origen, por favor, presenta el certificado correspondiente)<\/li>\n<li>Acreditaci\u00f3n de los per\u00edodos de estudio (incluida su traducci\u00f3n)<\/li>\n<\/ul>\n<p><em>La solicitud a trav\u00e9s de uni-assist es una solicitud puramente en l\u00ednea. Por favor, env\u00eda tus documentos (traducidos al alem\u00e1n o al ingl\u00e9s) subi\u00e9ndolos a uni-assist para su verificaci\u00f3n. En cuanto uni-assist haya comprobado tus documentos y la Universidad de Ciencias Aplicadas de Magdeburgo-Stendal te haya ofrecido una plaza, deber\u00e1s presentar tus documentos a la universidad como copia compulsada y traducida (al alem\u00e1n o ingl\u00e9s).<\/em><\/p>\n<p>[\/vc_column_text][vc_empty_space][\/vc_column][\/vc_row][vc_row disable_element=\u00bbyes\u00bb][vc_column width=\u00bb1\/3&#8243;][\/vc_column][vc_column width=\u00bb2\/3&#8243;]<div class=\"gem-button-container gem-button-position-inline bew_button_short\"><a class=\"gem-button gem-button-size-medium gem-button-style-flat gem-button-text-weight-normal\" style=\"border-radius: 0px;\" onmouseleave=\"\" onmouseenter=\"\" href=\"https:\/\/my.uni-assist.de\/login\" target=\"_blank\">\u00a1Presenta la solicitud en abril para el semestre de invierno!<\/a><\/div> [vc_single_image image=\u00bb2391&#8243; el_id=\u00bb&#8211;arrow-white\u00bb][\/vc_column][\/vc_row][vc_row][vc_column width=\u00bb1\/3&#8243;][\/vc_column][vc_column width=\u00bb2\/3&#8243;]<div class=\"gem-button-container gem-button-position-inline bew_button_short\"><a class=\"gem-button gem-button-size-medium gem-button-style-flat gem-button-text-weight-normal\" style=\"border-radius: 0px;\" onmouseleave=\"\" onmouseenter=\"\" href=\"https:\/\/my.uni-assist.de\/login\" target=\"_blank\">\u00a1Presenta ya la solicitud para el semestre de invierno!<\/a><\/div> [vc_single_image image=\u00bb2391&#8243;][\/vc_column][\/vc_row][vc_row el_class=\u00bbtext_right\u00bb][vc_column][vc_empty_space height=\u00bb90px\u00bb][\/vc_column][\/vc_row][vc_row][vc_column width=\u00bb2\/3&#8243;][vc_empty_space][vc_column_text el_class=\u00bbbew_text\u00bb]<\/p>\n<h2>Tras la solicitud<\/h2>\n<h3>Visado<\/h3>\n<ul>\n<li>Los ciudadanos de pa\u00edses de la UE no necesitan un visado para estudiar en Alemania<\/li>\n<li>Los ciudadanos de pa\u00edses no pertenecientes a la UE pueden encontrar las normas vigentes en materia de visados en el sitio web del Ministerio alem\u00e1n de Asuntos Exteriores <em>(Ausw\u00e4rtiges Amt)<\/em><\/li>\n<\/ul>\n<p>Por regla general, se requiere una <em>carta de admisi\u00f3n<\/em> para la cita de solicitud de visado. No obstante, en algunos casos, la embajada alemana exige un <em>certificado de matriculaci\u00f3n<\/em>. La universidad estar\u00e1 encantada de expedirte un <em>certificado de matriculaci\u00f3n<\/em> provisional para tu solicitud de visado. En algunos pa\u00edses puede llevar mucho tiempo conseguir una cita en la embajada alemana. Por eso, te recomendamos que pidas cita para el visado lo antes posible.<\/p>\n<p>Al solicitar un visado para el primer a\u00f1o de sus estudios en Alemania, los estudiantes que no tengan la ciudadan\u00eda europea deben demostrar que su financiaci\u00f3n est\u00e1 garantizada (actualmente, 992 euros al mes).<\/p>\n<p>&nbsp;<\/p>\n<h3>Admisi\u00f3n a los estudios<\/h3>\n<p>Las solicitudes para <strong>programas de estudios sin admisi\u00f3n restringida<\/strong> se tramitan de forma continua. Recibir\u00e1s autom\u00e1ticamente la <em>carta de admisi\u00f3n<\/em> en el portal del campus en l\u00ednea de la universidad en cuanto solicites all\u00ed la matriculaci\u00f3n.<\/p>\n<p>En el caso de los <strong>programas de estudios con admisi\u00f3n restringida<\/strong> que comienzan en el semestre de invierno, se te informar\u00e1 de los resultados del procedimiento de admisi\u00f3n a trav\u00e9s del portal del campus en l\u00ednea de la universidad a partir de principios de agosto.<\/p>\n<p>En el caso de los <strong>programas estudios con prueba de aptitud<\/strong>, se informar\u00e1 a los aspirantes del resultado en el portal del campus en l\u00ednea de la universidad despu\u00e9s de que el departamento especializado haya evaluado la prueba.<\/p>\n<p>&nbsp;<\/p>\n<h3>Matriculaci\u00f3n<\/h3>\n<div id=\"tk_container_1950428163\" class=\"tk_container\">\n<div id=\"tk_children_1950428163\" class=\"tk_children\">\n<div id=\"tk_container_1950428164\" class=\"tk_container\">\n<div id=\"tk_children_1950428164\" class=\"tk_children single_child\">\n<div id=\"tk_container_1950856282\" class=\"tk_container\">\n<div class=\"tk_open_container\">\n<div id=\"1950856282\" class=\"tk_label node\">\n<div class=\"h-iblock va-middle\">\n<div class=\"tk_title\" dir=\"auto\" title=\"Ge\u00e4ndert von Anonymous am 12. August 2021 11:05\">\n<p>En cuanto recibas una <em>carta de admisi\u00f3n<\/em>, por favor, responde a la aceptaci\u00f3n de tu plaza de estudios:<\/p>\n<ol>\n<li>Presenta la <em>solicitud de matriculaci\u00f3n<\/em> en papel (por correo o en persona).<\/li>\n<li>Presenta en su caso los documentos compulsados y traducidos oficialmente que te falten (por correo o en persona).<\/li>\n<li>Transfiere la cuota del semestre.<\/li>\n<\/ol>\n<p><strong>Solo entonces habr\u00e1s completado la matriculaci\u00f3n.<\/strong><\/p>\n<p>A continuaci\u00f3n, se te enviar\u00e1 el <em>certificado de matriculaci\u00f3n<\/em> por correo postal (dentro de Alemania) o por correo electr\u00f3nico (fuera de Alemania).<\/p>\n<\/div>\n<\/div>\n<\/div>\n<\/div>\n<\/div>\n<\/div>\n<\/div>\n<\/div>\n<\/div>\n<p>[\/vc_column_text][vc_empty_space][\/vc_column][vc_column width=\u00bb1\/3&#8243;][vc_single_image image=\u00bb1572&#8243; img_size=\u00bbfull\u00bb][\/vc_column][\/vc_row][vc_row el_class=\u00bbtext_right\u00bb][vc_column][vc_empty_space height=\u00bb90px\u00bb][\/vc_column][\/vc_row][vc_row el_class=\u00bbtext_right\u00bb][vc_column width=\u00bb1\/3&#8243; offset=\u00bbvc_hidden-xs\u00bb][vc_single_image image=\u00bb1580&#8243; img_size=\u00bbfull\u00bb][\/vc_column][vc_column width=\u00bb2\/3&#8243; offset=\u00bbvc_hidden-xs\u00bb][vc_column_text el_class=\u00bbbew_text\u00bb]<\/p>\n<h2><strong>Fechas y plazos<\/strong><\/h2>\n<table>\n<tbody>\n<tr>\n<th><\/th>\n<th><strong>Semestre de invierno<\/strong><\/th>\n<th><strong>Semestre de verano<\/strong><\/th>\n<\/tr>\n<tr>\n<td><strong>Inicio del semestre<\/strong><\/td>\n<td>1 de octubre<\/td>\n<td>1 de abril<\/td>\n<\/tr>\n<tr>\n<td><strong>Plazos de solicitud de ingreso<\/strong><\/td>\n<td><\/td>\n<td><\/td>\n<\/tr>\n<tr>\n<td>Programas de estudio <strong>sin admisi\u00f3n restringida<\/strong><\/td>\n<td>15 de agosto<\/td>\n<td>15 de febrero<\/td>\n<\/tr>\n<tr>\n<td>Programas de estudio <strong>con admisi\u00f3n restringida<\/strong><\/td>\n<td>31 de mayo<\/td>\n<td><\/td>\n<\/tr>\n<tr>\n<td>Programas de estudio <strong>con prueba de aptitud<\/strong><\/td>\n<td>31 de mayo<\/td>\n<td>30 de noviembre<\/td>\n<\/tr>\n<tr>\n<td>Programa <em>Sustainable Resources, Engineering and Mangement (StREaM)<br \/>\n<\/em><\/td>\n<td><\/td>\n<td>30 de noviembre<\/td>\n<\/tr>\n<\/tbody>\n<\/table>\n<p>[\/vc_column_text][vc_empty_space height=\u00bb40px\u00bb][\/vc_column][\/vc_row][vc_row disable_element=\u00bbyes\u00bb][vc_column width=\u00bb1\/3&#8243;][\/vc_column][vc_column width=\u00bb2\/3&#8243;]<div class=\"gem-button-container gem-button-position-inline bew_button_short\"><a class=\"gem-button gem-button-size-medium gem-button-style-flat gem-button-text-weight-normal\" style=\"border-radius: 0px;\" onmouseleave=\"\" onmouseenter=\"\" href=\"https:\/\/my.uni-assist.de\/login\" target=\"_blank\">\u00a1Presenta la solicitud en abril para el semestre de invierno!<\/a><\/div> [vc_single_image image=\u00bb2391&#8243;][\/vc_column][\/vc_row][vc_row][vc_column width=\u00bb1\/3&#8243;][\/vc_column][vc_column width=\u00bb2\/3&#8243;]<div class=\"gem-button-container gem-button-position-inline bew_button_short\"><a class=\"gem-button gem-button-size-medium gem-button-style-flat gem-button-text-weight-normal\" style=\"border-radius: 0px;\" onmouseleave=\"\" onmouseenter=\"\" href=\"https:\/\/my.uni-assist.de\/login\" target=\"_blank\">\u00a1Presenta ya la solicitud para el semestre de invierno!<\/a><\/div> [vc_single_image image=\u00bb2391&#8243;][\/vc_column][\/vc_row][vc_row][vc_column][vc_empty_space][\/vc_column][\/vc_row]<\/p>\n","protected":false},"excerpt":{"rendered":"<p>[vc_row][vc_column][vc_column_text el_id=\u00bbbew_title\u00bb el_class=\u00bbbew_text\u00bb] Solicitud con certificado extranjero [\/vc_column_text][\/vc_column][\/vc_row][vc_row][vc_column width=\u00bb2\/3&#8243;][vc_column_text el_class=\u00bbbew_text\u00bb] Solicitud en l\u00ednea a trav\u00e9s de uni-assist Todos los aspirantes&#8230;<\/p>\n","protected":false},"author":3,"featured_media":0,"parent":4195,"menu_order":1,"comment_status":"closed","ping_status":"closed","template":"","meta":[],"yoast_head":"<!-- This site is optimized with the Yoast SEO plugin v20.6 - https:\/\/yoast.com\/wordpress\/plugins\/seo\/ -->\n<title>Solicitud en l\u00ednea a trav\u00e9s de uni-assist (Bachelor) - Hochschulbildung in Deutschland<\/title>\n<meta name=\"robots\" content=\"index, follow, max-snippet:-1, max-image-preview:large, max-video-preview:-1\" \/>\n<link rel=\"canonical\" href=\"https:\/\/www.university-in-germany.com\/es\/solicitud-de-ingreso\/solicitud-con-certificado-extranjero\/cualificacion-bachelor\/solicitud-en-linea-uni-assist\/\" \/>\n<meta property=\"og:locale\" content=\"es_ES\" \/>\n<meta property=\"og:type\" content=\"article\" \/>\n<meta property=\"og:title\" content=\"Solicitud en l\u00ednea a trav\u00e9s de uni-assist (Bachelor) - Hochschulbildung in Deutschland\" \/>\n<meta property=\"og:description\" content=\"[vc_row][vc_column][vc_column_text el_id=\u00bbbew_title\u00bb el_class=\u00bbbew_text\u00bb] Solicitud con certificado extranjero [\/vc_column_text][\/vc_column][\/vc_row][vc_row][vc_column width=\u00bb2\/3&#8243;][vc_column_text el_class=\u00bbbew_text\u00bb] Solicitud en l\u00ednea a trav\u00e9s de uni-assist Todos los aspirantes...\" \/>\n<meta property=\"og:url\" content=\"https:\/\/www.university-in-germany.com\/es\/solicitud-de-ingreso\/solicitud-con-certificado-extranjero\/cualificacion-bachelor\/solicitud-en-linea-uni-assist\/\" \/>\n<meta property=\"og:site_name\" content=\"Hochschulbildung in Deutschland\" \/>\n<meta property=\"article:publisher\" content=\"https:\/\/de-de.facebook.com\/hsmagdeburg\/\" \/>\n<meta property=\"article:modified_time\" content=\"2024-11-30T13:09:54+00:00\" \/>\n<meta name=\"twitter:card\" content=\"summary_large_image\" \/>\n<meta name=\"twitter:label1\" content=\"Tiempo de lectura\" \/>\n\t<meta name=\"twitter:data1\" content=\"6 minutos\" \/>\n<script type=\"application\/ld+json\" class=\"yoast-schema-graph\">{\"@context\":\"https:\/\/schema.org\",\"@graph\":[{\"@type\":\"WebPage\",\"@id\":\"https:\/\/www.university-in-germany.com\/es\/solicitud-de-ingreso\/solicitud-con-certificado-extranjero\/cualificacion-bachelor\/solicitud-en-linea-uni-assist\/\",\"url\":\"https:\/\/www.university-in-germany.com\/es\/solicitud-de-ingreso\/solicitud-con-certificado-extranjero\/cualificacion-bachelor\/solicitud-en-linea-uni-assist\/\",\"name\":\"Solicitud en l\u00ednea a trav\u00e9s de uni-assist (Bachelor) - Hochschulbildung in Deutschland\",\"isPartOf\":{\"@id\":\"https:\/\/www.university-in-germany.com\/#website\"},\"datePublished\":\"2022-03-03T10:02:58+00:00\",\"dateModified\":\"2024-11-30T13:09:54+00:00\",\"breadcrumb\":{\"@id\":\"https:\/\/www.university-in-germany.com\/es\/solicitud-de-ingreso\/solicitud-con-certificado-extranjero\/cualificacion-bachelor\/solicitud-en-linea-uni-assist\/#breadcrumb\"},\"inLanguage\":\"es\",\"potentialAction\":[{\"@type\":\"ReadAction\",\"target\":[\"https:\/\/www.university-in-germany.com\/es\/solicitud-de-ingreso\/solicitud-con-certificado-extranjero\/cualificacion-bachelor\/solicitud-en-linea-uni-assist\/\"]}]},{\"@type\":\"BreadcrumbList\",\"@id\":\"https:\/\/www.university-in-germany.com\/es\/solicitud-de-ingreso\/solicitud-con-certificado-extranjero\/cualificacion-bachelor\/solicitud-en-linea-uni-assist\/#breadcrumb\",\"itemListElement\":[{\"@type\":\"ListItem\",\"position\":1,\"name\":\"Home\",\"item\":\"https:\/\/www.university-in-germany.com\/es\/\"},{\"@type\":\"ListItem\",\"position\":2,\"name\":\"Solicitud de ingreso\",\"item\":\"https:\/\/www.university-in-germany.com\/es\/bewerbungsprozess\/\"},{\"@type\":\"ListItem\",\"position\":3,\"name\":\"Solicitud con certificado extranjero\",\"item\":\"https:\/\/www.university-in-germany.com\/es\/solicitud-de-ingreso\/solicitud-con-certificado-extranjero\/\"},{\"@type\":\"ListItem\",\"position\":4,\"name\":\"Cualificaci\u00f3n profesional de grado (Bachelor)\",\"item\":\"https:\/\/www.university-in-germany.com\/es\/solicitud-de-ingreso\/solicitud-con-certificado-extranjero\/cualificacion-bachelor\/\"},{\"@type\":\"ListItem\",\"position\":5,\"name\":\"Solicitud en l\u00ednea a trav\u00e9s de uni-assist (Bachelor)\"}]},{\"@type\":\"WebSite\",\"@id\":\"https:\/\/www.university-in-germany.com\/#website\",\"url\":\"https:\/\/www.university-in-germany.com\/\",\"name\":\"Hochschule Magdeburg-Stendal\/ Magdeburf-Stendal University of Applied Sciences\",\"description\":\"\",\"potentialAction\":[{\"@type\":\"SearchAction\",\"target\":{\"@type\":\"EntryPoint\",\"urlTemplate\":\"https:\/\/www.university-in-germany.com\/?s={search_term_string}\"},\"query-input\":\"required name=search_term_string\"}],\"inLanguage\":\"es\"}]}<\/script>\n<!-- \/ Yoast SEO plugin. -->","yoast_head_json":{"title":"Solicitud en l\u00ednea a trav\u00e9s de uni-assist (Bachelor) - Hochschulbildung in Deutschland","robots":{"index":"index","follow":"follow","max-snippet":"max-snippet:-1","max-image-preview":"max-image-preview:large","max-video-preview":"max-video-preview:-1"},"canonical":"https:\/\/www.university-in-germany.com\/es\/solicitud-de-ingreso\/solicitud-con-certificado-extranjero\/cualificacion-bachelor\/solicitud-en-linea-uni-assist\/","og_locale":"es_ES","og_type":"article","og_title":"Solicitud en l\u00ednea a trav\u00e9s de uni-assist (Bachelor) - Hochschulbildung in Deutschland","og_description":"[vc_row][vc_column][vc_column_text el_id=\u00bbbew_title\u00bb el_class=\u00bbbew_text\u00bb] Solicitud con certificado extranjero [\/vc_column_text][\/vc_column][\/vc_row][vc_row][vc_column width=\u00bb2\/3&#8243;][vc_column_text el_class=\u00bbbew_text\u00bb] Solicitud en l\u00ednea a trav\u00e9s de uni-assist Todos los aspirantes...","og_url":"https:\/\/www.university-in-germany.com\/es\/solicitud-de-ingreso\/solicitud-con-certificado-extranjero\/cualificacion-bachelor\/solicitud-en-linea-uni-assist\/","og_site_name":"Hochschulbildung in Deutschland","article_publisher":"https:\/\/de-de.facebook.com\/hsmagdeburg\/","article_modified_time":"2024-11-30T13:09:54+00:00","twitter_card":"summary_large_image","twitter_misc":{"Tiempo de lectura":"6 minutos"},"schema":{"@context":"https:\/\/schema.org","@graph":[{"@type":"WebPage","@id":"https:\/\/www.university-in-germany.com\/es\/solicitud-de-ingreso\/solicitud-con-certificado-extranjero\/cualificacion-bachelor\/solicitud-en-linea-uni-assist\/","url":"https:\/\/www.university-in-germany.com\/es\/solicitud-de-ingreso\/solicitud-con-certificado-extranjero\/cualificacion-bachelor\/solicitud-en-linea-uni-assist\/","name":"Solicitud en l\u00ednea a trav\u00e9s de uni-assist (Bachelor) - Hochschulbildung in Deutschland","isPartOf":{"@id":"https:\/\/www.university-in-germany.com\/#website"},"datePublished":"2022-03-03T10:02:58+00:00","dateModified":"2024-11-30T13:09:54+00:00","breadcrumb":{"@id":"https:\/\/www.university-in-germany.com\/es\/solicitud-de-ingreso\/solicitud-con-certificado-extranjero\/cualificacion-bachelor\/solicitud-en-linea-uni-assist\/#breadcrumb"},"inLanguage":"es","potentialAction":[{"@type":"ReadAction","target":["https:\/\/www.university-in-germany.com\/es\/solicitud-de-ingreso\/solicitud-con-certificado-extranjero\/cualificacion-bachelor\/solicitud-en-linea-uni-assist\/"]}]},{"@type":"BreadcrumbList","@id":"https:\/\/www.university-in-germany.com\/es\/solicitud-de-ingreso\/solicitud-con-certificado-extranjero\/cualificacion-bachelor\/solicitud-en-linea-uni-assist\/#breadcrumb","itemListElement":[{"@type":"ListItem","position":1,"name":"Home","item":"https:\/\/www.university-in-germany.com\/es\/"},{"@type":"ListItem","position":2,"name":"Solicitud de ingreso","item":"https:\/\/www.university-in-germany.com\/es\/bewerbungsprozess\/"},{"@type":"ListItem","position":3,"name":"Solicitud con certificado extranjero","item":"https:\/\/www.university-in-germany.com\/es\/solicitud-de-ingreso\/solicitud-con-certificado-extranjero\/"},{"@type":"ListItem","position":4,"name":"Cualificaci\u00f3n profesional de grado (Bachelor)","item":"https:\/\/www.university-in-germany.com\/es\/solicitud-de-ingreso\/solicitud-con-certificado-extranjero\/cualificacion-bachelor\/"},{"@type":"ListItem","position":5,"name":"Solicitud en l\u00ednea a trav\u00e9s de uni-assist (Bachelor)"}]},{"@type":"WebSite","@id":"https:\/\/www.university-in-germany.com\/#website","url":"https:\/\/www.university-in-germany.com\/","name":"Hochschule Magdeburg-Stendal\/ Magdeburf-Stendal University of Applied Sciences","description":"","potentialAction":[{"@type":"SearchAction","target":{"@type":"EntryPoint","urlTemplate":"https:\/\/www.university-in-germany.com\/?s={search_term_string}"},"query-input":"required name=search_term_string"}],"inLanguage":"es"}]}},"_links":{"self":[{"href":"https:\/\/www.university-in-germany.com\/es\/wp-json\/wp\/v2\/pages\/4204"}],"collection":[{"href":"https:\/\/www.university-in-germany.com\/es\/wp-json\/wp\/v2\/pages"}],"about":[{"href":"https:\/\/www.university-in-germany.com\/es\/wp-json\/wp\/v2\/types\/page"}],"author":[{"embeddable":true,"href":"https:\/\/www.university-in-germany.com\/es\/wp-json\/wp\/v2\/users\/3"}],"replies":[{"embeddable":true,"href":"https:\/\/www.university-in-germany.com\/es\/wp-json\/wp\/v2\/comments?post=4204"}],"version-history":[{"count":14,"href":"https:\/\/www.university-in-germany.com\/es\/wp-json\/wp\/v2\/pages\/4204\/revisions"}],"predecessor-version":[{"id":5475,"href":"https:\/\/www.university-in-germany.com\/es\/wp-json\/wp\/v2\/pages\/4204\/revisions\/5475"}],"up":[{"embeddable":true,"href":"https:\/\/www.university-in-germany.com\/es\/wp-json\/wp\/v2\/pages\/4195"}],"wp:attachment":[{"href":"https:\/\/www.university-in-germany.com\/es\/wp-json\/wp\/v2\/media?parent=4204"}],"curies":[{"name":"wp","href":"https:\/\/api.w.org\/{rel}","templated":true}]}}