{"id":4195,"date":"2022-03-03T10:26:21","date_gmt":"2022-03-03T09:26:21","guid":{"rendered":"https:\/\/www.university-in-germany.com\/?page_id=4195"},"modified":"2022-03-31T09:44:51","modified_gmt":"2022-03-31T07:44:51","slug":"cualificacion-bachelor","status":"publish","type":"page","link":"https:\/\/www.university-in-germany.com\/es\/solicitud-de-ingreso\/solicitud-con-certificado-extranjero\/cualificacion-bachelor\/","title":{"rendered":"Cualificaci\u00f3n profesional de grado (Bachelor)"},"content":{"rendered":"<p>[vc_row][vc_column][vc_column_text el_id=\u00bbbew_title\u00bb el_class=\u00bbbew_text\u00bb]<\/p>\n<h2><strong>Solicitud con certificado extranjero<\/strong><\/h2>\n\t\t\t<!-- Flexy Breadcrumb -->\r\n\t\t\t<div class=\"fbc fbc-page\">\r\n\r\n\t\t\t\t<!-- Breadcrumb wrapper -->\r\n\t\t\t\t<div class=\"fbc-wrap\">\r\n\r\n\t\t\t\t\t<!-- Ordered list-->\r\n\t\t\t\t\t<ol class=\"fbc-items\" itemscope itemtype=\"https:\/\/schema.org\/BreadcrumbList\">\r\n\t\t\t\t\t\t<li class=\"active\" itemprop=\"itemListElement\" itemscope itemtype=\"https:\/\/schema.org\/ListItem\"><span itemprop=\"name\" title=\"Cualificaci\u00f3n profesional de grado (Bachelor)\">Cualificaci\u00f3n profesional de grado...<\/span><meta itemprop=\"position\" content=\"2\" \/><\/li>\t\t\t\t\t<\/ol>\r\n\t\t\t\t\t<div class=\"clearfix\"><\/div>\r\n\t\t\t\t<\/div>\r\n\t\t\t<\/div>\r\n\t\t\t\n<hr \/>\n<p>[\/vc_column_text][\/vc_column][\/vc_row][vc_row][vc_column width=\u00bb2\/3&#8243;][vc_column_text el_class=\u00bbbew_text\u00bb css=\u00bb.vc_custom_1646299049848{margin-bottom: 40px !important;}\u00bb]<\/p>\n<h2>Cualificaci\u00f3n profesional de grado (Bachelor)<\/h2>\n<h3>Certificado de acceso a estudios universitarios<\/h3>\n<p>Para la admisi\u00f3n a un programa de estudios, hay que acreditar un certificado de acceso a estudios universitarios obtenido en Alemania.<\/p>\n<p>Para comprobar si tu certificado de acceso a estudios universitarios est\u00e1 reconocido en Alemania, puedes utilizar la <a href=\"https:\/\/www.daad.de\/en\/study-and-research-in-germany\/plan-your-studies\/admission-database\/\">base de datos de admisi\u00f3n del DAAD<\/a>. All\u00ed puedes averiguar si tu t\u00edtulo es suficiente para estudiar en Alemania.<\/p>\n<p>[\/vc_column_text][vc_column_text el_class=\u00bbbew_text\u00bb]<\/p>\n<h3>Admisi\u00f3n restringida y plazos<\/h3>\n<p>\/\/ En los <strong>programas de estudios sin admisi\u00f3n restringida<\/strong>, no est\u00e1 limitado el n\u00famero de plazas para los estudiantes de primer a\u00f1o. Se admitir\u00e1 al programa de estudios a todo aspirante que cumpla con los requisitos de admisi\u00f3n y haga la solicitud a tiempo y en debida forma.<\/p>\n<p>Solicitud para el semestre de invierno: hasta el 15 de agosto<\/p>\n<p>\/\/ En los <strong>programas de estudios con admisi\u00f3n restringida<\/strong>, se lleva a cabo un procedimiento de selecci\u00f3n.<\/p>\n<p>Solicitud para el semestre de invierno: hasta el 31 de mayo<\/p>\n<p>\/\/ Hay m\u00e1s requisitos de admisi\u00f3n en ciertos programas de estudios:<\/p>\n<ul>\n<li>superar una prueba de aptitud,<\/li>\n<li>ciertos conocimientos ling\u00fc\u00edsticos, o<\/li>\n<li>un contrato con una empresa de pr\u00e1cticas (programa de estudios dual).<\/li>\n<\/ul>\n<p>\/\/ A los <strong>programas de estudios con prueba de aptitud<\/strong> se aplican plazos de solicitud especiales.<\/p>\n<p>Solicitud para el semestre de invierno: hasta el 31 de mayo<\/p>\n<p>Solicitud para el semestre de verano: hasta el 30 de noviembre[\/vc_column_text][vc_empty_space][\/vc_column][vc_column width=\u00bb1\/3&#8243;][vc_single_image image=\u00bb1576&#8243; img_size=\u00bbfull\u00bb][\/vc_column][\/vc_row][vc_row][vc_column width=\u00bb1\/2&#8243;]<div class=\"gem-button-container gem-button-position-inline bew_button\"><a title=\"Solicitud en l\u00ednea a trav\u00e9s de uni-assist (Bachelor)\" class=\"gem-button gem-button-size-medium gem-button-style-flat gem-button-text-weight-normal\" style=\"border-radius: 0px;\" onmouseleave=\"\" onmouseenter=\"\" href=\"https:\/\/www.university-in-germany.com\/es\/solicitud-de-ingreso\/solicitud-con-certificado-extranjero\/cualificacion-bachelor\/solicitud-en-linea-uni-assist\/\" target=\"_self\">Ir a la solicitud en l\u00ednea<\/a><\/div> [vc_single_image image=\u00bb2391&#8243; el_id=\u00bb&#8211;arrow-white\u00bb][\/vc_column][vc_column width=\u00bb1\/2&#8243;][\/vc_column][\/vc_row][vc_row][vc_column][vc_empty_space height=\u00bb60&#8243;][\/vc_column][\/vc_row][vc_row][vc_column][vc_column_text el_class=\u00bbbew_text\u00bb css=\u00bb.vc_custom_1648712688502{margin-bottom: 60px !important;}\u00bb]<\/p>\n<h3>\u00bfNo tienes acreditaciones suficientes? \u00a1Habla con tu Studienkolleg!<\/h3>\n<p>Si ves que tus acreditaciones no son suficientes para acceder a una carrera, por favor, ponte en contacto con tu Studienkolleg. La Universidad de Ciencias Aplicadas de Magdeburgo-Stendal no tiene un Studienkolleg propio.<\/p>\n<p><strong>Studienkollegs en Magdeburgo y los alrededores<\/strong><\/p>\n<ul>\n<li>El Studienkolleg competente estatal en Sajonia-Anhalt se encuentra en la <a href=\"https:\/\/www.hs-anhalt.de\/international\/vorbereitende-programme-fuer-ein-studium\/studienkolleg\/startseite.html\" target=\"_blank\" rel=\"noopener\">Universidad de Anhalt, campus de K\u00f6then<\/a>.<\/li>\n<li>Adem\u00e1s, tambi\u00e9n est\u00e1 el <a href=\"http:\/\/www.studienkolleg-ebg.de\/\" target=\"_blank\" rel=\"noopener\">Europ\u00e4isches Studienkolleg der Wirtschaft (Studienkolleg Europeo de Econom\u00eda, ESKW)<\/a>, una instituci\u00f3n privada en Magdeburgo que prepara espec\u00edficamente para una carrera a los estudiantes extranjeros interesados.<\/li>\n<\/ul>\n<p><strong>Studienkollegs en Alemania <\/strong> &gt; <a href=\"https:\/\/www.studienkollegs.de\/\" target=\"_blank\" rel=\"noopener\">Vista general<\/a>[\/vc_column_text][vc_empty_space][\/vc_column][\/vc_row]<\/p>\n","protected":false},"excerpt":{"rendered":"<p>[vc_row][vc_column][vc_column_text el_id=\u00bbbew_title\u00bb el_class=\u00bbbew_text\u00bb] Solicitud con certificado extranjero [\/vc_column_text][\/vc_column][\/vc_row][vc_row][vc_column width=\u00bb2\/3&#8243;][vc_column_text el_class=\u00bbbew_text\u00bb css=\u00bb.vc_custom_1646299049848{margin-bottom: 40px !important;}\u00bb] Cualificaci\u00f3n profesional de grado (Bachelor) Certificado de&#8230;<\/p>\n","protected":false},"author":3,"featured_media":0,"parent":4189,"menu_order":0,"comment_status":"closed","ping_status":"closed","template":"","meta":[],"yoast_head":"<!-- This site is optimized with the Yoast SEO plugin v20.6 - https:\/\/yoast.com\/wordpress\/plugins\/seo\/ -->\n<title>Cualificaci\u00f3n profesional de grado (Bachelor) - Magdeburg-Stendal University of Applied Sciences<\/title>\n<meta name=\"robots\" content=\"index, follow, max-snippet:-1, max-image-preview:large, max-video-preview:-1\" \/>\n<link rel=\"canonical\" href=\"https:\/\/www.university-in-germany.com\/es\/solicitud-de-ingreso\/solicitud-con-certificado-extranjero\/cualificacion-bachelor\/\" \/>\n<meta property=\"og:locale\" content=\"es_ES\" \/>\n<meta property=\"og:type\" content=\"article\" \/>\n<meta property=\"og:title\" content=\"Cualificaci\u00f3n profesional de grado (Bachelor) - Magdeburg-Stendal University of Applied Sciences\" \/>\n<meta property=\"og:description\" content=\"[vc_row][vc_column][vc_column_text el_id=\u00bbbew_title\u00bb el_class=\u00bbbew_text\u00bb] Solicitud con certificado extranjero [\/vc_column_text][\/vc_column][\/vc_row][vc_row][vc_column width=\u00bb2\/3&#8243;][vc_column_text el_class=\u00bbbew_text\u00bb css=\u00bb.vc_custom_1646299049848{margin-bottom: 40px !important;}\u00bb] Cualificaci\u00f3n profesional de grado (Bachelor) Certificado de...\" \/>\n<meta property=\"og:url\" content=\"https:\/\/www.university-in-germany.com\/es\/solicitud-de-ingreso\/solicitud-con-certificado-extranjero\/cualificacion-bachelor\/\" \/>\n<meta property=\"og:site_name\" content=\"Hochschulbildung in Deutschland\" \/>\n<meta property=\"article:publisher\" content=\"https:\/\/de-de.facebook.com\/hsmagdeburg\/\" \/>\n<meta property=\"article:modified_time\" content=\"2022-03-31T07:44:51+00:00\" \/>\n<meta name=\"twitter:card\" content=\"summary_large_image\" \/>\n<meta name=\"twitter:label1\" content=\"Tiempo de lectura\" \/>\n\t<meta name=\"twitter:data1\" content=\"2 minutos\" \/>\n<script type=\"application\/ld+json\" class=\"yoast-schema-graph\">{\"@context\":\"https:\/\/schema.org\",\"@graph\":[{\"@type\":\"WebPage\",\"@id\":\"https:\/\/www.university-in-germany.com\/es\/solicitud-de-ingreso\/solicitud-con-certificado-extranjero\/cualificacion-bachelor\/\",\"url\":\"https:\/\/www.university-in-germany.com\/es\/solicitud-de-ingreso\/solicitud-con-certificado-extranjero\/cualificacion-bachelor\/\",\"name\":\"Cualificaci\u00f3n profesional de grado (Bachelor) - Magdeburg-Stendal University of Applied Sciences\",\"isPartOf\":{\"@id\":\"https:\/\/www.university-in-germany.com\/#website\"},\"datePublished\":\"2022-03-03T09:26:21+00:00\",\"dateModified\":\"2022-03-31T07:44:51+00:00\",\"breadcrumb\":{\"@id\":\"https:\/\/www.university-in-germany.com\/es\/solicitud-de-ingreso\/solicitud-con-certificado-extranjero\/cualificacion-bachelor\/#breadcrumb\"},\"inLanguage\":\"es\",\"potentialAction\":[{\"@type\":\"ReadAction\",\"target\":[\"https:\/\/www.university-in-germany.com\/es\/solicitud-de-ingreso\/solicitud-con-certificado-extranjero\/cualificacion-bachelor\/\"]}]},{\"@type\":\"BreadcrumbList\",\"@id\":\"https:\/\/www.university-in-germany.com\/es\/solicitud-de-ingreso\/solicitud-con-certificado-extranjero\/cualificacion-bachelor\/#breadcrumb\",\"itemListElement\":[{\"@type\":\"ListItem\",\"position\":1,\"name\":\"Home\",\"item\":\"https:\/\/www.university-in-germany.com\/es\/\"},{\"@type\":\"ListItem\",\"position\":2,\"name\":\"Solicitud de ingreso\",\"item\":\"https:\/\/www.university-in-germany.com\/es\/bewerbungsprozess\/\"},{\"@type\":\"ListItem\",\"position\":3,\"name\":\"Solicitud con certificado extranjero\",\"item\":\"https:\/\/www.university-in-germany.com\/es\/solicitud-de-ingreso\/solicitud-con-certificado-extranjero\/\"},{\"@type\":\"ListItem\",\"position\":4,\"name\":\"Cualificaci\u00f3n profesional de grado (Bachelor)\"}]},{\"@type\":\"WebSite\",\"@id\":\"https:\/\/www.university-in-germany.com\/#website\",\"url\":\"https:\/\/www.university-in-germany.com\/\",\"name\":\"Hochschule Magdeburg-Stendal\/ Magdeburf-Stendal University of Applied Sciences\",\"description\":\"\",\"potentialAction\":[{\"@type\":\"SearchAction\",\"target\":{\"@type\":\"EntryPoint\",\"urlTemplate\":\"https:\/\/www.university-in-germany.com\/?s={search_term_string}\"},\"query-input\":\"required name=search_term_string\"}],\"inLanguage\":\"es\"}]}<\/script>\n<!-- \/ Yoast SEO plugin. -->","yoast_head_json":{"title":"Cualificaci\u00f3n profesional de grado (Bachelor) - Magdeburg-Stendal University of Applied Sciences","robots":{"index":"index","follow":"follow","max-snippet":"max-snippet:-1","max-image-preview":"max-image-preview:large","max-video-preview":"max-video-preview:-1"},"canonical":"https:\/\/www.university-in-germany.com\/es\/solicitud-de-ingreso\/solicitud-con-certificado-extranjero\/cualificacion-bachelor\/","og_locale":"es_ES","og_type":"article","og_title":"Cualificaci\u00f3n profesional de grado (Bachelor) - Magdeburg-Stendal University of Applied Sciences","og_description":"[vc_row][vc_column][vc_column_text el_id=\u00bbbew_title\u00bb el_class=\u00bbbew_text\u00bb] Solicitud con certificado extranjero [\/vc_column_text][\/vc_column][\/vc_row][vc_row][vc_column width=\u00bb2\/3&#8243;][vc_column_text el_class=\u00bbbew_text\u00bb css=\u00bb.vc_custom_1646299049848{margin-bottom: 40px !important;}\u00bb] Cualificaci\u00f3n profesional de grado (Bachelor) Certificado de...","og_url":"https:\/\/www.university-in-germany.com\/es\/solicitud-de-ingreso\/solicitud-con-certificado-extranjero\/cualificacion-bachelor\/","og_site_name":"Hochschulbildung in Deutschland","article_publisher":"https:\/\/de-de.facebook.com\/hsmagdeburg\/","article_modified_time":"2022-03-31T07:44:51+00:00","twitter_card":"summary_large_image","twitter_misc":{"Tiempo de lectura":"2 minutos"},"schema":{"@context":"https:\/\/schema.org","@graph":[{"@type":"WebPage","@id":"https:\/\/www.university-in-germany.com\/es\/solicitud-de-ingreso\/solicitud-con-certificado-extranjero\/cualificacion-bachelor\/","url":"https:\/\/www.university-in-germany.com\/es\/solicitud-de-ingreso\/solicitud-con-certificado-extranjero\/cualificacion-bachelor\/","name":"Cualificaci\u00f3n profesional de grado (Bachelor) - Magdeburg-Stendal University of Applied Sciences","isPartOf":{"@id":"https:\/\/www.university-in-germany.com\/#website"},"datePublished":"2022-03-03T09:26:21+00:00","dateModified":"2022-03-31T07:44:51+00:00","breadcrumb":{"@id":"https:\/\/www.university-in-germany.com\/es\/solicitud-de-ingreso\/solicitud-con-certificado-extranjero\/cualificacion-bachelor\/#breadcrumb"},"inLanguage":"es","potentialAction":[{"@type":"ReadAction","target":["https:\/\/www.university-in-germany.com\/es\/solicitud-de-ingreso\/solicitud-con-certificado-extranjero\/cualificacion-bachelor\/"]}]},{"@type":"BreadcrumbList","@id":"https:\/\/www.university-in-germany.com\/es\/solicitud-de-ingreso\/solicitud-con-certificado-extranjero\/cualificacion-bachelor\/#breadcrumb","itemListElement":[{"@type":"ListItem","position":1,"name":"Home","item":"https:\/\/www.university-in-germany.com\/es\/"},{"@type":"ListItem","position":2,"name":"Solicitud de ingreso","item":"https:\/\/www.university-in-germany.com\/es\/bewerbungsprozess\/"},{"@type":"ListItem","position":3,"name":"Solicitud con certificado extranjero","item":"https:\/\/www.university-in-germany.com\/es\/solicitud-de-ingreso\/solicitud-con-certificado-extranjero\/"},{"@type":"ListItem","position":4,"name":"Cualificaci\u00f3n profesional de grado (Bachelor)"}]},{"@type":"WebSite","@id":"https:\/\/www.university-in-germany.com\/#website","url":"https:\/\/www.university-in-germany.com\/","name":"Hochschule Magdeburg-Stendal\/ Magdeburf-Stendal University of Applied Sciences","description":"","potentialAction":[{"@type":"SearchAction","target":{"@type":"EntryPoint","urlTemplate":"https:\/\/www.university-in-germany.com\/?s={search_term_string}"},"query-input":"required name=search_term_string"}],"inLanguage":"es"}]}},"_links":{"self":[{"href":"https:\/\/www.university-in-germany.com\/es\/wp-json\/wp\/v2\/pages\/4195"}],"collection":[{"href":"https:\/\/www.university-in-germany.com\/es\/wp-json\/wp\/v2\/pages"}],"about":[{"href":"https:\/\/www.university-in-germany.com\/es\/wp-json\/wp\/v2\/types\/page"}],"author":[{"embeddable":true,"href":"https:\/\/www.university-in-germany.com\/es\/wp-json\/wp\/v2\/users\/3"}],"replies":[{"embeddable":true,"href":"https:\/\/www.university-in-germany.com\/es\/wp-json\/wp\/v2\/comments?post=4195"}],"version-history":[{"count":7,"href":"https:\/\/www.university-in-germany.com\/es\/wp-json\/wp\/v2\/pages\/4195\/revisions"}],"predecessor-version":[{"id":4306,"href":"https:\/\/www.university-in-germany.com\/es\/wp-json\/wp\/v2\/pages\/4195\/revisions\/4306"}],"up":[{"embeddable":true,"href":"https:\/\/www.university-in-germany.com\/es\/wp-json\/wp\/v2\/pages\/4189"}],"wp:attachment":[{"href":"https:\/\/www.university-in-germany.com\/es\/wp-json\/wp\/v2\/media?parent=4195"}],"curies":[{"name":"wp","href":"https:\/\/api.w.org\/{rel}","templated":true}]}}