{"id":4189,"date":"2022-03-03T10:10:38","date_gmt":"2022-03-03T09:10:38","guid":{"rendered":"https:\/\/www.university-in-germany.com\/?page_id=4189"},"modified":"2024-04-22T08:39:27","modified_gmt":"2024-04-22T06:39:27","slug":"solicitud-con-certificado-extranjero","status":"publish","type":"page","link":"https:\/\/www.university-in-germany.com\/es\/solicitud-de-ingreso\/solicitud-con-certificado-extranjero\/","title":{"rendered":"Solicitud con certificado extranjero"},"content":{"rendered":"<p>[vc_row][vc_column][vc_column_text el_id=\u00bbbew_title\u00bb el_class=\u00bbbew_text\u00bb]<\/p>\n<h2><strong>Solicitud con certificado extranjero<\/strong><\/h2>\n\t\t\t<!-- Flexy Breadcrumb -->\r\n\t\t\t<div class=\"fbc fbc-page\">\r\n\r\n\t\t\t\t<!-- Breadcrumb wrapper -->\r\n\t\t\t\t<div class=\"fbc-wrap\">\r\n\r\n\t\t\t\t\t<!-- Ordered list-->\r\n\t\t\t\t\t<ol class=\"fbc-items\" itemscope itemtype=\"https:\/\/schema.org\/BreadcrumbList\">\r\n\t\t\t\t\t\t<li class=\"active\" itemprop=\"itemListElement\" itemscope itemtype=\"https:\/\/schema.org\/ListItem\"><span itemprop=\"name\" title=\"Solicitud con certificado extranjero\">Solicitud con certificado extranjero<\/span><meta itemprop=\"position\" content=\"2\" \/><\/li>\t\t\t\t\t<\/ol>\r\n\t\t\t\t\t<div class=\"clearfix\"><\/div>\r\n\t\t\t\t<\/div>\r\n\t\t\t<\/div>\r\n\t\t\t\n<hr \/>\n<p>[\/vc_column_text][\/vc_column][\/vc_row][vc_row][vc_column width=\u00bb2\/3&#8243;][vc_column_text el_class=\u00bbbew_text\u00bb]<\/p>\n<h2>Requisitos ling\u00fc\u00edsticos<\/h2>\n<p>Die meisten Studieng\u00e4nge an der Hochschule Magdeburg-Stendal werden in deutscher Sprache gelehrt. F\u00fcr die Zulassung zu einem Studium ist der Nachweis \u00fcber ausreichende Sprachkenntnisse zu erbringen.<\/p>\n<p>F\u00fcr unsere Studieng\u00e4nge gibt es unterschiedliche Vorgaben zum Sprachniveau, die \u00fcber entsprechende Zertifikate oder Zeugnisse erbracht werden k\u00f6nnen. Diese Vorgaben gliedern sich wie folgt:<\/p>\n<p>[\/vc_column_text][\/vc_column][vc_column width=\u00bb1\/3&#8243;][vc_single_image image=\u00bb1564&#8243; img_size=\u00bbfull\u00bb][\/vc_column][\/vc_row][vc_row][vc_column offset=\u00bbvc_hidden-xs\u00bb][vc_column_text el_class=\u00bbbew_text\u00bb css=\u00bb.vc_custom_1646298210546{margin-bottom: 30px !important;}\u00bb]<\/p>\n<h3>Programas de estudios en el \u00e1mbito de la energ\u00eda y la tecnolog\u00eda, la ecolog\u00eda, el dise\u00f1o y la econom\u00eda<\/h3>\n<p>[\/vc_column_text][vc_column_text el_class=\u00bbbew_text\u00bb css=\u00bb.vc_custom_1646298275717{margin-bottom: 20px !important;}\u00bb]<\/p>\n<div style=\"overflow-x: auto;\">\n<table>\n<tbody>\n<tr>\n<th><strong>T\u00edtulo de grado <em>(Bachelor)<\/em><\/strong><\/th>\n<th><strong>M\u00e1ster<\/strong><\/th>\n<\/tr>\n<tr>\n<td>\n<ul>\n<li>Ingenier\u00eda Civil<\/li>\n<li>Administraci\u00f3n Sostenible de Empresas<\/li>\n<li>Administraci\u00f3n de Empresas (dual)<\/li>\n<li>Ingenier\u00eda El\u00e9ctrica<\/li>\n<li>Ingenier\u00eda El\u00e9ctrica (dual)<\/li>\n<li>Dise\u00f1o Industrial<\/li>\n<li>Ingenier\u00eda Mec\u00e1nica<\/li>\n<li>Ingenier\u00eda de Sistemas Mecatr\u00f3nicos<\/li>\n<li>Reciclaje y Gesti\u00f3n de Residuos<\/li>\n<li>Gesti\u00f3n del Agua<\/li>\n<\/ul>\n<\/td>\n<td>\n<ul>\n<li>Ingenier\u00eda Civil<\/li>\n<li>Ingenier\u00eda El\u00e9ctrica<\/li>\n<li>Construcci\u00f3n y Rehabilitaci\u00f3n Energ\u00e9ticamente Eficientes<\/li>\n<li><em>Engineering Design<\/em><\/li>\n<li>Ingenier\u00eda Ecol\u00f3gica<\/li>\n<li>Dise\u00f1o de Interacci\u00f3n<\/li>\n<li>Ingenier\u00eda Mec\u00e1nica<\/li>\n<li>Gesti\u00f3n de Riesgos Empresariales<\/li>\n<\/ul>\n<\/td>\n<\/tr>\n<\/tbody>\n<\/table>\n<\/div>\n<p>[\/vc_column_text][vc_column_text el_class=\u00bbbew_text\u00bb]<\/p>\n<h4>Acreditaci\u00f3n a trav\u00e9s de:<\/h4>\n<ul>\n<li>Certificado Goethe C1<\/li>\n<li>DSD II (diploma de idiomas de la Conferencia Permanente de los Ministros de Educaci\u00f3n y Asuntos Culturales de los Estados Federados de la Rep\u00fablica Federal de Alemania)<\/li>\n<li>DSH I (examen de lengua alemana para el acceso a estudios universitarios)<\/li>\n<li>TestDaF (como m\u00ednimo, nivel 3 en los ex\u00e1menes parciales)<\/li>\n<li>TELC Deutsch C1 Hochschule<\/li>\n<li>\u00d6SD C1 (diploma austr\u00edaco de alem\u00e1n)<\/li>\n<li>Superar el <em>Feststellungspr\u00fcfung<\/em> en un <em>Studienkolleg<\/em><\/li>\n<\/ul>\n<p>[\/vc_column_text][vc_empty_space height=\u00bb80px\u00bb][\/vc_column][\/vc_row][vc_row][vc_column offset=\u00bbvc_hidden-xs\u00bb][vc_column_text el_class=\u00bbbew_text\u00bb css=\u00bb.vc_custom_1646298324839{margin-bottom: 40px !important;}\u00bb]<\/p>\n<h3>Programas de estudios en el \u00e1mbito de los medios de comunicaci\u00f3n, la salud, los asuntos sociales y la educaci\u00f3n<\/h3>\n<p>[\/vc_column_text][vc_column_text el_class=\u00bbbew_text\u00bb css=\u00bb.vc_custom_1646298377233{margin-bottom: 20px !important;}\u00bb]<\/p>\n<div style=\"overflow-x: auto;\">\n<table>\n<tbody>\n<tr>\n<th><strong>T\u00edtulo de grado <em>(Bachelor)<\/em><\/strong><\/th>\n<th><strong>M\u00e1ster<\/strong><\/th>\n<\/tr>\n<tr>\n<td>\n<ul>\n<li>Ciencias Aplicadas a la Infancia<\/li>\n<li>Interpretaci\u00f3n de Lengua de Signos<\/li>\n<li>Promoci\u00f3n y Gesti\u00f3n de la Salud<\/li>\n<li>Periodismo<\/li>\n<li>Educaci\u00f3n Infantil: Pr\u00e1ctica, Direcci\u00f3n, Investigaci\u00f3n<\/li>\n<li>Interacci\u00f3n Ser Humano-Tecnolog\u00eda<\/li>\n<li>Psicolog\u00eda de la Rehabilitaci\u00f3n<\/li>\n<li>Seguridad y Protecci\u00f3n<\/li>\n<\/ul>\n<\/td>\n<td>\n<ul>\n<li>Desarrollo Organizativo Promotor de la Salud<\/li>\n<li>Periodismo<\/li>\n<li>Ciencias de la Infancia y Derechos del Ni\u00f1o<\/li>\n<li>Psicolog\u00eda de la Rehabilitaci\u00f3n<\/li>\n<li>Seguridad y Protecci\u00f3n<\/li>\n<\/ul>\n<\/td>\n<\/tr>\n<\/tbody>\n<\/table>\n<\/div>\n<p>[\/vc_column_text][vc_column_text el_class=\u00bbbew_text\u00bb]<\/p>\n<h4>Acreditaci\u00f3n a trav\u00e9s de:<\/h4>\n<ul>\n<li>Certificado Goethe C2<\/li>\n<li>DSD II (diploma de idiomas de la Conferencia Permanente de los Ministros de Educaci\u00f3n y Asuntos Culturales de los Estados Federados de la Rep\u00fablica Federal de Alemania)<\/li>\n<li>DSH II (examen de lengua alemana para el acceso a estudios universitarios)<\/li>\n<li>TestDaF (16 puntos como m\u00ednimo y nivel 3 como m\u00ednimo en los ex\u00e1menes parciales)<\/li>\n<li>TELC Deutsch C1 Hochschule<\/li>\n<li>\u00d6SD C2 (diploma austr\u00edaco de alem\u00e1n)<\/li>\n<li>Superar el <em>Feststellungspr\u00fcfung<\/em> en un <em>Studienkolleg<\/em><\/li>\n<\/ul>\n<p>[\/vc_column_text][vc_empty_space height=\u00bb80px\u00bb][\/vc_column][\/vc_row][vc_row][vc_column offset=\u00bbvc_hidden-xs\u00bb][vc_column_text el_class=\u00bbnew_text\u00bb]<\/p>\n<h3>Programa de estudios \u00abLenguaje y comunicaci\u00f3n en las organizaciones\u00bb<\/h3>\n<p><strong>T\u00edtulo de grado <em>(Bachelor)<\/em><\/strong><\/p>\n<h4>Acreditaci\u00f3n a trav\u00e9s de:<\/h4>\n<ul>\n<li>Examen de lengua alemana para el acceso a estudios universitarios (resultado global de todos los ex\u00e1menes parciales DSH 3)<\/li>\n<li>TestDaF nivel 5 (3x TDN 5 y 1x TND 4)<\/li>\n<li>Certificado Goethe C1<\/li>\n<li>Certificados equivalentes<\/li>\n<\/ul>\n<p>Adem\u00e1s, se requieren conocimientos de ingl\u00e9s al Nivel B2 del Marco Com\u00fan Europeo de Referencia para las Lenguas.[\/vc_column_text][vc_empty_space height=\u00bb80px\u00bb][\/vc_column][\/vc_row][vc_row][vc_column width=\u00bb2\/3&#8243; offset=\u00bbvc_hidden-xs\u00bb][vc_column_text el_class=\u00bbbew_text\u00bb css=\u00bb.vc_custom_1646298546808{margin-bottom: 40px !important;}\u00bb]<\/p>\n<h2>Requisitos para los programas de estudios en ingl\u00e9s<\/h2>\n<p>En el caso de los certificados de acceso a estudios universitarios de Australia, Gran Breta\u00f1a, Irlanda, Canad\u00e1, Nueva Zelanda o EE.\u00a0UU., o de un t\u00edtulo de grado obtenido all\u00ed, no es necesario presentar m\u00e1s certificados de conocimientos de ingl\u00e9s. En caso de duda, la comisi\u00f3n examinadora decidir\u00e1 sobre la acreditaci\u00f3n suficiente de los conocimientos de ingl\u00e9s.<\/p>\n<h3>Programa de estudios \u201eSustainable Ressources, Engineering and Management\u201c<\/h3>\n<p><strong>T\u00edtulo de grado <em>(Bachelor)<\/em><\/strong><\/p>\n<h4>Acreditaci\u00f3n a trav\u00e9s de:<\/h4>\n<ul>\n<li>TOEFL (Test of English as a Foreign Language), iBT 72-94 puntos<\/li>\n<li>IELTS (International English Language Testing System) (puntuaci\u00f3n de 5,0)<\/li>\n<li>Certificados telc B2<\/li>\n<li>UNIcert II<\/li>\n<li>Cambridge First Certificate in English (FCE)<\/li>\n<\/ul>\n<p>[\/vc_column_text][vc_column_text el_class=\u00bbbew_text\u00bb]<\/p>\n<h3>Programa de estudios \u201eWater Engineering\u201c<\/h3>\n<p><strong>M\u00e1ster<\/strong><\/p>\n<h4>Acreditaci\u00f3n a trav\u00e9s de:<\/h4>\n<ul>\n<li>IELTS exam (5 puntos)<\/li>\n<li>Cambridge exam \u2013 First Certificate in English FCE (A-C)<\/li>\n<li>TOEIC (541 puntos)<\/li>\n<li>TOEFL iBT (87 puntos, <em>computer based<\/em>)<\/li>\n<li>UNIcert II<\/li>\n<li>ALTE level \u2013 Level 3<\/li>\n<li>Pruebas equivalentes<\/li>\n<\/ul>\n<p>Se puede prescindir de una acreditaci\u00f3n de los conocimientos de ingl\u00e9s si has asistido a un colegio biling\u00fce (has completado al menos el 10.\u00b0 curso), ingl\u00e9s es tu lengua nativa, puedes demostrar una estancia en un colegio, universidad u otra instituci\u00f3n de habla inglesa de al menos medio a\u00f1o o si has obtenido un t\u00edtulo de grado de habla inglesa.[\/vc_column_text][vc_empty_space height=\u00bb80px\u00bb][\/vc_column][vc_column width=\u00bb1\/3&#8243; offset=\u00bbvc_hidden-xs\u00bb][vc_single_image image=\u00bb1576&#8243; img_size=\u00bbfull\u00bb][\/vc_column][\/vc_row][vc_row][vc_column][vc_column_text el_class=\u00bbnew_text\u00bb]<\/p>\n<h2><strong>\u00bfQu\u00e9 tipo de programa de estudios quieres solicitar?<\/strong><\/h2>\n<p>[\/vc_column_text][vc_empty_space][\/vc_column][\/vc_row][vc_row][vc_column width=\u00bb1\/2&#8243;]<div class=\"gem-button-container gem-button-position-inline bew_button_short\"><a title=\"Cualificaci\u00f3n Bachelor\" class=\"gem-button gem-button-size-medium gem-button-style-flat gem-button-text-weight-normal\" style=\"border-radius: 3px;\" onmouseleave=\"\" onmouseenter=\"\" href=\"https:\/\/www.university-in-germany.com\/es\/solicitud-de-ingreso\/solicitud-con-certificado-extranjero\/cualificacion-bachelor\/\" target=\"_self\">Bachelor<\/a><\/div> [vc_single_image image=\u00bb2391&#8243; el_id=\u00bb&#8211;arrow-white\u00bb][\/vc_column][vc_column width=\u00bb1\/2&#8243;]<div class=\"gem-button-container gem-button-position-inline bew_button_short\"><a title=\"Cualificaci\u00f3n M\u00e1ster\" class=\"gem-button gem-button-size-medium gem-button-style-flat gem-button-text-weight-normal\" style=\"border-radius: 3px;\" onmouseleave=\"\" onmouseenter=\"\" href=\"https:\/\/www.university-in-germany.com\/es\/solicitud-de-ingreso\/solicitud-con-certificado-extranjero\/cualificacion-master\/\" target=\"_self\">M\u00e1ster<\/a><\/div> [vc_single_image image=\u00bb2391&#8243; el_id=\u00bb&#8211;arrow-white\u00bb][\/vc_column][\/vc_row][vc_row][vc_column][vc_empty_space][\/vc_column][\/vc_row]<\/p>\n","protected":false},"excerpt":{"rendered":"<p>[vc_row][vc_column][vc_column_text el_id=\u00bbbew_title\u00bb el_class=\u00bbbew_text\u00bb] Solicitud con certificado extranjero [\/vc_column_text][\/vc_column][\/vc_row][vc_row][vc_column width=\u00bb2\/3&#8243;][vc_column_text el_class=\u00bbbew_text\u00bb] Requisitos ling\u00fc\u00edsticos Die meisten Studieng\u00e4nge an der Hochschule Magdeburg-Stendal werden&#8230;<\/p>\n","protected":false},"author":3,"featured_media":0,"parent":4183,"menu_order":0,"comment_status":"closed","ping_status":"closed","template":"","meta":[],"yoast_head":"<!-- This site is optimized with the Yoast SEO plugin v20.6 - https:\/\/yoast.com\/wordpress\/plugins\/seo\/ -->\n<title>Solicitud con certificado extranjero - Hochschulbildung in Deutschland<\/title>\n<meta name=\"robots\" content=\"index, follow, max-snippet:-1, max-image-preview:large, max-video-preview:-1\" \/>\n<link rel=\"canonical\" href=\"https:\/\/www.university-in-germany.com\/es\/solicitud-de-ingreso\/solicitud-con-certificado-extranjero\/\" \/>\n<meta property=\"og:locale\" content=\"es_ES\" \/>\n<meta property=\"og:type\" content=\"article\" \/>\n<meta property=\"og:title\" content=\"Solicitud con certificado extranjero - Hochschulbildung in Deutschland\" \/>\n<meta property=\"og:description\" content=\"[vc_row][vc_column][vc_column_text el_id=\u00bbbew_title\u00bb el_class=\u00bbbew_text\u00bb] Solicitud con certificado extranjero [\/vc_column_text][\/vc_column][\/vc_row][vc_row][vc_column width=\u00bb2\/3&#8243;][vc_column_text el_class=\u00bbbew_text\u00bb] Requisitos ling\u00fc\u00edsticos Die meisten Studieng\u00e4nge an der Hochschule Magdeburg-Stendal werden...\" \/>\n<meta property=\"og:url\" content=\"https:\/\/www.university-in-germany.com\/es\/solicitud-de-ingreso\/solicitud-con-certificado-extranjero\/\" \/>\n<meta property=\"og:site_name\" content=\"Hochschulbildung in Deutschland\" \/>\n<meta property=\"article:publisher\" content=\"https:\/\/de-de.facebook.com\/hsmagdeburg\/\" \/>\n<meta property=\"article:modified_time\" content=\"2024-04-22T06:39:27+00:00\" \/>\n<meta name=\"twitter:card\" content=\"summary_large_image\" \/>\n<meta name=\"twitter:label1\" content=\"Tiempo de lectura\" \/>\n\t<meta name=\"twitter:data1\" content=\"5 minutos\" \/>\n<script type=\"application\/ld+json\" class=\"yoast-schema-graph\">{\"@context\":\"https:\/\/schema.org\",\"@graph\":[{\"@type\":\"WebPage\",\"@id\":\"https:\/\/www.university-in-germany.com\/es\/solicitud-de-ingreso\/solicitud-con-certificado-extranjero\/\",\"url\":\"https:\/\/www.university-in-germany.com\/es\/solicitud-de-ingreso\/solicitud-con-certificado-extranjero\/\",\"name\":\"Solicitud con certificado extranjero - Hochschulbildung in Deutschland\",\"isPartOf\":{\"@id\":\"https:\/\/www.university-in-germany.com\/#website\"},\"datePublished\":\"2022-03-03T09:10:38+00:00\",\"dateModified\":\"2024-04-22T06:39:27+00:00\",\"breadcrumb\":{\"@id\":\"https:\/\/www.university-in-germany.com\/es\/solicitud-de-ingreso\/solicitud-con-certificado-extranjero\/#breadcrumb\"},\"inLanguage\":\"es\",\"potentialAction\":[{\"@type\":\"ReadAction\",\"target\":[\"https:\/\/www.university-in-germany.com\/es\/solicitud-de-ingreso\/solicitud-con-certificado-extranjero\/\"]}]},{\"@type\":\"BreadcrumbList\",\"@id\":\"https:\/\/www.university-in-germany.com\/es\/solicitud-de-ingreso\/solicitud-con-certificado-extranjero\/#breadcrumb\",\"itemListElement\":[{\"@type\":\"ListItem\",\"position\":1,\"name\":\"Home\",\"item\":\"https:\/\/www.university-in-germany.com\/es\/\"},{\"@type\":\"ListItem\",\"position\":2,\"name\":\"Solicitud de ingreso\",\"item\":\"https:\/\/www.university-in-germany.com\/es\/bewerbungsprozess\/\"},{\"@type\":\"ListItem\",\"position\":3,\"name\":\"Solicitud con certificado extranjero\"}]},{\"@type\":\"WebSite\",\"@id\":\"https:\/\/www.university-in-germany.com\/#website\",\"url\":\"https:\/\/www.university-in-germany.com\/\",\"name\":\"Hochschule Magdeburg-Stendal\/ Magdeburf-Stendal University of Applied Sciences\",\"description\":\"\",\"potentialAction\":[{\"@type\":\"SearchAction\",\"target\":{\"@type\":\"EntryPoint\",\"urlTemplate\":\"https:\/\/www.university-in-germany.com\/?s={search_term_string}\"},\"query-input\":\"required name=search_term_string\"}],\"inLanguage\":\"es\"}]}<\/script>\n<!-- \/ Yoast SEO plugin. -->","yoast_head_json":{"title":"Solicitud con certificado extranjero - Hochschulbildung in Deutschland","robots":{"index":"index","follow":"follow","max-snippet":"max-snippet:-1","max-image-preview":"max-image-preview:large","max-video-preview":"max-video-preview:-1"},"canonical":"https:\/\/www.university-in-germany.com\/es\/solicitud-de-ingreso\/solicitud-con-certificado-extranjero\/","og_locale":"es_ES","og_type":"article","og_title":"Solicitud con certificado extranjero - Hochschulbildung in Deutschland","og_description":"[vc_row][vc_column][vc_column_text el_id=\u00bbbew_title\u00bb el_class=\u00bbbew_text\u00bb] Solicitud con certificado extranjero [\/vc_column_text][\/vc_column][\/vc_row][vc_row][vc_column width=\u00bb2\/3&#8243;][vc_column_text el_class=\u00bbbew_text\u00bb] Requisitos ling\u00fc\u00edsticos Die meisten Studieng\u00e4nge an der Hochschule Magdeburg-Stendal werden...","og_url":"https:\/\/www.university-in-germany.com\/es\/solicitud-de-ingreso\/solicitud-con-certificado-extranjero\/","og_site_name":"Hochschulbildung in Deutschland","article_publisher":"https:\/\/de-de.facebook.com\/hsmagdeburg\/","article_modified_time":"2024-04-22T06:39:27+00:00","twitter_card":"summary_large_image","twitter_misc":{"Tiempo de lectura":"5 minutos"},"schema":{"@context":"https:\/\/schema.org","@graph":[{"@type":"WebPage","@id":"https:\/\/www.university-in-germany.com\/es\/solicitud-de-ingreso\/solicitud-con-certificado-extranjero\/","url":"https:\/\/www.university-in-germany.com\/es\/solicitud-de-ingreso\/solicitud-con-certificado-extranjero\/","name":"Solicitud con certificado extranjero - Hochschulbildung in Deutschland","isPartOf":{"@id":"https:\/\/www.university-in-germany.com\/#website"},"datePublished":"2022-03-03T09:10:38+00:00","dateModified":"2024-04-22T06:39:27+00:00","breadcrumb":{"@id":"https:\/\/www.university-in-germany.com\/es\/solicitud-de-ingreso\/solicitud-con-certificado-extranjero\/#breadcrumb"},"inLanguage":"es","potentialAction":[{"@type":"ReadAction","target":["https:\/\/www.university-in-germany.com\/es\/solicitud-de-ingreso\/solicitud-con-certificado-extranjero\/"]}]},{"@type":"BreadcrumbList","@id":"https:\/\/www.university-in-germany.com\/es\/solicitud-de-ingreso\/solicitud-con-certificado-extranjero\/#breadcrumb","itemListElement":[{"@type":"ListItem","position":1,"name":"Home","item":"https:\/\/www.university-in-germany.com\/es\/"},{"@type":"ListItem","position":2,"name":"Solicitud de ingreso","item":"https:\/\/www.university-in-germany.com\/es\/bewerbungsprozess\/"},{"@type":"ListItem","position":3,"name":"Solicitud con certificado extranjero"}]},{"@type":"WebSite","@id":"https:\/\/www.university-in-germany.com\/#website","url":"https:\/\/www.university-in-germany.com\/","name":"Hochschule Magdeburg-Stendal\/ Magdeburf-Stendal University of Applied Sciences","description":"","potentialAction":[{"@type":"SearchAction","target":{"@type":"EntryPoint","urlTemplate":"https:\/\/www.university-in-germany.com\/?s={search_term_string}"},"query-input":"required name=search_term_string"}],"inLanguage":"es"}]}},"_links":{"self":[{"href":"https:\/\/www.university-in-germany.com\/es\/wp-json\/wp\/v2\/pages\/4189"}],"collection":[{"href":"https:\/\/www.university-in-germany.com\/es\/wp-json\/wp\/v2\/pages"}],"about":[{"href":"https:\/\/www.university-in-germany.com\/es\/wp-json\/wp\/v2\/types\/page"}],"author":[{"embeddable":true,"href":"https:\/\/www.university-in-germany.com\/es\/wp-json\/wp\/v2\/users\/3"}],"replies":[{"embeddable":true,"href":"https:\/\/www.university-in-germany.com\/es\/wp-json\/wp\/v2\/comments?post=4189"}],"version-history":[{"count":8,"href":"https:\/\/www.university-in-germany.com\/es\/wp-json\/wp\/v2\/pages\/4189\/revisions"}],"predecessor-version":[{"id":5356,"href":"https:\/\/www.university-in-germany.com\/es\/wp-json\/wp\/v2\/pages\/4189\/revisions\/5356"}],"up":[{"embeddable":true,"href":"https:\/\/www.university-in-germany.com\/es\/wp-json\/wp\/v2\/pages\/4183"}],"wp:attachment":[{"href":"https:\/\/www.university-in-germany.com\/es\/wp-json\/wp\/v2\/media?parent=4189"}],"curies":[{"name":"wp","href":"https:\/\/api.w.org\/{rel}","templated":true}]}}