{"id":4143,"date":"2022-03-02T11:49:44","date_gmt":"2022-03-02T10:49:44","guid":{"rendered":"https:\/\/www.university-in-germany.com\/?page_id=4143"},"modified":"2023-08-04T10:49:35","modified_gmt":"2023-08-04T08:49:35","slug":"estudiar-en-alemania","status":"publish","type":"page","link":"https:\/\/www.university-in-germany.com\/es\/estudiar-en-alemania\/","title":{"rendered":"Estudiar en Alemania"},"content":{"rendered":"<p>[vc_row][vc_column][vc_column_text el_class=\u00bbnew_text_title\u00bb]<\/p>\n<h2>Estudiar en Alemania<\/h2>\n<p>[\/vc_column_text][\/vc_column][\/vc_row][vc_row][vc_column width=\u00bb2\/3&#8243;][vc_column_text el_class=\u00bbnew_text\u00bb]<\/p>\n<h2><b>Costes<\/b><b><\/b><\/h2>\n<p>Vivir y estudiar en Alemania no es caro: los costes de comida, alojamiento, ropa y ocio, por ejemplo, son notablemente m\u00e1s bajos que en otros pa\u00edses de Europa Occidental, como los Pa\u00edses Bajos y el Reino Unido. Dentro de Alemania, los costes mensuales tambi\u00e9n pueden variar mucho: mientras que en Magdeburgo y Stendal un o una estudiante paga una media de 250 euros al mes de alquiler, los precios se disparan en ciudades como M\u00fanich (630 euros), Fr\u00e1ncfort del Meno (500 euros) o Colonia (430 euros). <strong>Con una media de 450 euros al mes es posible cubrir los costes de la vida (manutenci\u00f3n y alojamiento) en Magdeburgo o Stendal. Nuestra Universidad de Ciencias Aplicadas no cobra tasas acad\u00e9micas.<\/strong> Los y las estudiantes pagan tan solo una cuota semestral de 158,50 euros en Stendal y de 153,70 euros en Magdeburgo (que incluye un bono para el tranv\u00eda de la ciudad). Como ves, la educaci\u00f3n superior en Alemania no tiene por qu\u00e9 ser cara.[\/vc_column_text][\/vc_column][vc_column width=\u00bb1\/3&#8243;][vc_single_image image=\u00bb902&#8243; img_size=\u00bb730&#215;580&#8243; alignment=\u00bbcenter\u00bb][\/vc_column][\/vc_row][vc_row][vc_column][vc_empty_space height=\u00bb50px\u00bb][\/vc_column][\/vc_row][vc_row el_class=\u00bbtext_right\u00bb][vc_column width=\u00bb1\/3&#8243;][vc_single_image image=\u00bb914&#8243; img_size=\u00bb730&#215;580&#8243; alignment=\u00bbcenter\u00bb][\/vc_column][vc_column width=\u00bb2\/3&#8243;][vc_column_text el_class=\u00bbnew_text\u00bb]<\/p>\n<h2><b>Trabajar durante y despu\u00e9s de los estudios en Alemania<\/b><\/h2>\n<p>El salario m\u00ednimo en Alemania asciende actualmente a 9,60 euros por hora. <strong>Los y las estudiantes <\/strong><strong>suelen trabajar en el marco de miniempleos (los llamados Mini-Jobs), con los que ingresan hasta 450 <\/strong><strong>euros al mes<\/strong> sin tener que pagar impuestos ni cotizaciones al sistema de pensiones.<\/p>\n<p>Gracias a una estrecha colaboraci\u00f3n con socios del sector privado regional, alem\u00e1n e internacional, nuestro estudiantado se beneficia desde muy pronto de pr\u00e1cticas en empresas e importantes contactos para la vida profesional. Adem\u00e1s, m\u00e1s de 200 empresas promocionan lucrativos puestos de trabajo en la feria de contactos de empresas que se celebra anualmente en el campus universitario. Los contactos establecidos durante los estudios propician un acceso fluido al mundo laboral para muchos de los egresados y egresadas y unos mayores salarios iniciales que en las universidades convencionales. En particular, existe una alta demanda de personal especializado en las distintas ramas de la ingenier\u00eda. De modo general, la formaci\u00f3n profesional en Alemania goza de muy buena reputaci\u00f3n en todo el mundo.[\/vc_column_text][\/vc_column][\/vc_row][vc_row][vc_column][vc_empty_space height=\u00bb50px\u00bb][\/vc_column][\/vc_row][vc_row][vc_column width=\u00bb2\/3&#8243;][vc_column_text el_class=\u00bbnew_text\u00bb]<\/p>\n<h2><strong>Becas<\/strong><\/h2>\n<h3><strong>Embajador de estudios en el 1.<sup>er<\/sup> semestre<\/strong><\/h3>\n<p>Los estudiantes de las escuelas PASCH en el extranjero pueden solicitar la <strong>beca BIDS<\/strong> antes de comenzar sus estudios. La beca incluye una ayuda econ\u00f3mica de 325 euros al mes durante el primer semestre. Al recibir la beca, tambi\u00e9n act\u00faan como embajadores de estudios en su pa\u00eds de origen.<\/p>\n<h3><strong>Becas a partir del 2.\u00b0 a\u00f1o acad\u00e9mico<\/strong><\/h3>\n<p>A partir del 2.\u00b0 a\u00f1o acad\u00e9mico, los estudiantes internacionales pueden solicitar las siguientes becas concedidas por la universidad:<\/p>\n<ul>\n<li>Beca Otto von Guericke (500 euros al mes durante un a\u00f1o) concedida por la ciudad de Magdeburgo<\/li>\n<li>Beca Deutschlandstipendium (300 euros al mes) patrocinada por una empresa y por la Rep\u00fablica Federal de Alemania<\/li>\n<li>Premio DAAD (pago \u00fanico de 1000 euros) patrocinado por el Servicio Alem\u00e1n de Intercambio Acad\u00e9mico (DAAD) con fondos del Ministerio alem\u00e1n de Asuntos Exteriores<\/li>\n<\/ul>\n<h3><strong>Beca del DAAD para estudiantes internacionales de m\u00e1ster<\/strong><\/h3>\n<p>Los estudiantes extranjeros que deseen realizar un programa de m\u00e1ster completo en la Universidad de Ciencias Aplicada de Magdeburgo-Stendal pueden solicitar una ayuda financiera del DAAD: se ofrece una ayuda de 861 euros al mes m\u00e1s gastos adicionales para un periodo de estudios de 10 a 24 meses.<br \/>\n<span style=\"color: #0563c1;\"><u><a href=\"https:\/\/www2.daad.de\/deutschland\/stipendium\/datenbank\/de\/21148-stipendiendatenbank\/?status=&amp;origin=&amp;subjectGrps=&amp;daad=&amp;intention=&amp;q=&amp;page=1&amp;detail=50026200\">Puedes encontrar m\u00e1s informaci\u00f3n en el DAAD<\/a><\/u><\/span>[\/vc_column_text][\/vc_column][vc_column width=\u00bb1\/3&#8243;][vc_single_image image=\u00bb917&#8243; img_size=\u00bb730&#215;580&#8243; alignment=\u00bbcenter\u00bb][\/vc_column][\/vc_row][vc_row][vc_column][vc_empty_space height=\u00bb80px\u00bb][\/vc_column][\/vc_row][vc_row el_class=\u00bbtext_right\u00bb][vc_column width=\u00bb1\/3&#8243;][vc_single_image image=\u00bb920&#8243; img_size=\u00bb730&#215;580&#8243; alignment=\u00bbcenter\u00bb][\/vc_column][vc_column width=\u00bb2\/3&#8243;][vc_column_text el_class=\u00bbnew_text\u00bb]<\/p>\n<h2>Alojamiento durante el estudio<\/h2>\n<div class=\"vc_tta-panel-body\">\n<div class=\"wpb_text_column wpb_content_element \">\n<div class=\"wpb_wrapper\">\n<p>Al igual que en muchas universidades alemanas, los y las estudiantes viven o bien en una residencia de estudiantes o bien en una vivienda compartida. El precio del alquiler oscila <strong>entre 200 y 280 euros al mes.<\/strong><\/p>\n<p>Una vez recibe la confirmaci\u00f3n de ingreso en una de las carreras, el o la estudiante debe buscar un alojamiento por su cuenta. Nuestra Universidad de Ciencias Aplicadas puede ayudar a encontrarlo.<\/p>\n<p>En Magdeburgo y Stendal existe una extensa y econ\u00f3mica oferta de alojamientos. Especialmente populares durante la formaci\u00f3n profesional en Alemania son las viviendas compartidas (la llamada Wohngemeinschaft o WG). En estas conviven varios estudiantes, que tienen dormitorios individuales propios, pero comparten cocina y cuarto de ba\u00f1o. Las ventajas son muchas: es una opci\u00f3n econ\u00f3mica, se conoce muy r\u00e1pido a otra gente y suele ayudar a mejorar el alem\u00e1n. Magdeburgo es una de las ciudades con precios m\u00e1s bajos de Alemania, lo que la convierte en id\u00f3nea para unos estudios o una formaci\u00f3n profesional en Alemania.<\/p>\n<\/div>\n<\/div>\n<\/div>\n<p>[\/vc_column_text][\/vc_column][\/vc_row][vc_row][vc_column][vc_empty_space height=\u00bb50px\u00bb][\/vc_column][\/vc_row][vc_row][vc_column width=\u00bb2\/3&#8243;][vc_column_text el_class=\u00bbnew_text\u00bb]<\/p>\n<h2>Atenci\u00f3n m\u00e9dica durante el estudio<b><\/b><\/h2>\n<div class=\"vc_tta-panel-body\">\n<div class=\"wpb_text_column wpb_content_element \">\n<div class=\"wpb_wrapper\">\n<p><strong>El sistema sanitario alem\u00e1n est\u00e1 considerado uno de los mejores del mundo.<\/strong> Toda persona que estudie en una universidad convencional o en una universidad de ciencias aplicadas en Alemania debe contar con un seguro de enfermedad, ya sea contratado en Alemania o en el extranjero. En este \u00faltimo caso, el seguro debe cumplir con los est\u00e1ndares m\u00ednimos de un seguro de enfermedad alem\u00e1n.<\/p>\n<p>Para las urgencias m\u00e9dicas, existe un servicio de urgencias, as\u00ed como el ingreso de urgencias en los hospitales. <strong>Los servicios necesarios no conllevan ning\u00fan coste a\u00f1adido para las personas aseguradas.<\/strong> A trav\u00e9s del n\u00famero gratuito 112 puede contactarse con un m\u00e9dico de urgencias o con una ambulancia en cualquier momento.<\/p>\n<\/div>\n<\/div>\n<\/div>\n<p><a name=\"_GoBack\"><\/a><\/p>\n<h2><b>Visa<\/b><\/h2>\n<div class=\"vc_tta-panel-body\">\n<div class=\"wpb_text_column wpb_content_element \">\n<div class=\"wpb_wrapper\">\n<ul>\n<li>Los ciudadanos y ciudadanas de la Uni\u00f3n Europea no necesitan ning\u00fan tipo de visa para estudiar en Alemania.<\/li>\n<li>Los ciudadanos y ciudadanas de Estados no pertenecientes a la Uni\u00f3n Europea pueden consultar las disposiciones actuales sobre visas en el sitio web del Ministerio Federal de Asuntos Exteriores.<\/li>\n<\/ul>\n<p>Al solicitar una visa para su primer a\u00f1o de estudios, los y las estudiantes sin la ciudadan\u00eda europea deben demostrar que tienen garantizada su financiaci\u00f3n (actualmente 861 euros al mes).<\/p>\n<\/div>\n<\/div>\n<\/div>\n<p>[\/vc_column_text][\/vc_column][vc_column width=\u00bb1\/3&#8243;][vc_single_image image=\u00bb1572&#8243; img_size=\u00bbfull\u00bb alignment=\u00bbcenter\u00bb][\/vc_column][\/vc_row][vc_row][vc_column][vc_empty_space height=\u00bb60px\u00bb][\/vc_column][\/vc_row][vc_row el_class=\u00bbtext_right\u00bb][vc_column width=\u00bb1\/3&#8243;][vc_single_image image=\u00bb1576&#8243; img_size=\u00bbfull\u00bb alignment=\u00bbcenter\u00bb][\/vc_column][vc_column width=\u00bb2\/3&#8243;][vc_column_text el_class=\u00bbnew_text\u00bb]<\/p>\n<h2>Procedimiento de ingreso a una carrera en Alemania<\/h2>\n<h3>Plazos de solicitud de ingreso<\/h3>\n<p>Puedes presentar una solicitud para el semestre de invierno (inicio: principios de octubre) cada a\u00f1o a partir de abril.<\/p>\n<p>Puedes presentar una solicitud para el semestre de verano (inicio: principios de abril) cada a\u00f1o a partir de noviembre.<\/p>\n<p>El plazo de solicitud correspondiente depende de la carrera elegida y del tipo de t\u00edtulo. Puedes averiguar qu\u00e9 plazo se aplica a la carrera que has elegido aqu\u00ed: <a href=\"https:\/\/www.university-in-germany.com\/es\/solicitud-de-ingreso\/\">Solicitud de ingreso<\/a><\/p>\n<h3>Cualificaci\u00f3n ling\u00fc\u00edstica para los estudios<b><\/b><\/h3>\n<h4>Carreras en alem\u00e1n<\/h4>\n<p>Casi todas las carreras de la universidad se imparten en alem\u00e1n.<br \/>\nPara la carreras t\u00e9cnicas y econ\u00f3micas se requiere un certificado del nivel B2 de competencia ling\u00fc\u00edstica.<br \/>\nPara todas las dem\u00e1s carreras se debe demostrar un nivel C1 de competencia ling\u00fc\u00edstica en alem\u00e1n.<\/p>\n<p>Adem\u00e1s del certificado DSD II (nivel B2 <u>o<\/u> C1), la universidad tambi\u00e9n acepta otros certificados de idiomas.<\/p>\n<h4>Carreras en ingl\u00e9s<\/h4>\n<p>Las dos carreras internacionales de la universidad se imparten en ingl\u00e9s:<\/p>\n<ul>\n<li>Grado en Ingenier\u00eda <em>(Bachelor in Engineering)<\/em> en Recursos, Ingenier\u00eda y Gesti\u00f3n Sostenibles (<em>Sustainable Resources, Engineering and Management<\/em>, StREaM)<\/li>\n<li>M\u00e1ster en Ingenier\u00eda <em>(Master in Engineering)<\/em> en Ingenier\u00eda Hidr\u00e1ulica<em> (Water Engineering)<\/em><\/li>\n<\/ul>\n<p>Para estas carreras se debe demostrar un nivel B2 de competencia ling\u00fc\u00edstica en ingl\u00e9s.[\/vc_column_text][vc_empty_space][\/vc_column][\/vc_row][vc_row][vc_column][vc_empty_space height=\u00bb50px\u00bb][vc_column_text el_class=\u00bbnew_text\u00bb]<\/p>\n<h2><b>Puedes encontrar la carrera que has elegido ahora<\/b><\/h2>\n<p>[\/vc_column_text][vc_empty_space][\/vc_column][\/vc_row][vc_row][vc_column width=\u00bb1\/2&#8243;]<div class=\"gem-button-container gem-button-position-inline bew_button\"><a title=\"Programas de grado\" class=\"gem-button gem-button-size-medium gem-button-style-flat gem-button-text-weight-normal\" style=\"border-radius: 0px;\" onmouseleave=\"\" onmouseenter=\"\" href=\"https:\/\/www.university-in-germany.com\/es\/programas-de-grado\/\" target=\"_self\">Programas de grado (Bachelor)<\/a><\/div> [vc_single_image image=\u00bb2391&#8243; el_id=\u00bb&#8211;arrow-white\u00bb][\/vc_column][vc_column width=\u00bb1\/2&#8243;]<div class=\"gem-button-container gem-button-position-inline bew_button\"><a title=\"Programas de m\u00e1ster\" class=\"gem-button gem-button-size-medium gem-button-style-flat gem-button-text-weight-normal\" style=\"border-radius: 0px;\" onmouseleave=\"\" onmouseenter=\"\" href=\"https:\/\/www.university-in-germany.com\/es\/programas-de-master\/\" target=\"_self\">Programas de m\u00e1ster<\/a><\/div> [vc_single_image image=\u00bb2391&#8243; el_id=\u00bb&#8211;arrow-white\u00bb][\/vc_column][\/vc_row][vc_row][vc_column][vc_empty_space height=\u00bb80px\u00bb][\/vc_column][\/vc_row]<\/p>\n","protected":false},"excerpt":{"rendered":"<p>[vc_row][vc_column][vc_column_text el_class=\u00bbnew_text_title\u00bb] Estudiar en Alemania [\/vc_column_text][\/vc_column][\/vc_row][vc_row][vc_column width=\u00bb2\/3&#8243;][vc_column_text el_class=\u00bbnew_text\u00bb] Costes Vivir y estudiar en Alemania no es caro: los costes de&#8230;<\/p>\n","protected":false},"author":3,"featured_media":0,"parent":0,"menu_order":0,"comment_status":"closed","ping_status":"closed","template":"","meta":[],"yoast_head":"<!-- This site is optimized with the Yoast SEO plugin v20.6 - https:\/\/yoast.com\/wordpress\/plugins\/seo\/ -->\n<title>Estudiar en Alemania - Hochschulbildung in Deutschland<\/title>\n<meta name=\"robots\" content=\"index, follow, max-snippet:-1, max-image-preview:large, max-video-preview:-1\" \/>\n<link rel=\"canonical\" href=\"https:\/\/www.university-in-germany.com\/es\/estudiar-en-alemania\/\" \/>\n<meta property=\"og:locale\" content=\"es_ES\" \/>\n<meta property=\"og:type\" content=\"article\" \/>\n<meta property=\"og:title\" content=\"Estudiar en Alemania - Hochschulbildung in Deutschland\" \/>\n<meta property=\"og:description\" content=\"[vc_row][vc_column][vc_column_text el_class=\u00bbnew_text_title\u00bb] Estudiar en Alemania [\/vc_column_text][\/vc_column][\/vc_row][vc_row][vc_column width=\u00bb2\/3&#8243;][vc_column_text el_class=\u00bbnew_text\u00bb] Costes Vivir y estudiar en Alemania no es caro: los costes de...\" \/>\n<meta property=\"og:url\" content=\"https:\/\/www.university-in-germany.com\/es\/estudiar-en-alemania\/\" \/>\n<meta property=\"og:site_name\" content=\"Hochschulbildung in Deutschland\" \/>\n<meta property=\"article:publisher\" content=\"https:\/\/de-de.facebook.com\/hsmagdeburg\/\" \/>\n<meta property=\"article:modified_time\" content=\"2023-08-04T08:49:35+00:00\" \/>\n<meta name=\"twitter:card\" content=\"summary_large_image\" \/>\n<meta name=\"twitter:label1\" content=\"Tiempo de lectura\" \/>\n\t<meta name=\"twitter:data1\" content=\"7 minutos\" \/>\n<script type=\"application\/ld+json\" class=\"yoast-schema-graph\">{\"@context\":\"https:\/\/schema.org\",\"@graph\":[{\"@type\":\"WebPage\",\"@id\":\"https:\/\/www.university-in-germany.com\/es\/estudiar-en-alemania\/\",\"url\":\"https:\/\/www.university-in-germany.com\/es\/estudiar-en-alemania\/\",\"name\":\"Estudiar en Alemania - Hochschulbildung in Deutschland\",\"isPartOf\":{\"@id\":\"https:\/\/www.university-in-germany.com\/#website\"},\"datePublished\":\"2022-03-02T10:49:44+00:00\",\"dateModified\":\"2023-08-04T08:49:35+00:00\",\"breadcrumb\":{\"@id\":\"https:\/\/www.university-in-germany.com\/es\/estudiar-en-alemania\/#breadcrumb\"},\"inLanguage\":\"es\",\"potentialAction\":[{\"@type\":\"ReadAction\",\"target\":[\"https:\/\/www.university-in-germany.com\/es\/estudiar-en-alemania\/\"]}]},{\"@type\":\"BreadcrumbList\",\"@id\":\"https:\/\/www.university-in-germany.com\/es\/estudiar-en-alemania\/#breadcrumb\",\"itemListElement\":[{\"@type\":\"ListItem\",\"position\":1,\"name\":\"Home\",\"item\":\"https:\/\/www.university-in-germany.com\/es\/\"},{\"@type\":\"ListItem\",\"position\":2,\"name\":\"Estudiar en Alemania\"}]},{\"@type\":\"WebSite\",\"@id\":\"https:\/\/www.university-in-germany.com\/#website\",\"url\":\"https:\/\/www.university-in-germany.com\/\",\"name\":\"Hochschule Magdeburg-Stendal\/ Magdeburf-Stendal University of Applied Sciences\",\"description\":\"\",\"potentialAction\":[{\"@type\":\"SearchAction\",\"target\":{\"@type\":\"EntryPoint\",\"urlTemplate\":\"https:\/\/www.university-in-germany.com\/?s={search_term_string}\"},\"query-input\":\"required name=search_term_string\"}],\"inLanguage\":\"es\"}]}<\/script>\n<!-- \/ Yoast SEO plugin. -->","yoast_head_json":{"title":"Estudiar en Alemania - Hochschulbildung in Deutschland","robots":{"index":"index","follow":"follow","max-snippet":"max-snippet:-1","max-image-preview":"max-image-preview:large","max-video-preview":"max-video-preview:-1"},"canonical":"https:\/\/www.university-in-germany.com\/es\/estudiar-en-alemania\/","og_locale":"es_ES","og_type":"article","og_title":"Estudiar en Alemania - Hochschulbildung in Deutschland","og_description":"[vc_row][vc_column][vc_column_text el_class=\u00bbnew_text_title\u00bb] Estudiar en Alemania [\/vc_column_text][\/vc_column][\/vc_row][vc_row][vc_column width=\u00bb2\/3&#8243;][vc_column_text el_class=\u00bbnew_text\u00bb] Costes Vivir y estudiar en Alemania no es caro: los costes de...","og_url":"https:\/\/www.university-in-germany.com\/es\/estudiar-en-alemania\/","og_site_name":"Hochschulbildung in Deutschland","article_publisher":"https:\/\/de-de.facebook.com\/hsmagdeburg\/","article_modified_time":"2023-08-04T08:49:35+00:00","twitter_card":"summary_large_image","twitter_misc":{"Tiempo de lectura":"7 minutos"},"schema":{"@context":"https:\/\/schema.org","@graph":[{"@type":"WebPage","@id":"https:\/\/www.university-in-germany.com\/es\/estudiar-en-alemania\/","url":"https:\/\/www.university-in-germany.com\/es\/estudiar-en-alemania\/","name":"Estudiar en Alemania - Hochschulbildung in Deutschland","isPartOf":{"@id":"https:\/\/www.university-in-germany.com\/#website"},"datePublished":"2022-03-02T10:49:44+00:00","dateModified":"2023-08-04T08:49:35+00:00","breadcrumb":{"@id":"https:\/\/www.university-in-germany.com\/es\/estudiar-en-alemania\/#breadcrumb"},"inLanguage":"es","potentialAction":[{"@type":"ReadAction","target":["https:\/\/www.university-in-germany.com\/es\/estudiar-en-alemania\/"]}]},{"@type":"BreadcrumbList","@id":"https:\/\/www.university-in-germany.com\/es\/estudiar-en-alemania\/#breadcrumb","itemListElement":[{"@type":"ListItem","position":1,"name":"Home","item":"https:\/\/www.university-in-germany.com\/es\/"},{"@type":"ListItem","position":2,"name":"Estudiar en Alemania"}]},{"@type":"WebSite","@id":"https:\/\/www.university-in-germany.com\/#website","url":"https:\/\/www.university-in-germany.com\/","name":"Hochschule Magdeburg-Stendal\/ Magdeburf-Stendal University of Applied Sciences","description":"","potentialAction":[{"@type":"SearchAction","target":{"@type":"EntryPoint","urlTemplate":"https:\/\/www.university-in-germany.com\/?s={search_term_string}"},"query-input":"required name=search_term_string"}],"inLanguage":"es"}]}},"_links":{"self":[{"href":"https:\/\/www.university-in-germany.com\/es\/wp-json\/wp\/v2\/pages\/4143"}],"collection":[{"href":"https:\/\/www.university-in-germany.com\/es\/wp-json\/wp\/v2\/pages"}],"about":[{"href":"https:\/\/www.university-in-germany.com\/es\/wp-json\/wp\/v2\/types\/page"}],"author":[{"embeddable":true,"href":"https:\/\/www.university-in-germany.com\/es\/wp-json\/wp\/v2\/users\/3"}],"replies":[{"embeddable":true,"href":"https:\/\/www.university-in-germany.com\/es\/wp-json\/wp\/v2\/comments?post=4143"}],"version-history":[{"count":12,"href":"https:\/\/www.university-in-germany.com\/es\/wp-json\/wp\/v2\/pages\/4143\/revisions"}],"predecessor-version":[{"id":5206,"href":"https:\/\/www.university-in-germany.com\/es\/wp-json\/wp\/v2\/pages\/4143\/revisions\/5206"}],"wp:attachment":[{"href":"https:\/\/www.university-in-germany.com\/es\/wp-json\/wp\/v2\/media?parent=4143"}],"curies":[{"name":"wp","href":"https:\/\/api.w.org\/{rel}","templated":true}]}}