{"id":4132,"date":"2022-03-01T16:53:51","date_gmt":"2022-03-01T15:53:51","guid":{"rendered":"https:\/\/www.university-in-germany.com\/?page_id=4132"},"modified":"2022-03-03T11:48:52","modified_gmt":"2022-03-03T10:48:52","slug":"universidad-en-alemania","status":"publish","type":"page","link":"https:\/\/www.university-in-germany.com\/es\/universidad-en-alemania\/","title":{"rendered":"Universidad"},"content":{"rendered":"<p>[vc_row][vc_column][vc_column_text el_class=\u00bbnew_text_title\u00bb]<\/p>\n<h2>Universidad en Alemania<\/h2>\n<p>[\/vc_column_text][\/vc_column][\/vc_row][vc_row][vc_column width=\u00bb2\/3&#8243;][vc_column_text el_class=\u00bbnew_text\u00bb]Somos una universidad de ciencias aplicadas joven, din\u00e1mica y familiar con cerca de 6000 estudiantes. Las clases se imparten en grupos de estudio reducidos que cuentan con el exhaustivo acompa\u00f1amiento de 130 catedr\u00e1ticos y catedr\u00e1ticas. Unos edificios cuidadosamente reacondicionados y dotados de los m\u00e1s modernos laboratorios y estudios, la \u00faltima tecnolog\u00eda, las salas de ordenadores, las bibliotecas y la conexi\u00f3n wifi gratuita crean las condiciones \u00f3ptimas para nuestros y nuestras estudiantes. Para cubrir todos los intereses, nuestra Universidad de Ciencias Aplicadas en Alemania ofrece un amplio abanico de carreras: <em><strong>desde Ingenier\u00eda Mec\u00e1nica <\/strong><strong>y Ciencias Empresariales hasta Psicolog\u00eda de la Rehabilitaci\u00f3n, <\/strong><strong>Interpretaci\u00f3n de Lengua de Signos, Periodismo, Traducci\u00f3n Especializada <\/strong><strong>e Ingenier\u00eda Hidr\u00e1ulica<\/strong>.<\/em>[\/vc_column_text][\/vc_column][vc_column width=\u00bb1\/3&#8243;][vc_single_image image=\u00bb887&#8243; img_size=\u00bbfull\u00bb][\/vc_column][\/vc_row][vc_row][vc_column css=\u00bb.vc_custom_1639586061224{margin-bottom: 40px !important;}\u00bb][vc_empty_space][\/vc_column][\/vc_row][vc_row el_class=\u00bbtext_right\u00bb][vc_column width=\u00bb1\/3&#8243;][vc_single_image image=\u00bb872&#8243; img_size=\u00bbfull\u00bb][\/vc_column][vc_column width=\u00bb2\/3&#8243;][vc_column_text el_class=\u00bbnew_text\u00bb]<\/p>\n<h2>Universidad de ciencias aplicadas<\/h2>\n<p>Somos una universidad de ciencias aplicadas. Esto significa que te ofrecemos carreras con mucha experiencia pr\u00e1ctica. A diferencia de una carrera en una universidad, con nosotros, adquirir\u00e1s gran parte de tus conocimientos mediante experimentos pr\u00e1cticos en el laboratorio o el estudio, en proyectos con empresas nacionales e internacionales, y la posibilidad de realizar pr\u00e1cticas durante tus estudios. Al final, por supuesto, seguir\u00e1s obteniendo un t\u00edtulo de grado o de m\u00e1ster equivalente. Si prefieres trabajar en una empresa tras finalizar tus estudios y no quieres seguir una carrera acad\u00e9mica, un t\u00edtulo de una universidad de ciencias aplicadas te ofrece la siguiente ventaja: podr\u00e1s demostrar a tu posible empleador m\u00e1s experiencia laboral dentro de tu carrera, lo que facilitar\u00e1 tu incorporaci\u00f3n al mundo laboral.<\/p>\n<p>Hemos resumido aqu\u00ed todas las diferencias importantes entre estudiar en una universidad de ciencias aplicadas y en una universidad:[\/vc_column_text][\/vc_column][\/vc_row][vc_row el_class=\u00bbtext_right\u00bb][vc_column css=\u00bb.vc_custom_1639586078879{margin-top: 40px !important;margin-bottom: 40px !important;}\u00bb][vc_column_text el_class=\u00bbnew_text\u00bb]<\/p>\n<dl>\n<dd style=\"margin-inline-start: 0px;\">\n<table width=\"100%\" cellspacing=\"0\" cellpadding=\"1\">\n<thead>\n<tr>\n<td width=\"50%\" height=\"17\">\n<h3><strong>Universidad de ciencias aplicadas<\/strong><\/h3>\n<p><em style=\"margin-top: -20px; display: block;\">University of Applied Siences<\/em><\/td>\n<td>\n<h3><b>Universidad<\/b><\/h3>\n<p><em style=\"margin-top: -20px; display: block;\">Research University<\/em><\/td>\n<\/tr>\n<\/thead>\n<tbody>\n<tr>\n<td colspan=\"2\" width=\"100%\" height=\"36\">\n<p align=\"center\">T\u00edtulos de licenciatura y diplomatura equivalentes<\/p>\n<\/td>\n<\/tr>\n<tr>\n<td height=\"36\">ideal para una incorporaci\u00f3n r\u00e1pida<br \/>\nen el mundo laboral<\/td>\n<td>ideal para una carrera acad\u00e9mica<br \/>\ny\/o para trabajar en investigaci\u00f3n<\/td>\n<\/tr>\n<tr>\n<td height=\"16\">estudio: pr\u00e1ctico<\/td>\n<td>estudio: te\u00f3rico<\/td>\n<\/tr>\n<tr>\n<td height=\"36\">ejercicios pr\u00e1cticos, trabajo en grupo,<br \/>\npr\u00e1cticas y proyectos con empresa<\/td>\n<td>gran esfuerzo de aprendizaje con muchos<br \/>\nex\u00e1menes al final del semestre<\/td>\n<\/tr>\n<tr>\n<td height=\"17\">m\u00e1ximo 100 estudiantes por clase<\/td>\n<td>hasta 1000 estudiantes por clase<\/td>\n<\/tr>\n<tr>\n<td height=\"16\">contacto personal con los profesores<\/td>\n<td>poca relaci\u00f3n con los profesores<\/td>\n<\/tr>\n<tr>\n<td height=\"17\">apoyo individual<\/td>\n<td>no es posible ofrecer un apoyo intensivo<\/td>\n<\/tr>\n<tr>\n<td height=\"17\">organizaci\u00f3n familiar y de tipo escolar<\/td>\n<td>autoorganizaci\u00f3n de los estudios<\/td>\n<\/tr>\n<\/tbody>\n<\/table>\n<\/dd>\n<\/dl>\n<p>[\/vc_column_text][\/vc_column][\/vc_row][vc_row][vc_column][vc_empty_space][\/vc_column][\/vc_row][vc_row][vc_column width=\u00bb2\/3&#8243;][vc_column_text el_class=\u00bbnew_text\u00bb]<\/p>\n<h2><strong>Campus e instalaciones<\/strong><\/h2>\n<h3><strong>Estudia rodeado\/a de naturaleza<\/strong><\/h3>\n<p>Los dos campus de la universidad en las ciudades de Magdeburgo y Stendal tienen una clara distribuci\u00f3n y las distancias son cortas. Hay muchos \u00e1rboles y prados, por lo que todos los estudiantes tienen espacio suficiente para jugar al f\u00fatbol o al voleibol de playa entre las clases, o para relajarse al sol. O incluso para seguir estudiando, ya que hay wifi en todo el campus.[\/vc_column_text][\/vc_column][vc_column width=\u00bb1\/3&#8243;][vc_single_image image=\u00bb953&#8243; img_size=\u00bbfull\u00bb][\/vc_column][\/vc_row][vc_row][vc_column][vc_empty_space][\/vc_column][\/vc_row][vc_row el_class=\u00bbtext_right\u00bb][vc_column width=\u00bb1\/3&#8243;][vc_single_image image=\u00bb878&#8243; img_size=\u00bbfull\u00bb][\/vc_column][vc_column width=\u00bb2\/3&#8243;][vc_column_text el_class=\u00bbnew_text\u00bb]<\/p>\n<h3><strong>Estudia con las mejores instalaciones<\/strong><\/h3>\n<p>En laboratorios, talleres y estudios equipados con la \u00faltima tecnolog\u00eda podr\u00e1s trabajar de manera pr\u00e1ctica y utilizar tus conocimientos te\u00f3ricos de las clases y seminarios en experimentos o en redacciones docentes. Por supuesto, tambi\u00e9n forman parte del equipamiento las salas con ordenadores modernos y todos los programas necesarios en las diferentes carreras.<\/p>\n<p>Y la biblioteca tambi\u00e9n ofrece abundante bibliograf\u00eda y libros electr\u00f3nicos, o simplemente un lugar tranquilo para trabajar.<\/p>\n<p>[\/vc_column_text][\/vc_column][\/vc_row][vc_row][vc_column][vc_empty_space][\/vc_column][\/vc_row][vc_row][vc_column width=\u00bb2\/3&#8243;][vc_column_text el_class=\u00bbnew_text\u00bb]<\/p>\n<h3><b>Comida<\/b><\/h3>\n<div class=\"vc_tta-panel-body\">\n<div class=\"wpb_text_column wpb_content_element \">\n<div class=\"wpb_wrapper\">\n<p>En las ciudades universitarias de Magdeburgo y Stendal existen abundantes opciones de alimentaci\u00f3n para todos los y las estudiantes. El comedor universitario ofrece diariamente un gran surtido de platos calientes, ensaladas y postres a precios asequibles. <strong>Un almuerzo (con bebida incluida) puede costar unos 3,50 euros.<\/strong><\/p>\n<p>Adem\u00e1s, el campus tambi\u00e9n cuenta con cafeter\u00edas que ofrecen tartas y caf\u00e9s. Asimismo, es posible comprar refrigerios, helados o bebidas fr\u00edas en cualquiera de las numerosas m\u00e1quinas expendedoras de comida. En las de bebidas, el agua fr\u00eda con o sin gas es gratuita para todos los y las estudiantes.<\/p>\n<\/div>\n<\/div>\n<\/div>\n<p>[\/vc_column_text][\/vc_column][vc_column width=\u00bb1\/3&#8243;][vc_single_image image=\u00bb923&#8243; img_size=\u00bbfull\u00bb][\/vc_column][\/vc_row][vc_row][vc_column css=\u00bb.vc_custom_1639586117956{margin-bottom: 80px !important;}\u00bb][vc_empty_space][\/vc_column][\/vc_row][vc_row el_class=\u00bbtext_right\u00bb][vc_column width=\u00bb1\/3&#8243;][vc_single_image image=\u00bb860&#8243; img_size=\u00bbfull\u00bb][\/vc_column][vc_column width=\u00bb2\/3&#8243;][vc_column_text el_class=\u00bbnew_text\u00bb]<\/p>\n<h2>Duraci\u00f3n de los estudios en una universidad de ciencias aplicadas alemana<b><\/b><\/h2>\n<p>Un programa de grado en la universidad de Ciencias Aplicada de Magdeburgo-Stendal suele tener una duraci\u00f3n de 6 o 7 semestres y, un programa de m\u00e1ster, 3 o 4 semestres. Si los programas de grado y m\u00e1ster se completan en la misma universidad, la carrera completa suele tener una duraci\u00f3n de 10 semestres.<\/p>\n<p>Los programas de estudios duales son una excepci\u00f3n. Aqu\u00ed se combina un t\u00edtulo universitario con una formaci\u00f3n profesional pr\u00e1ctica en una empresa. Debido a la formaci\u00f3n profesional adicional, la duraci\u00f3n de los estudios puede ampliarse a 9 semestres.[\/vc_column_text][\/vc_column][\/vc_row][vc_row][vc_column css=\u00bb.vc_custom_1639586144080{margin-bottom: 80px !important;}\u00bb][vc_empty_space][\/vc_column][\/vc_row][vc_row][vc_column width=\u00bb2\/3&#8243;][vc_column_text el_class=\u00bbnew_text\u00bb]<\/p>\n<h2>Estudios duales<\/h2>\n<p>Un programa de estudios dual combina una formaci\u00f3n profesional en una empresa de tu elecci\u00f3n (trabajo pr\u00e1ctico) con estudios en universidades o universidades de ciencias aplicadas en Alemania.<br \/>\nEsto significa que los conocimientos acad\u00e9micos se combinan con la aplicaci\u00f3n pr\u00e1ctica. Adem\u00e1s del t\u00edtulo de grado, con la formaci\u00f3n profesional tambi\u00e9n obtienes un t\u00edtulo reconocido por el Estado en Alemania. Esto significa que el\/la estudiante ya es tambi\u00e9n un(a) empleado\/a de la empresa y ya recibe un salario regular durante la formaci\u00f3n profesional. Por regla general, los estudiantes alternan un semestre en la universidad y un semestre en la empresa. Seguir\u00e1s recibiendo un salario mensual durante todo el programa de estudios dual. El importe del salario cubre todos los gastos durante los estudios, por lo que no es necesaria una financiaci\u00f3n adicional, por ejemplo, mediante un trabajo a tiempo parcial.<\/p>\n<h3>Carreras duales en la universidad<\/h3>\n<p>\u00a1Estudia una formaci\u00f3n profesional en Alemania y una carrera al mismo tiempo!<br \/>\nEn nuestra universidad tambi\u00e9n puedes estudiar las siguientes carreras duales:<\/p>\n<ul>\n<li>Administraci\u00f3n de Empresas<\/li>\n<li>Ingenier\u00eda Civil<\/li>\n<li>Ingenier\u00eda El\u00e9ctrica<\/li>\n<\/ul>\n<p>[\/vc_column_text][\/vc_column][vc_column width=\u00bb1\/3&#8243;][vc_single_image image=\u00bb938&#8243; img_size=\u00bbfull\u00bb][\/vc_column][\/vc_row][vc_row][vc_column css=\u00bb.vc_custom_1639586159718{margin-bottom: 40px !important;}\u00bb][vc_empty_space][\/vc_column][\/vc_row][vc_row el_class=\u00bbtext_right\u00bb][vc_column width=\u00bb1\/3&#8243;][vc_single_image image=\u00bb926&#8243; img_size=\u00bbfull\u00bb][\/vc_column][vc_column width=\u00bb2\/3&#8243;][vc_column_text el_class=\u00bbnew_text\u00bb]<\/p>\n<h2>Ofertas adicionales de la universidad<\/h2>\n<h3><strong>Formaci\u00f3n continua paralela a la carrera<\/strong><\/h3>\n<h4>Studium Generale (cursos de formaci\u00f3n continua)<\/h4>\n<p>Studium Generale es una oferta abierta de cursos de especial utilidad para la carrera acad\u00e9mica, la carrera profesional y la vida. Las tem\u00e1ticas abordadas incluyen, por ejemplo, conocimientos de inform\u00e1tica, conocimientos t\u00e9cnicos, internacionalizaci\u00f3n, actividades creativas e idiomas.<\/p>\n<h4><strong>Cursos gratuitos de alem\u00e1n<\/strong><\/h4>\n<p>A diferencia de muchas universidades alemanas, en la Universidad de Ciencias Aplicadas de Magdeburgo-Stendal, los y las estudiantes pueden perfeccionar sus conocimientos de alem\u00e1n en cursos gratuitos.<\/p>\n<h3><span lang=\"ES\">Acompa\u00f1amiento intensivo<\/span> en la universidad<\/h3>\n<h4><strong>Programa de mentor\u00edas (apoyo al comienzo de los estudios)<\/strong><\/h4>\n<p>Los nuevos y nuevas estudiantes reciben asesoramiento t\u00e9cnico y asistencia personal al comienzo de la carrera por parte de los mentores y mentoras: estudiantes de semestres superiores de su misma especialidad.<\/p>\n<h4><b>Buddyprogramm <\/b>\u2013 <strong>acompa\u00f1amiento personal con m\u00faltiples eventos<\/strong><\/h4>\n<p>Nuestros padrinos y madrinas germanoparlantes \u2013los llamados buddies\u2013 brindan ayuda y consejo a los y las estudiantes internacionales, desde la llegada a la nueva ciudad hasta el apoyo en el d\u00eda a d\u00eda acad\u00e9mico y la posterior b\u00fasqueda de pr\u00e1cticas de empresa. Los y las buddies les ayudan a sentirse a gusto en Magdeburgo y Stendal y a conocer a fondo la cultura y la lengua alemanas.[\/vc_column_text][\/vc_column][\/vc_row][vc_row][vc_column css=\u00bb.vc_custom_1639586167253{margin-bottom: 40px !important;}\u00bb][vc_empty_space][\/vc_column][\/vc_row][vc_row][vc_column width=\u00bb2\/3&#8243;][vc_column_text el_class=\u00bbnew_text\u00bb]<\/p>\n<h3><b>Oferta de ocio en la universidad<br \/>\n<\/b><\/h3>\n<h4><strong>Cursos deportivos<\/strong><\/h4>\n<p>Cada semestre, los y las estudiantes disponen de una oferta de m\u00e1s de 100 cursos deportivos, entre los que hay para todos los gustos: desde atletismo, f\u00fatbol y b\u00e1dminton hasta distintas modalidades de baile, bodyfit o yoga.<br \/>\nCoste: aprox. 10 euros por semestre<\/p>\n<h4><strong>Talleres creativos<\/strong><\/h4>\n<p>La Organizaci\u00f3n de Servicios para Estudiantes de Magdeburgo ofrece cada semestre a los y las estudiantes de universidades convencionales y universidades de ciencias aplicadas de Alemania un gran n\u00famero de talleres creativos, como costura, fotograf\u00eda o interpretaci\u00f3n teatral.[\/vc_column_text][\/vc_column][vc_column width=\u00bb1\/3&#8243;][vc_single_image image=\u00bb968&#8243; img_size=\u00bbfull\u00bb][\/vc_column][\/vc_row][vc_row][vc_column css=\u00bb.vc_custom_1639586209482{margin-bottom: 80px !important;}\u00bb][vc_empty_space][\/vc_column][\/vc_row]<\/p>\n","protected":false},"excerpt":{"rendered":"<p>[vc_row][vc_column][vc_column_text el_class=\u00bbnew_text_title\u00bb] Universidad en Alemania [\/vc_column_text][\/vc_column][\/vc_row][vc_row][vc_column width=\u00bb2\/3&#8243;][vc_column_text el_class=\u00bbnew_text\u00bb]Somos una universidad de ciencias aplicadas joven, din\u00e1mica y familiar con cerca de&#8230;<\/p>\n","protected":false},"author":3,"featured_media":0,"parent":0,"menu_order":0,"comment_status":"closed","ping_status":"closed","template":"","meta":[],"yoast_head":"<!-- This site is optimized with the Yoast SEO plugin v20.6 - https:\/\/yoast.com\/wordpress\/plugins\/seo\/ -->\n<title>Universidad en Alemania - University in Germany<\/title>\n<meta name=\"robots\" content=\"index, follow, max-snippet:-1, max-image-preview:large, max-video-preview:-1\" \/>\n<link rel=\"canonical\" href=\"https:\/\/www.university-in-germany.com\/es\/universidad-en-alemania\/\" \/>\n<meta property=\"og:locale\" content=\"es_ES\" \/>\n<meta property=\"og:type\" content=\"article\" \/>\n<meta property=\"og:title\" content=\"Universidad en Alemania - University in Germany\" \/>\n<meta property=\"og:description\" content=\"[vc_row][vc_column][vc_column_text el_class=\u00bbnew_text_title\u00bb] Universidad en Alemania [\/vc_column_text][\/vc_column][\/vc_row][vc_row][vc_column width=\u00bb2\/3&#8243;][vc_column_text el_class=\u00bbnew_text\u00bb]Somos una universidad de ciencias aplicadas joven, din\u00e1mica y familiar con cerca de...\" \/>\n<meta property=\"og:url\" content=\"https:\/\/www.university-in-germany.com\/es\/universidad-en-alemania\/\" \/>\n<meta property=\"og:site_name\" content=\"Hochschulbildung in Deutschland\" \/>\n<meta property=\"article:publisher\" content=\"https:\/\/de-de.facebook.com\/hsmagdeburg\/\" \/>\n<meta property=\"article:modified_time\" content=\"2022-03-03T10:48:52+00:00\" \/>\n<meta name=\"twitter:card\" content=\"summary_large_image\" \/>\n<meta name=\"twitter:label1\" content=\"Tiempo de lectura\" \/>\n\t<meta name=\"twitter:data1\" content=\"6 minutos\" \/>\n<script type=\"application\/ld+json\" class=\"yoast-schema-graph\">{\"@context\":\"https:\/\/schema.org\",\"@graph\":[{\"@type\":\"WebPage\",\"@id\":\"https:\/\/www.university-in-germany.com\/es\/universidad-en-alemania\/\",\"url\":\"https:\/\/www.university-in-germany.com\/es\/universidad-en-alemania\/\",\"name\":\"Universidad en Alemania - University in Germany\",\"isPartOf\":{\"@id\":\"https:\/\/www.university-in-germany.com\/#website\"},\"datePublished\":\"2022-03-01T15:53:51+00:00\",\"dateModified\":\"2022-03-03T10:48:52+00:00\",\"breadcrumb\":{\"@id\":\"https:\/\/www.university-in-germany.com\/es\/universidad-en-alemania\/#breadcrumb\"},\"inLanguage\":\"es\",\"potentialAction\":[{\"@type\":\"ReadAction\",\"target\":[\"https:\/\/www.university-in-germany.com\/es\/universidad-en-alemania\/\"]}]},{\"@type\":\"BreadcrumbList\",\"@id\":\"https:\/\/www.university-in-germany.com\/es\/universidad-en-alemania\/#breadcrumb\",\"itemListElement\":[{\"@type\":\"ListItem\",\"position\":1,\"name\":\"Home\",\"item\":\"https:\/\/www.university-in-germany.com\/es\/\"},{\"@type\":\"ListItem\",\"position\":2,\"name\":\"Universidad\"}]},{\"@type\":\"WebSite\",\"@id\":\"https:\/\/www.university-in-germany.com\/#website\",\"url\":\"https:\/\/www.university-in-germany.com\/\",\"name\":\"Hochschule Magdeburg-Stendal\/ Magdeburf-Stendal University of Applied Sciences\",\"description\":\"\",\"potentialAction\":[{\"@type\":\"SearchAction\",\"target\":{\"@type\":\"EntryPoint\",\"urlTemplate\":\"https:\/\/www.university-in-germany.com\/?s={search_term_string}\"},\"query-input\":\"required name=search_term_string\"}],\"inLanguage\":\"es\"}]}<\/script>\n<!-- \/ Yoast SEO plugin. -->","yoast_head_json":{"title":"Universidad en Alemania - University in Germany","robots":{"index":"index","follow":"follow","max-snippet":"max-snippet:-1","max-image-preview":"max-image-preview:large","max-video-preview":"max-video-preview:-1"},"canonical":"https:\/\/www.university-in-germany.com\/es\/universidad-en-alemania\/","og_locale":"es_ES","og_type":"article","og_title":"Universidad en Alemania - University in Germany","og_description":"[vc_row][vc_column][vc_column_text el_class=\u00bbnew_text_title\u00bb] Universidad en Alemania [\/vc_column_text][\/vc_column][\/vc_row][vc_row][vc_column width=\u00bb2\/3&#8243;][vc_column_text el_class=\u00bbnew_text\u00bb]Somos una universidad de ciencias aplicadas joven, din\u00e1mica y familiar con cerca de...","og_url":"https:\/\/www.university-in-germany.com\/es\/universidad-en-alemania\/","og_site_name":"Hochschulbildung in Deutschland","article_publisher":"https:\/\/de-de.facebook.com\/hsmagdeburg\/","article_modified_time":"2022-03-03T10:48:52+00:00","twitter_card":"summary_large_image","twitter_misc":{"Tiempo de lectura":"6 minutos"},"schema":{"@context":"https:\/\/schema.org","@graph":[{"@type":"WebPage","@id":"https:\/\/www.university-in-germany.com\/es\/universidad-en-alemania\/","url":"https:\/\/www.university-in-germany.com\/es\/universidad-en-alemania\/","name":"Universidad en Alemania - University in Germany","isPartOf":{"@id":"https:\/\/www.university-in-germany.com\/#website"},"datePublished":"2022-03-01T15:53:51+00:00","dateModified":"2022-03-03T10:48:52+00:00","breadcrumb":{"@id":"https:\/\/www.university-in-germany.com\/es\/universidad-en-alemania\/#breadcrumb"},"inLanguage":"es","potentialAction":[{"@type":"ReadAction","target":["https:\/\/www.university-in-germany.com\/es\/universidad-en-alemania\/"]}]},{"@type":"BreadcrumbList","@id":"https:\/\/www.university-in-germany.com\/es\/universidad-en-alemania\/#breadcrumb","itemListElement":[{"@type":"ListItem","position":1,"name":"Home","item":"https:\/\/www.university-in-germany.com\/es\/"},{"@type":"ListItem","position":2,"name":"Universidad"}]},{"@type":"WebSite","@id":"https:\/\/www.university-in-germany.com\/#website","url":"https:\/\/www.university-in-germany.com\/","name":"Hochschule Magdeburg-Stendal\/ Magdeburf-Stendal University of Applied Sciences","description":"","potentialAction":[{"@type":"SearchAction","target":{"@type":"EntryPoint","urlTemplate":"https:\/\/www.university-in-germany.com\/?s={search_term_string}"},"query-input":"required name=search_term_string"}],"inLanguage":"es"}]}},"_links":{"self":[{"href":"https:\/\/www.university-in-germany.com\/es\/wp-json\/wp\/v2\/pages\/4132"}],"collection":[{"href":"https:\/\/www.university-in-germany.com\/es\/wp-json\/wp\/v2\/pages"}],"about":[{"href":"https:\/\/www.university-in-germany.com\/es\/wp-json\/wp\/v2\/types\/page"}],"author":[{"embeddable":true,"href":"https:\/\/www.university-in-germany.com\/es\/wp-json\/wp\/v2\/users\/3"}],"replies":[{"embeddable":true,"href":"https:\/\/www.university-in-germany.com\/es\/wp-json\/wp\/v2\/comments?post=4132"}],"version-history":[{"count":9,"href":"https:\/\/www.university-in-germany.com\/es\/wp-json\/wp\/v2\/pages\/4132\/revisions"}],"predecessor-version":[{"id":4142,"href":"https:\/\/www.university-in-germany.com\/es\/wp-json\/wp\/v2\/pages\/4132\/revisions\/4142"}],"wp:attachment":[{"href":"https:\/\/www.university-in-germany.com\/es\/wp-json\/wp\/v2\/media?parent=4132"}],"curies":[{"name":"wp","href":"https:\/\/api.w.org\/{rel}","templated":true}]}}