{"id":745,"date":"2020-02-07T15:13:48","date_gmt":"2020-02-07T14:13:48","guid":{"rendered":"https:\/\/www.university-in-germany.com\/privacy\/"},"modified":"2024-05-28T15:52:54","modified_gmt":"2024-05-28T13:52:54","slug":"privacy","status":"publish","type":"page","link":"https:\/\/www.university-in-germany.com\/en\/privacy\/","title":{"rendered":"Datenschutz"},"content":{"rendered":"<p>[vc_row][vc_column][vc_row_inner][vc_column_inner][vc_column_text]&nbsp;<\/p>\n<p>&nbsp;[\/vc_column_text][vc_column_text css=&#8221;.vc_custom_1716904370157{margin-top: 100px !important;}&#8221;]<\/p>\n<h1><strong>Datenschutzerkl\u00e4rung<\/strong><\/h1>\n<p>Sie erhalten als Nutzer unserer Internetseite in dieser Datenschutzerkl\u00e4rung alle notwendigen Informationen dar\u00fcber, wie, in welchem Umfang sowie zu welchem Zweck wir oder Drittanbieter Daten von Ihnen erheben und diese verarbeiten. Die Erhebung und Nutzung Ihrer Daten erfolgt streng nach den gesetzlichen Vorgaben, insbesondere der EU-Datenschutz-Grundverordnung (EU-DSGVO) und des Bundesdatenschutzgesetztes (neu). Wir f\u00fchlen uns der Vertraulichkeit Ihrer personenbezogenen Daten besonders verpflichtet und arbeiten deshalb streng innerhalb der Grenzen, welche die gesetzlichen Vorgaben uns setzen. Die Verarbeitung von personenbezogenen Daten erfolgt auf freiwilliger Basis, wenn uns das m\u00f6glich ist. Auch geben wir diese Daten nur mit Ihrer ausdr\u00fccklichen Zustimmung an Dritte weiter. Wir sorgen bei besonders vertraulichen Daten, wie im Hinblick auf Ihre Anfragen an uns, durch Einsatz einer SSL-Verschl\u00fcsselung f\u00fcr hohe Sicherheit. Wir m\u00f6chten es aber an dieser Stelle nicht vers\u00e4umen, auf die allgemeinen Gefahren der Internetnutzung hinzuweisen, auf die wir keinen Einfluss haben. Besonders im E-Mail-Verkehr sind Ihre Daten ohne weitere Vorkehrungen nicht sicher und k\u00f6nnen unter Umst\u00e4nden von Dritten erfasst werden.<\/p>\n<p><strong>Name und Kontaktdaten des f\u00fcr die Datenverarbeitung Verantwortlichen:<\/strong><\/p>\n<p><em>Hochschule Magdeburg-Stendal<\/em><br \/>\n<em>Servicebereich Studium und Internationales \u2013 International Office<br \/>\nBreitscheidstra\u00dfe 2<\/em><br \/>\n<em>39114 Magdeburg<br \/>\n0391-8864210<\/em><br \/>\n<em>international@h2.de<\/em><\/p>\n<p><strong>Die Kontaktdaten des Datenschutzbeauftragten:<\/strong><\/p>\n<p><strong><br \/>\n<\/strong><strong><em>Prof. Dr. Holger Schanz<\/em><\/strong><\/p>\n<p><em>Tel.: (0391) 886 43 17<br \/>\nFax: (0391) 886 41 23<br \/>\nE-Mail: <\/em><a href=\"mailto:datenschutz@h2.de\">datenschutz@h2.de<\/a><\/p>\n<p><strong>Umfang der Verarbeitung personenbezogener Daten<\/strong><\/p>\n<p>Im Allgemeinen ist die Nutzung dieser Website ohne die Eingabe und Verarbeitung von personenbezogenen Daten m\u00f6glich. F\u00fcr die Abwicklung bestimmter Vorg\u00e4nge, beispielsweise \u00fcber die Newsletter-Anmeldung, kann es jedoch erforderlich sein, dass Sie uns Daten zur Verf\u00fcgung stellen. Folgende Datenkategorien k\u00f6nnen in diesem Fall von uns erhoben werden:<\/p>\n<ul>\n<li>Personendaten (Jahr des Schulabschlusses)<\/li>\n<li>Kontaktdaten (E-Mail-Adresse)<\/li>\n<\/ul>\n<p>Das Bereitstellen dieser Daten erfolgt auf freiwilliger Basis. Wenn Sie uns die erforderlichen personenbezogenen Daten jedoch nicht zur Verf\u00fcgung stellen, kann Ihr Anliegen unter Umst\u00e4nden nicht bearbeitet werden.<\/p>\n<p><strong>Erhebung von Zugriffsdaten<\/strong><\/p>\n<p>Die Auslieferung und Darstellung der Inhalte \u00fcber unsere Webseite erfordert technisch die Erfassung bestimmter Daten. Mit Ihrem Zugriff auf unsere Webseite werden diese sogenannten Server-Logfiles durch uns oder den Provider des Webspace erfasst. Diese Logfiles erlauben keinen R\u00fcckschluss auf Sie und Ihre Person. Die entsprechenden Informationen bestehen aus dem<\/p>\n<ul>\n<li>Namen der Webseite,<\/li>\n<li>der Datei,<\/li>\n<li>dem aktuellen Datum,<\/li>\n<li>der Datenmenge,<\/li>\n<li>dem Webrowser und seiner Version,<\/li>\n<li>dem eingesetzten Betriebssystem,<\/li>\n<li>dem Domain-Namen Ihres Internet-Providers,<\/li>\n<li>der Referrer-URL als jene Seite, von der Sie auf unsere Seite gewechselt sind,<\/li>\n<li>sowie der entsprechenden IP-Adresse.<\/li>\n<\/ul>\n<p>Wir nutzen diese Daten anonymisiert zur Darstellung und Auslieferung unserer Inhalte sowie zu statistischen Zwecken. Die Informationen unterst\u00fctzen die Bereitstellung sowie die st\u00e4ndige Verbesserung unseres Angebots und werden getrennt von anderen personenbezogenen Informationen auf gesicherten Systemen gespeichert. Wir behalten uns vor, die erw\u00e4hnten Daten nachtr\u00e4glich zu pr\u00fcfen, sollte der Verdacht auf eine rechtswidrige Nutzung unseres Angebotes bestehen.<\/p>\n<p><strong>Zweck der Verarbeitung personenbezogener Daten<\/strong><\/p>\n<p>Ihre personenbezogenen Daten werden zu folgenden Zwecken verarbeitet:<\/p>\n<ul>\n<li>Zusendung vom Newsletter<\/li>\n<li>Nur Server-Logfiles: Darstellung und Auslieferung der Inhalte unserer Website; statistische Zwecke<\/li>\n<\/ul>\n<p>Gem\u00e4\u00df folgender Rechtsgrundlagen verarbeiten wir Ihre personenbezogenen Daten:<\/p>\n<ul>\n<li>6 Abs. 1 lit. a): Sie haben uns die Einwilligung erteilt.<\/li>\n<\/ul>\n<p>Personenbezogene Daten verarbeiten wir im Rahmen von Datenvermeidung und Datensparsamkeit nur in dem Ausma\u00df und so lange, wie es zur Nutzung unserer Webseite notwendig ist, beziehungsweise vom Gesetzgeber vorgeschrieben wird.<\/p>\n<p>F\u00e4llt der Zweck bzw. die Rechtsgrundlage der Datenverarbeitung weg und ist das Ende der gesetzlichen Speicherfrist erreicht, werden die erhobenen Daten gel\u00f6scht bzw. gesperrt, wenn die gesetzliche Speicherfrist noch fortbesteht. Ohne eine ausdr\u00fccklich erteilte Zustimmung von Ihrer Seite oder eine gesetzliche Grundlage werden Ihre personenbezogenen Daten Dritten nicht zur Kenntnis gebracht.<\/p>\n<p>Die erhobenen Daten werden nicht f\u00fcr eine automatisierte Einzelfallentscheidung bzw. Profiling oder Scoring genutzt.<\/p>\n<p><strong>Ihre Rechte als Betroffener<\/strong><\/p>\n<p>Sie erhalten jederzeit unentgeltlich Auskunft (Art. 15 EU-DSGVO) \u00fcber die von uns gespeicherten personenbezogenen Daten zu Ihrer Person sowie zur Herkunft, dem Empf\u00e4nger und dem Zweck der Datenverarbeitung. Au\u00dferdem haben Sie das Recht, die Berichtigung (Art. 16 EU-DSGVO), die Sperrung (Art. 18 EU-DSGVO) oder L\u00f6schung (Art. 17 EU-DSGVO) Ihrer Daten zu verlangen. Ausgenommen davon sind Daten, die aufgrund gesetzlicher Vorschriften aufbewahrt oder zur ordnungsgem\u00e4\u00dfen Gesch\u00e4ftsabwicklung ben\u00f6tigt werden. Sie haben das Recht, der Verarbeitung Ihrer Daten zu widersprechen (Art. 21 EU-DSGVO) sowie das Recht auf Daten\u00fcbertragbarkeit (Art. 20 EU-DSGVO).<\/p>\n<p><strong>Widerspruchsrecht<\/strong><\/p>\n<p>Gem\u00e4\u00df Art. 21 Abs. 1 DSGVO haben Sie das Recht, der Verarbeitung Ihrer personenbezogenen Daten jederzeit zu widersprechen, soweit diese nicht zur Erf\u00fcllung eines Vertrages, einer rechtlichen Verpflichtung oder dem Schutz lebenswichtiger Interessen dient.<\/p>\n<p>Sie haben jederzeit das Recht, eine erteilte Einwilligung in die Verarbeitung personenbezogener Daten mit Wirkung f\u00fcr die Zukunft zu widerrufen. Verarbeitungen, die vor dem Widerruf erfolgt sind, sind davon nicht betroffen.<\/p>\n<p>Werden Daten nicht von einer gesetzlichen Archivierungspflicht erfasst, l\u00f6schen wir Ihre Daten auf Ihren Wunsch. Greift die Archivierungspflicht, sperren wir Ihre Daten.<\/p>\n<p>F\u00fcr alle Fragen und Anliegen zur Berichtigung, Sperrung oder L\u00f6schung von personenbezogenen Daten wenden Sie sich bitte an unseren Datenschutzbeauftragten unter den Kontaktdaten in dieser Datenschutzerkl\u00e4rung bzw. an die im Impressum genannte Adresse.<\/p>\n<p>Sehen Sie beim Umgang mit Ihren personenbezogenen Daten Ihre Rechte nicht in vollem Umfang gewahrt, haben Sie das Recht, bei der f\u00fcr Sie zust\u00e4ndigen Aufsichtsbeh\u00f6rde Beschwerde einzureichen.<\/p>\n<p><strong>Newsletter <\/strong><\/p>\n<p>Sie k\u00f6nnen sich auf unserer Webseite f\u00fcr den Bezug unseres Newsletters anmelden. Wir ben\u00f6tigen daf\u00fcr Ihre E-Mail-Adresse sowie das Jahr des Schulabschlusses. Au\u00dferdem m\u00fcssen wir unter Beachtung der entsprechenden rechtlichen Vorschriften pr\u00fcfen, ob Sie tats\u00e4chlich Inhaber der angegebenen E-Mail-Adresse sind und den Newsletter erhalten m\u00f6chten (Double-Opt-In-Verfahren). Wir erheben deshalb Informationen, die eine solche \u00dcberpr\u00fcfung m\u00f6glich machen. Die in diesem Rahmen erhobenen Daten dienen dem Versand und Empfang des Newsletters und werden nicht an Dritte weitergegeben. Es werden au\u00dfer den f\u00fcr den Newsletter-Versand notwendigen Informationen keine weiteren Daten von unserer Seite erhoben. Da der Newsletter-Versand und -empfang von Ihrer Einwilligung abh\u00e4ngig ist, k\u00f6nnen Sie diese Einwilligung zur Erhebung und Speicherung Ihrer Daten jederzeit ohne Angabe von Gr\u00fcnden widerrufen. Nutzen Sie dazu den &#8220;Abmelde-Link&#8221;, der im Newsletter bereitgestellt wird.<\/p>\n<p>Wir setzen Sie dar\u00fcber in Kenntnis, dass wir rapidmail verwenden, um unseren Newsletter zu versenden. Ihre Daten werden daher an die rapidmail GmbH \u00fcbermittelt. Dabei ist es der rapidmail GmbH untersagt, Ihre Daten f\u00fcr andere Zwecke als f\u00fcr den Versand des Newsletters zu nutzen. Eine Weitergabe oder ein Verkauf Ihrer Daten ist der rapidmail GmbH nicht gestattet. Rapidmail ist ein deutscher, zertifizierter Newsletter Software Anbieter, welcher nach den Anforderungen der DSGVO und des BDSG sorgf\u00e4ltig ausgew\u00e4hlt wurde.<\/p>\n<p><strong>Verarbeitung von personenbezogenen Daten zu Werbezwecken<\/strong><\/p>\n<p>Neben der Verarbeitung Ihrer Daten zu den oben genannten Zwecken, nutzen wir Ihre Daten gem\u00e4\u00df Art. 6 Abs. 1 lit. f) DSGVO unabh\u00e4ngig von Ihrer Einwilligung in einen Newsletter auch, um mit Ihnen \u00fcber bestimmte Produkte oder Marketingaktionen zu kommunizieren und Ihnen Produkte oder Dienstleistungen zu empfehlen, die Sie interessieren k\u00f6nnten.<\/p>\n<p>Der Verwendung Ihrer personenbezogenen Daten f\u00fcr Werbezwecke k\u00f6nnen Sie jederzeit insgesamt oder f\u00fcr einzelne Ma\u00dfnahmen widersprechen. Eine Mitteilung in Textform an die im Impressum oder in dieser Datenschutzerkl\u00e4rung genannten Kontaktdaten (z.B. E-Mail, Brief) reicht hierf\u00fcr aus. Oder Sie nutzen den in einer Werbe-E-Mail enthaltenen Link zur Abmeldung.<\/p>\n<p><strong>Sicherheit<\/strong><\/p>\n<p>Wir haben technische und organisatorische Sicherheitsma\u00dfnahmen getroffen, um Ihre personenbezogenen Daten vor Verlust, Zerst\u00f6rung, Manipulation und unberechtigtem Zugriff zu sch\u00fctzen. Alle unserer Mitarbeiter und alle an der Datenverarbeitung beteiligten Personen sind zur Einhaltung der EU-DSGVO, des Bundesdatenschutzgesetzes (neu) und anderer datenschutzrelevanter Gesetze und den vertraulichen Umgang mit personenbezogenen Daten verpflichtet.<\/p>\n<p><strong>SSL-Verschl\u00fcsselung<\/strong><\/p>\n<p>Unsere Webseite bedient sich einer SSL-Verschl\u00fcsselung, wenn es um die \u00dcbermittlung vertraulicher oder pers\u00f6nlicher Inhalte unserer Nutzer geht. Diese Verschl\u00fcsslung wird zum Beispiel bei der Abwicklung des Zahlungsverkehrs sowie bei Anfragen aktiviert, die Sie an uns \u00fcber unsere Webseite stellen. Achten Sie bitte darauf, dass die SSL-Verschl\u00fcsselung bei entsprechenden Aktivit\u00e4ten von Ihrer Seite her aktiviert ist. Der Einsatz der Verschl\u00fcsselung ist leicht zu erkennen: Die Anzeige in Ihrer Browserzeile wechselt von \u201ehttp:\/\/\u201c zu \u201ehttps:\/\/\u201c. \u00dcber SSL verschl\u00fcsselte Daten sind nicht von Dritten lesbar. \u00dcbermitteln Sie Ihre vertraulichen Informationen nur bei aktivierter SSL-Verschl\u00fcsselung und wenden Sie sich im Zweifel an uns.<\/p>\n<p><strong>Inhalte und Dienste von Drittanbietern<\/strong><\/p>\n<p>Das Angebot auf unserer Webseite umfasst unter Umst\u00e4nden auch Inhalte, Dienste und Leistungen von anderen Anbietern, die unser Angebot erg\u00e4nzen. Beispiele f\u00fcr solche Angebote sind Karten von Open Street Map oder Grafikdarstellungen Dritter. Der Aufruf dieser Leistungen von dritter Seite erfordert regelm\u00e4\u00dfig die \u00dcbermittlung Ihrer IP-Adresse. Damit ist es diesen Anbietern m\u00f6glich, Ihre Nutzer-IP-Adresse wahrzunehmen und diese auch zu speichern. Wir bem\u00fchen uns sehr, nur solche Drittanbieter einzubeziehen, die IP-Adressen allein zur Auslieferung der Inhalte nutzen. Wir haben dabei jedoch keinen Einfluss darauf, welcher Drittanbieter gegebenenfalls die IP-Adresse speichert. Diese Speicherung kann zum Beispiel statistischen Zwecken dienen. Sollten wir von Speicherungsvorg\u00e4ngen durch Drittanbieter Kenntnis erlangen, weisen wir unsere Nutzer unverz\u00fcglich auf diese Tatsache hin. Beachten Sie bitte in diesem Zusammenhang auch die speziellen Datenschutzerkl\u00e4rungen zu einzelnen Drittanbietern und Dienstleistern, deren Service wir auf unserer Webseite nutzen.<\/p>\n<p>Sie finden Sie ebenfalls in dieser Datenschutzerkl\u00e4rung.<\/p>\n<p><strong>Cookies<\/strong><\/p>\n<p>Wir verwenden auf unserer Webseite Cookies. Diese kleinen Textdateien werden von unserem Server aus auf Ihrem PC gespeichert. Sie unterst\u00fctzen die Darstellung unserer Webseite und helfen Ihnen, sich auf unserer Webseite zu bewegen. Cookies erfassen Daten zu Ihrer<\/p>\n<ul>\n<li>IP-Adresse,<\/li>\n<li>zu Ihrem Browser,<\/li>\n<li>Ihrem Betriebssystem<\/li>\n<li>und Ihrer Internetverbindung.<\/li>\n<\/ul>\n<p>Diese Informationen verbinden wir nicht mit personenbezogenen Daten und geben sie nicht an Dritte weiter. Keinesfalls werden Cookies von uns dazu benutzt, Schad- oder Spionageprogramme auf Ihren Rechner zu bringen. Sie k\u00f6nnen unsere Webseite auch ohne den Einsatz von Cookies nutzen, wodurch m\u00f6glicherweise einige Darstellungen und Funktionen unseres Angebots nur eingeschr\u00e4nkt arbeiten. Wenn Sie die Cookies deaktivieren m\u00f6chten, k\u00f6nnen Sie das \u00fcber spezielle Einstellungen Ihres Browsers erreichen. Nutzen Sie bitte dessen Hilfsfunktion, um die entsprechenden \u00c4nderungen vornehmen zu k\u00f6nnen. Online-Anzeigen-Cookies k\u00f6nnen Sie \u00fcber folgende Links verwalten: <strong><u>http:\/\/www.aboutads.info\/choices<\/u><\/strong> f\u00fcr die USA <strong><u>http:\/\/www.youronlinechoices.com\/uk\/your-ad-choices<\/u><\/strong> f\u00fcr Europa<\/p>\n<p><strong>Matomo (Piwik)<\/strong><\/p>\n<p>Auf dieser Website werden unter Einsatz der Webanalysedienst-Software Matomo (www.matomo.org), einem Dienst des Anbieters InnoCraft Ltd., 150 Willis St, 6011 Wellington, Neuseeland, (\u201eMatomo\u201c) auf Basis unseres berechtigten Interesses an der statistischen Analyse des Nutzerverhaltens zu Optimierungs- und Marketingzwecken gem\u00e4\u00df Art. 6 Abs. 1 lit. f DSGVO Daten gesammelt und gespeichert. Aus diesen Daten k\u00f6nnen zum selben Zweck pseudonymisierte Nutzungsprofile erstellt und ausgewertet werden. Hierzu k\u00f6nnen Cookies eingesetzt werden. Bei Cookies handelt es sich um kleine Textdateien, die lokal im Zwischenspeicher des Internet-Browsers des Seitenbesuchers gespeichert werden. Die Cookies erm\u00f6glichen unter anderem die Wiedererkennung des Internet-Browsers. Die mit der Matomo-Technologie erhobenen Daten (einschlie\u00dflich Ihrer pseudonymisierten IP-Adresse) werden auf unseren Servern verarbeitet.<\/p>\n<p>Die durch das Cookie erzeugten Informationen im pseudonymen Nutzerprofil werden nicht dazu benutzt, den Besucher dieser Website pers\u00f6nlich zu identifizieren und nicht mit personenbezogenen Daten \u00fcber den Tr\u00e4ger des Pseudonyms zusammengef\u00fchrt.<\/p>\n<p>Wenn Sie mit der Speicherung und Auswertung dieser Daten aus Ihrem Besuch nicht einverstanden sind, dann k\u00f6nnen Sie der Speicherung und Nutzung nachfolgend per Mausklick jederzeit widersprechen. In diesem Fall wird in Ihrem Browser ein sog. Opt-Out-Cookie abgelegt, was zur Folge hat, dass Matomo keinerlei Sitzungsdaten erhebt. Bitte beachten Sie, dass die vollst\u00e4ndige L\u00f6schung Ihrer Cookies zur Folge hat, dass auch das Opt-Out-Cookie gel\u00f6scht wird und ggf. von Ihnen erneut aktiviert werden muss.<\/p>\n<p><strong>WP Statistics<\/strong><br \/>\nDiese Website nutzt das Analysetool WP Statistics, um Besucherzugriffe statistisch auszuwerten. Anbieter ist Veronalabs, Tatari 64, 10134, Tallinn, Estland (<a href=\"https:\/\/veronalabs.com\" target=\"_blank\" rel=\"noopener\">veronalabs.com<\/a>).<\/p>\n<p>Mit WP Statistics k\u00f6nnen wir die Nutzung unserer Website analysieren. WP Statistics erfasst dabei u. a. Logdateien (IP-Adresse, Referrer, verwendete Browser, Herkunft des Nutzers, verwendete Suchmaschine) und Aktionen, die die Websitebesucher auf der Seite get\u00e4tigt haben (z. B. Klicks und Ansichten).<\/p>\n<p>Die mit WP Statistics erfassten Daten werden ausschlie\u00dflich auf unserem eigenen Server gespeichert.<\/p>\n<p>Die Nutzung dieses Analyse-Tools erfolgt auf Grundlage von Art. 6 Abs. 1 lit. f DSGVO. Wir haben ein berechtigtes Interesse an der anonymisierten Analyse des Nutzerverhaltens, um sowohl unser Webangebot als auch unsere Werbung zu optimieren. Sofern eine entsprechende Einwilligung abgefragt wurde, erfolgt die Verarbeitung ausschlie\u00dflich auf Grundlage von Art. 6 Abs. 1 lit. a DSGVO und \u00a7 25 Abs. 1 TTDSG, soweit die Einwilligung die Speicherung von Cookies oder den Zugriff auf Informationen im Endger\u00e4t des Nutzers (z. B. Device-Fingerprinting) im Sinne des TTDSG umfasst. Die Einwilligung ist jederzeit widerrufbar.<\/p>\n<p><strong>IP-Anonymisierung<\/strong><br \/>\nWir verwenden WP Statistics mit anonymisierter IP. Ihre IP-Adresse wird dabei gek\u00fcrzt, sodass diese Ihnen nicht mehr direkt zugeordnet werden kann.<\/p>\n<p><strong>Google Web Fonts<\/strong><\/p>\n<p>Diese Seite nutzt zur einheitlichen Darstellung von Schriftarten so genannte Web Fonts, die von Google bereitgestellt werden. Beim Aufruf einer Seite l\u00e4dt Ihr Browser die ben\u00f6tigten Web Fonts in ihren Browsercache, um Texte und Schriftarten korrekt anzuzeigen.<\/p>\n<p>Zu diesem Zweck muss der von Ihnen verwendete Browser Verbindung zu den Servern von Google aufnehmen. Hierdurch erlangt Google Kenntnis dar\u00fcber, dass \u00fcber Ihre IP-Adresse unsere Website aufgerufen wurde. Die Nutzung von Google Web Fonts erfolgt im Interesse einer einheitlichen und ansprechenden Darstellung unserer Online-Angebote. Dies stellt ein berechtigtes Interesse im Sinne von Art. 6 Abs. 1 lit. f DSGVO dar.<\/p>\n<p>Wenn Ihr Browser Web Fonts nicht unterst\u00fctzt, wird eine Standardschrift von Ihrem Computer genutzt.<\/p>\n<p>Weitere Informationen zu Google Web Fonts finden Sie unter <a href=\"https:\/\/developers.google.com\/fonts\/faq\">https:\/\/developers.google.com\/fonts\/faq<\/a> und in der Datenschutzerkl\u00e4rung von Google: <a href=\"https:\/\/www.google.com\/policies\/privacy\/\">https:\/\/www.google.com\/policies\/privacy\/<\/a>.<\/p>\n<p><strong>\u00c4nderungen dieser Datenschutzbestimmungen<\/strong><\/p>\n<p>Wir werden diese Richtlinien zum Schutz Ihrer pers\u00f6nlichen Daten von Zeit zu Zeit aktualisieren. Sie sollten sich diese Richtlinien gelegentlich ansehen, um auf dem Laufenden dar\u00fcber zu bleiben, wie wir Ihre Daten sch\u00fctzen und die Inhalte unserer Website stetig verbessern. Sollten wir wesentliche \u00c4nderungen bei der Verarbeitung der uns von Ihnen zur Verf\u00fcgung gestellten personenbezogenen Daten vornehmen, werden wir Sie durch einen eindeutigen und gut sichtbaren Hinweis auf der Website darauf aufmerksam machen. Mit der Nutzung der Webseite erkl\u00e4ren Sie sich mit den Bedingungen dieser Datenschutzerkl\u00e4rung zum Schutz personenbezogener Daten einverstanden.<\/p>\n<p>Bei Fragen zu diesen Datenschutzbestimmungen wenden Sie sich bitte an unseren oben genannten Datenschutzbeauftragten.[\/vc_column_text][\/vc_column_inner][\/vc_row_inner][\/vc_column][\/vc_row]<\/p>\n","protected":false},"excerpt":{"rendered":"<p>[vc_row][vc_column][vc_row_inner][vc_column_inner][vc_column_text]&nbsp; &nbsp;[\/vc_column_text][vc_column_text css=&#8221;.vc_custom_1716904370157{margin-top: 100px !important;}&#8221;] Datenschutzerkl\u00e4rung Sie erhalten als Nutzer unserer Internetseite in dieser Datenschutzerkl\u00e4rung alle notwendigen Informationen dar\u00fcber, wie,&#8230;<\/p>\n","protected":false},"author":3,"featured_media":0,"parent":0,"menu_order":0,"comment_status":"closed","ping_status":"closed","template":"","meta":[],"yoast_head":"<!-- This site is optimized with the Yoast SEO plugin v20.6 - https:\/\/yoast.com\/wordpress\/plugins\/seo\/ -->\n<title>Privacy Policy<\/title>\n<meta name=\"robots\" content=\"index, follow, max-snippet:-1, max-image-preview:large, max-video-preview:-1\" \/>\n<link rel=\"canonical\" href=\"https:\/\/www.university-in-germany.com\/en\/privacy\/\" \/>\n<meta property=\"og:locale\" content=\"en_US\" \/>\n<meta property=\"og:type\" content=\"article\" \/>\n<meta property=\"og:title\" content=\"Privacy Policy\" \/>\n<meta property=\"og:description\" content=\"[vc_row][vc_column][vc_row_inner][vc_column_inner][vc_column_text]&nbsp; &nbsp;[\/vc_column_text][vc_column_text css=&#8221;.vc_custom_1716904370157{margin-top: 100px !important;}&#8221;] Datenschutzerkl\u00e4rung Sie erhalten als Nutzer unserer Internetseite in dieser Datenschutzerkl\u00e4rung alle notwendigen Informationen dar\u00fcber, wie,...\" \/>\n<meta property=\"og:url\" content=\"https:\/\/www.university-in-germany.com\/en\/privacy\/\" \/>\n<meta property=\"og:site_name\" content=\"Hochschulbildung in Deutschland\" \/>\n<meta property=\"article:publisher\" content=\"https:\/\/de-de.facebook.com\/hsmagdeburg\/\" \/>\n<meta property=\"article:modified_time\" content=\"2024-05-28T13:52:54+00:00\" \/>\n<meta name=\"twitter:card\" content=\"summary_large_image\" \/>\n<meta name=\"twitter:label1\" content=\"Est. reading time\" \/>\n\t<meta name=\"twitter:data1\" content=\"12 minutes\" \/>\n<script type=\"application\/ld+json\" class=\"yoast-schema-graph\">{\"@context\":\"https:\/\/schema.org\",\"@graph\":[{\"@type\":\"WebPage\",\"@id\":\"https:\/\/www.university-in-germany.com\/en\/privacy\/\",\"url\":\"https:\/\/www.university-in-germany.com\/en\/privacy\/\",\"name\":\"Privacy Policy\",\"isPartOf\":{\"@id\":\"https:\/\/www.university-in-germany.com\/#website\"},\"datePublished\":\"2020-02-07T14:13:48+00:00\",\"dateModified\":\"2024-05-28T13:52:54+00:00\",\"breadcrumb\":{\"@id\":\"https:\/\/www.university-in-germany.com\/en\/privacy\/#breadcrumb\"},\"inLanguage\":\"en-US\",\"potentialAction\":[{\"@type\":\"ReadAction\",\"target\":[\"https:\/\/www.university-in-germany.com\/en\/privacy\/\"]}]},{\"@type\":\"BreadcrumbList\",\"@id\":\"https:\/\/www.university-in-germany.com\/en\/privacy\/#breadcrumb\",\"itemListElement\":[{\"@type\":\"ListItem\",\"position\":1,\"name\":\"Home\",\"item\":\"https:\/\/www.university-in-germany.com\/en\/\"},{\"@type\":\"ListItem\",\"position\":2,\"name\":\"Datenschutz\"}]},{\"@type\":\"WebSite\",\"@id\":\"https:\/\/www.university-in-germany.com\/#website\",\"url\":\"https:\/\/www.university-in-germany.com\/\",\"name\":\"Hochschule Magdeburg-Stendal\/ Magdeburf-Stendal University of Applied Sciences\",\"description\":\"\",\"potentialAction\":[{\"@type\":\"SearchAction\",\"target\":{\"@type\":\"EntryPoint\",\"urlTemplate\":\"https:\/\/www.university-in-germany.com\/?s={search_term_string}\"},\"query-input\":\"required name=search_term_string\"}],\"inLanguage\":\"en-US\"}]}<\/script>\n<!-- \/ Yoast SEO plugin. -->","yoast_head_json":{"title":"Privacy Policy","robots":{"index":"index","follow":"follow","max-snippet":"max-snippet:-1","max-image-preview":"max-image-preview:large","max-video-preview":"max-video-preview:-1"},"canonical":"https:\/\/www.university-in-germany.com\/en\/privacy\/","og_locale":"en_US","og_type":"article","og_title":"Privacy Policy","og_description":"[vc_row][vc_column][vc_row_inner][vc_column_inner][vc_column_text]&nbsp; &nbsp;[\/vc_column_text][vc_column_text css=&#8221;.vc_custom_1716904370157{margin-top: 100px !important;}&#8221;] Datenschutzerkl\u00e4rung Sie erhalten als Nutzer unserer Internetseite in dieser Datenschutzerkl\u00e4rung alle notwendigen Informationen dar\u00fcber, wie,...","og_url":"https:\/\/www.university-in-germany.com\/en\/privacy\/","og_site_name":"Hochschulbildung in Deutschland","article_publisher":"https:\/\/de-de.facebook.com\/hsmagdeburg\/","article_modified_time":"2024-05-28T13:52:54+00:00","twitter_card":"summary_large_image","twitter_misc":{"Est. reading time":"12 minutes"},"schema":{"@context":"https:\/\/schema.org","@graph":[{"@type":"WebPage","@id":"https:\/\/www.university-in-germany.com\/en\/privacy\/","url":"https:\/\/www.university-in-germany.com\/en\/privacy\/","name":"Privacy Policy","isPartOf":{"@id":"https:\/\/www.university-in-germany.com\/#website"},"datePublished":"2020-02-07T14:13:48+00:00","dateModified":"2024-05-28T13:52:54+00:00","breadcrumb":{"@id":"https:\/\/www.university-in-germany.com\/en\/privacy\/#breadcrumb"},"inLanguage":"en-US","potentialAction":[{"@type":"ReadAction","target":["https:\/\/www.university-in-germany.com\/en\/privacy\/"]}]},{"@type":"BreadcrumbList","@id":"https:\/\/www.university-in-germany.com\/en\/privacy\/#breadcrumb","itemListElement":[{"@type":"ListItem","position":1,"name":"Home","item":"https:\/\/www.university-in-germany.com\/en\/"},{"@type":"ListItem","position":2,"name":"Datenschutz"}]},{"@type":"WebSite","@id":"https:\/\/www.university-in-germany.com\/#website","url":"https:\/\/www.university-in-germany.com\/","name":"Hochschule Magdeburg-Stendal\/ Magdeburf-Stendal University of Applied Sciences","description":"","potentialAction":[{"@type":"SearchAction","target":{"@type":"EntryPoint","urlTemplate":"https:\/\/www.university-in-germany.com\/?s={search_term_string}"},"query-input":"required name=search_term_string"}],"inLanguage":"en-US"}]}},"_links":{"self":[{"href":"https:\/\/www.university-in-germany.com\/en\/wp-json\/wp\/v2\/pages\/745"}],"collection":[{"href":"https:\/\/www.university-in-germany.com\/en\/wp-json\/wp\/v2\/pages"}],"about":[{"href":"https:\/\/www.university-in-germany.com\/en\/wp-json\/wp\/v2\/types\/page"}],"author":[{"embeddable":true,"href":"https:\/\/www.university-in-germany.com\/en\/wp-json\/wp\/v2\/users\/3"}],"replies":[{"embeddable":true,"href":"https:\/\/www.university-in-germany.com\/en\/wp-json\/wp\/v2\/comments?post=745"}],"version-history":[{"count":14,"href":"https:\/\/www.university-in-germany.com\/en\/wp-json\/wp\/v2\/pages\/745\/revisions"}],"predecessor-version":[{"id":5455,"href":"https:\/\/www.university-in-germany.com\/en\/wp-json\/wp\/v2\/pages\/745\/revisions\/5455"}],"wp:attachment":[{"href":"https:\/\/www.university-in-germany.com\/en\/wp-json\/wp\/v2\/media?parent=745"}],"curies":[{"name":"wp","href":"https:\/\/api.w.org\/{rel}","templated":true}]}}