{"id":3934,"date":"2022-01-30T14:35:07","date_gmt":"2022-01-30T13:35:07","guid":{"rendered":"https:\/\/www.university-in-germany.com\/?page_id=3934"},"modified":"2024-11-30T14:12:54","modified_gmt":"2024-11-30T13:12:54","slug":"online-application-via-uni-assist-master","status":"publish","type":"page","link":"https:\/\/www.university-in-germany.com\/en\/application\/application-with-foreign-qualifications\/qualification-masters-programmes\/online-application-via-uni-assist-master\/","title":{"rendered":"Online application via uni-assist for Master&#8217;s programmes"},"content":{"rendered":"<p>[vc_row][vc_column][vc_empty_space height=&#8221;64px&#8221;][vc_empty_space height=&#8221;64px&#8221;][vc_column_text el_id=&#8221;bew_title&#8221; el_class=&#8221;bew_text&#8221;]<\/p>\n<h2>Application with foreign qualifications<\/h2>\n\t\t\t<!-- Flexy Breadcrumb -->\r\n\t\t\t<div class=\"fbc fbc-page\">\r\n\r\n\t\t\t\t<!-- Breadcrumb wrapper -->\r\n\t\t\t\t<div class=\"fbc-wrap\">\r\n\r\n\t\t\t\t\t<!-- Ordered list-->\r\n\t\t\t\t\t<ol class=\"fbc-items\" itemscope itemtype=\"https:\/\/schema.org\/BreadcrumbList\">\r\n\t\t\t\t\t\t<li class=\"active\" itemprop=\"itemListElement\" itemscope itemtype=\"https:\/\/schema.org\/ListItem\"><span itemprop=\"name\" title=\"Online application via uni-assist for Master&#8217;s programmes\">Online application via uni-assist...<\/span><meta itemprop=\"position\" content=\"2\" \/><\/li>\t\t\t\t\t<\/ol>\r\n\t\t\t\t\t<div class=\"clearfix\"><\/div>\r\n\t\t\t\t<\/div>\r\n\t\t\t<\/div>\r\n\t\t\t\n<hr \/>\n<p>[\/vc_column_text][\/vc_column][\/vc_row][vc_row][vc_column width=&#8221;2\/3&#8243;][vc_column_text el_class=&#8221;bew_text&#8221;]<\/p>\n<h2>Online application via uni-assist<\/h2>\n<p>Applicants with foreign educational qualifications need to apply via uni-assist.<\/p>\n<p>As a joint institution of German universities, uni-assist carries out an expert examination of all admission requirements, for which it charges a fee.<\/p>\n<p>It can take up to six weeks for uni-assist to check your application documents. Please apply in due time!<\/p>\n<p>Applications for the winter semester are possible from May onwards. You can apply for the summer semester from November on.[\/vc_column_text][vc_empty_space][vc_column_text el_class=&#8221;bew_text&#8221;]<\/p>\n<h3>Online application procedure<\/h3>\n<ol>\n<li>Create your account in the uni-assist portal.<\/li>\n<li>Prepare all documents required for the application (please see below).<\/li>\n<li>Enter <em>Magdeburg-Stendal University of Applied Sciences<\/em> in the search bar at uni-assist.<\/li>\n<li>Select your degree programme.<\/li>\n<li>Pay the fee.<\/li>\n<li>Follow the steps and upload the required documents.<\/li>\n<li>You are done! Submit your application.<\/li>\n<li>Check the uni-assist portal regularly. You can find out about the status of your application and any missing documents there at any time.<\/li>\n<\/ol>\n<div>\n<div>\n<div>\n<div>\n<div>\n<p>Once it has positively verified that all admission requirements have been met, uni-assist forwards the application on to Magdeburg-Stendal University of Applied Sciences, and the university makes the decision concerning admission. Then you will communicate directly with the university via the university\u2019s online application portal. The admissions and application procedure at Magdeburg-Stendal University of Applied Sciences is free of charge.<\/p>\n<\/div>\n<\/div>\n<\/div>\n<\/div>\n<\/div>\n<p>[\/vc_column_text][vc_empty_space][\/vc_column][vc_column width=&#8221;1\/3&#8243;][vc_single_image image=&#8221;1567&#8243; img_size=&#8221;full&#8221;][\/vc_column][\/vc_row][vc_row el_class=&#8221;text_right&#8221;][vc_column width=&#8221;1\/3&#8243; offset=&#8221;vc_hidden-xs&#8221;][vc_empty_space][vc_single_image image=&#8221;1556&#8243; img_size=&#8221;full&#8221;][\/vc_column][vc_column width=&#8221;2\/3&#8243; offset=&#8221;vc_hidden-xs&#8221;][vc_empty_space][vc_column_text el_class=&#8221;bew_text&#8221;]<\/p>\n<h3>Application documents<\/h3>\n<ul>\n<li>Proof of a first academic degree qualifying for a suitable profession<\/li>\n<li>Evidence of the necessary language skills<\/li>\n<li>Curriculum vitae (complete, chronological)<\/li>\n<li>Passport (The copy only needs to contain the page with your picture and your personal data.)<\/li>\n<\/ul>\n<p>If necessary<strong>:<\/strong><\/p>\n<ul>\n<li>Proof of having passed a university entrance exam (If you have passed a university entrance exam in your country of origin, please submit the relevant certificate.)<\/li>\n<li>Proof of study periods and its translation<\/li>\n<\/ul>\n<div>\n<div>\n<div>\n<div>\n<div>\n<p><em>The application via uni-assist is an online application. Upload your certificates in their original language and as a translation into German or English. Translations must be carried out by a certified translator and must be stamped and signed. If you get admission, you must submit your certificates as an officially certified copy to the university with the application for enrolment.<\/em><\/p>\n<\/div>\n<\/div>\n<\/div>\n<\/div>\n<\/div>\n<p>[\/vc_column_text][vc_empty_space]<div class=\"gem-button-container gem-button-position-inline bew_button\"><a class=\"gem-button gem-button-size-medium gem-button-style-flat gem-button-text-weight-normal\" style=\"border-radius: 0px;\" onmouseleave=\"\" onmouseenter=\"\" href=\"https:\/\/my.uni-assist.de\/login\" target=\"_blank\">Apply now!<\/a><\/div> [vc_single_image image=&#8221;2390&#8243; el_id=&#8221;&#8211;arrow-white&#8221;][vc_empty_space][\/vc_column][\/vc_row][vc_row el_class=&#8221;text_right&#8221;][vc_column width=&#8221;1\/3&#8243; offset=&#8221;vc_hidden-lg vc_hidden-md vc_hidden-sm&#8221;][vc_empty_space][vc_single_image image=&#8221;1556&#8243; img_size=&#8221;full&#8221;][\/vc_column][vc_column width=&#8221;2\/3&#8243; offset=&#8221;vc_hidden-lg vc_hidden-md vc_hidden-sm&#8221;][vc_empty_space][vc_column_text el_class=&#8221;bew_text&#8221; css=&#8221;.vc_custom_1639585397945{margin-bottom: 40px !important;}&#8221;]<\/p>\n<h3>Bewerbungsunterlagen<\/h3>\n<ul>\n<li>Zeugnis der Hochschulzugangsberechtigung und dessen \u00dcbersetzung (einschlie\u00dflich der \u00dcbersicht \u00fcber F\u00e4cher und Noten)<\/li>\n<li>Nachweis \u00fcber die erforderlichen Sprachkenntnisse<\/li>\n<li>Lebenslauf (vollst\u00e4ndig, chronologisch)<\/li>\n<li>Reisepass (Die Kopie muss nur die Seite mit Ihrem Bild und Ihren pers\u00f6nlichen Daten enthalten.)<\/li>\n<\/ul>\n<p>Falls erforderlich:<\/p>\n<ul>\n<li>Nachweis \u00fcber die bestandene Hochschulzugangspr\u00fcfung (Wenn Sie in Ihrem Herkunftsland eine Hochschulzugangspr\u00fcfung bestanden haben, reichen Sie bitte das entsprechende Zertifikat ein).<\/li>\n<li>Nachweis \u00fcber Studienzeiten (inklusive \u00dcbersetzung)<\/li>\n<\/ul>\n<p><em>Die Bewerbung \u00fcber uni-assist erfolgt als reine Online-Bewerbung. Bitte reiche deine Dokumente (\u00fcbersetzt in Deutsch oder Englisch) per Upload bei uni-assist zur Pr\u00fcfung ein. Sobald uni-assist deine Unterlagen gepr\u00fcft und dir die Hochschule Magdeburg-Stendal einen Studienplatz anbietet, musst du deine Dokumente als beglaubigte und \u00fcbersetzte Kopie (Deutsch oder Englisch) bei der Hochschule einreichen.<\/em>[\/vc_column_text]<div class=\"gem-button-container gem-button-position-inline bew_button\"><a class=\"gem-button gem-button-size-medium gem-button-style-flat gem-button-text-weight-normal\" style=\"border-radius: 0px;\" onmouseleave=\"\" onmouseenter=\"\" href=\"https:\/\/my.uni-assist.de\/login\" target=\"_blank\">BEWIRB DICH JETZT!<\/a><\/div> [vc_single_image image=&#8221;2390&#8243;][vc_empty_space][\/vc_column][\/vc_row][vc_row el_class=&#8221;text_right&#8221;][vc_column][vc_empty_space height=&#8221;60px&#8221;][\/vc_column][\/vc_row][vc_row][vc_column width=&#8221;2\/3&#8243;][vc_column_text el_class=&#8221;bew_text&#8221;]<\/p>\n<h2>After Application<\/h2>\n<p>[\/vc_column_text][vc_empty_space][vc_column_text el_class=&#8221;bew_text&#8221;]<\/p>\n<h3>Visa<\/h3>\n<ul>\n<li>Nationals of EU member states do not need a visa to study in Germany.<\/li>\n<li>Nationals of non-EU states can find the current visa requirements on the <a href=\"https:\/\/www.auswaertiges-amt.de\/en\/visa-service\/-\/231148\" target=\"_blank\" rel=\"noopener\">website of the German Federal Foreign Office<\/a>.<\/li>\n<\/ul>\n<p>An enrolment certificate is needed for the visa appointment.<br \/>\nIn some countries it can take a very long time to get an appointment at the German embassy. Therefore, it is recommended to book a visa appointment as early as possible, even if the applicant has not received the enrolment certificate yet. However, it is important to bring the enrolment certificate to the visa appointment.<\/p>\n<p>Nationals of non-EU states must demonstrate, when applying for a visa, that they have sufficient financial means (currently \u20ac 992 per month) for the first year of their studies.[\/vc_column_text][vc_empty_space][vc_column_text el_class=&#8221;bew_text&#8221;]<\/p>\n<h3>Notice of admission<\/h3>\n<p>Applications for <strong>programmes with no admission restrictions<\/strong> are processed continuously. Notices of admission will be sent by the university via the university\u2019s <em>Onlinecampus<\/em> portal.<\/p>\n<p>For <strong>programmes with an aptitude test<\/strong>, applicants are informed of the result in the university&#8217;s <em>Onlinecampus<\/em> portal after the department has evaluated the test.[\/vc_column_text][vc_empty_space][vc_column_text el_class=&#8221;bew_text&#8221;]<\/p>\n<h3>Enrolment<\/h3>\n<div id=\"tk_container_1950428163\" class=\"tk_container\">\n<div id=\"tk_children_1950428163\" class=\"tk_children\">\n<div id=\"tk_container_1950428164\" class=\"tk_container\">\n<div id=\"tk_children_1950428164\" class=\"tk_children single_child\">\n<div id=\"tk_container_1950856282\" class=\"tk_container\">\n<div class=\"tk_open_container\">\n<div id=\"1950856282\" class=\"tk_label node\">\n<div class=\"h-iblock va-middle\">\n<div class=\"tk_title\" dir=\"auto\" title=\"Ge\u00e4ndert von Anonymous am 12. August 2021 11:05\">\n<p>As soon as you have received a <em>Letter of Acceptance<\/em>, please reply to the acceptance of your place of study:<\/p>\n<ol>\n<li>Submit a paper<em> Application for Admission<\/em> (by post or in person).<\/li>\n<li>Submit any missing officially certified copy of your documents (by post or in person).<\/li>\n<li>Transfer the semester fee.<\/li>\n<\/ol>\n<p class=\"p1\"><strong><span class=\"s1\">Only then the enrolment is completed.<\/span><\/strong><\/p>\n<p>The enrolment certificate will then be sent by post (within Germany) or by e-mail (outside Germany).<\/p>\n<\/div>\n<\/div>\n<\/div>\n<\/div>\n<\/div>\n<\/div>\n<\/div>\n<\/div>\n<\/div>\n<p>[\/vc_column_text][vc_empty_space][\/vc_column][vc_column width=&#8221;1\/3&#8243;][vc_single_image image=&#8221;1571&#8243; img_size=&#8221;full&#8221;][\/vc_column][\/vc_row][vc_row el_class=&#8221;text_right&#8221;][vc_column][vc_empty_space height=&#8221;60px&#8221;][\/vc_column][\/vc_row][vc_row el_class=&#8221;text_right&#8221;][vc_column width=&#8221;1\/3&#8243; offset=&#8221;vc_hidden-xs&#8221;][vc_single_image image=&#8221;1579&#8243; img_size=&#8221;full&#8221;][\/vc_column][vc_column width=&#8221;2\/3&#8243; offset=&#8221;vc_hidden-xs&#8221;][vc_column_text el_class=&#8221;bew_text&#8221; css=&#8221;.vc_custom_1643558562544{margin-bottom: 40px !important;}&#8221;]<\/p>\n<h2>Dates and deadlines<\/h2>\n<table>\n<tbody>\n<tr>\n<th><\/th>\n<th>winter semester<\/th>\n<th>summer semester<\/th>\n<\/tr>\n<tr>\n<td><strong>Start of semester<\/strong><em><br \/>\n<\/em><\/td>\n<td>1 October<\/td>\n<td>1 April<\/td>\n<\/tr>\n<tr>\n<td><strong>Application deadlines<\/strong><em><br \/>\n<\/em><\/td>\n<td><\/td>\n<td><\/td>\n<\/tr>\n<tr>\n<td>Programmes with <strong>no admission restrictions<\/strong><\/td>\n<td>15 August<\/td>\n<td>15 February<\/td>\n<\/tr>\n<tr>\n<td>Programmes <strong>with an aptitude test<\/strong><\/td>\n<td>31 May<\/td>\n<td>30 November<\/td>\n<\/tr>\n<tr>\n<td>Programme <em>Water Engineering<\/em><\/td>\n<td>1 May<\/td>\n<td>30 November<\/td>\n<\/tr>\n<\/tbody>\n<\/table>\n<p>[\/vc_column_text]<div class=\"gem-button-container gem-button-position-inline bew_button\"><a title=\"Apply now!\" class=\"gem-button gem-button-size-medium gem-button-style-flat gem-button-text-weight-normal\" style=\"border-radius: 0px;\" onmouseleave=\"\" onmouseenter=\"\" href=\"https:\/\/my.uni-assist.de\/login\" target=\"_blank\">Apply now!<\/a><\/div> [vc_single_image image=&#8221;2390&#8243; el_id=&#8221;&#8211;arrow-white&#8221;][\/vc_column][\/vc_row][vc_row el_class=&#8221;text_right&#8221;][vc_column width=&#8221;1\/3&#8243; offset=&#8221;vc_hidden-lg vc_hidden-md vc_hidden-sm&#8221;][vc_single_image image=&#8221;1579&#8243; img_size=&#8221;full&#8221;][\/vc_column][vc_column width=&#8221;2\/3&#8243; offset=&#8221;vc_hidden-lg vc_hidden-md vc_hidden-sm&#8221;][vc_column_text el_class=&#8221;bew_text&#8221; css=&#8221;.vc_custom_1639585228178{margin-bottom: 40px !important;}&#8221;]<\/p>\n<h2>Semesterstart<\/h2>\n<p>Wintersemester: 1. Oktober<br \/>\nSommersemester: 1. April[\/vc_column_text][vc_column_text el_class=&#8221;bew_text&#8221; css=&#8221;.vc_custom_1639585557688{margin-bottom: 40px !important;}&#8221;]<\/p>\n<h2>Bewerbungsfristen<\/h2>\n<h4>Ohne Zulassungsbeschr\u00e4nkung<\/h4>\n<p>Wintersemester: 15. August<br \/>\nSommersemester: 15. Februar<\/p>\n<p>&nbsp;<\/p>\n<h4>Mit\u00a0Eignungspr\u00fcfung<\/h4>\n<p>und Studiengang <em>Water Engineering<\/em><\/p>\n<p>Wintersemester: 31. Mai<br \/>\nSommersemester: 30. November[\/vc_column_text]<div class=\"gem-button-container gem-button-position-inline bew_button\"><a class=\"gem-button gem-button-size-medium gem-button-style-flat gem-button-text-weight-normal\" style=\"border-radius: 0px;\" onmouseleave=\"\" onmouseenter=\"\" href=\"https:\/\/my.uni-assist.de\/login\" target=\"_blank\">BEWIRB DICH JETZT!<\/a><\/div> [vc_single_image image=&#8221;2390&#8243;][\/vc_column][\/vc_row][vc_row][vc_column][vc_empty_space][\/vc_column][\/vc_row]<\/p>\n","protected":false},"excerpt":{"rendered":"<p>[vc_row][vc_column][vc_empty_space height=&#8221;64px&#8221;][vc_empty_space height=&#8221;64px&#8221;][vc_column_text el_id=&#8221;bew_title&#8221; el_class=&#8221;bew_text&#8221;] Application with foreign qualifications [\/vc_column_text][\/vc_column][\/vc_row][vc_row][vc_column width=&#8221;2\/3&#8243;][vc_column_text el_class=&#8221;bew_text&#8221;] Online application via uni-assist Applicants with foreign educational&#8230;<\/p>\n","protected":false},"author":12,"featured_media":0,"parent":3709,"menu_order":0,"comment_status":"closed","ping_status":"closed","template":"","meta":[],"yoast_head":"<!-- This site is optimized with the Yoast SEO plugin v20.6 - https:\/\/yoast.com\/wordpress\/plugins\/seo\/ -->\n<title>Application for Master&#039;s programmes - University in Germany<\/title>\n<meta name=\"robots\" content=\"index, follow, max-snippet:-1, max-image-preview:large, max-video-preview:-1\" \/>\n<link rel=\"canonical\" href=\"https:\/\/www.university-in-germany.com\/en\/application\/application-with-foreign-qualifications\/qualification-masters-programmes\/online-application-via-uni-assist-master\/\" \/>\n<meta property=\"og:locale\" content=\"en_US\" \/>\n<meta property=\"og:type\" content=\"article\" \/>\n<meta property=\"og:title\" content=\"Application for Master&#039;s programmes - University in Germany\" \/>\n<meta property=\"og:description\" content=\"[vc_row][vc_column][vc_empty_space height=&#8221;64px&#8221;][vc_empty_space height=&#8221;64px&#8221;][vc_column_text el_id=&#8221;bew_title&#8221; el_class=&#8221;bew_text&#8221;] Application with foreign qualifications [\/vc_column_text][\/vc_column][\/vc_row][vc_row][vc_column width=&#8221;2\/3&#8243;][vc_column_text el_class=&#8221;bew_text&#8221;] Online application via uni-assist Applicants with foreign educational...\" \/>\n<meta property=\"og:url\" content=\"https:\/\/www.university-in-germany.com\/en\/application\/application-with-foreign-qualifications\/qualification-masters-programmes\/online-application-via-uni-assist-master\/\" \/>\n<meta property=\"og:site_name\" content=\"Hochschulbildung in Deutschland\" \/>\n<meta property=\"article:publisher\" content=\"https:\/\/de-de.facebook.com\/hsmagdeburg\/\" \/>\n<meta property=\"article:modified_time\" content=\"2024-11-30T13:12:54+00:00\" \/>\n<meta name=\"twitter:card\" content=\"summary_large_image\" \/>\n<meta name=\"twitter:label1\" content=\"Est. reading time\" \/>\n\t<meta name=\"twitter:data1\" content=\"6 minutes\" \/>\n<script type=\"application\/ld+json\" class=\"yoast-schema-graph\">{\"@context\":\"https:\/\/schema.org\",\"@graph\":[{\"@type\":\"WebPage\",\"@id\":\"https:\/\/www.university-in-germany.com\/en\/application\/application-with-foreign-qualifications\/qualification-masters-programmes\/online-application-via-uni-assist-master\/\",\"url\":\"https:\/\/www.university-in-germany.com\/en\/application\/application-with-foreign-qualifications\/qualification-masters-programmes\/online-application-via-uni-assist-master\/\",\"name\":\"Application for Master's programmes - University in Germany\",\"isPartOf\":{\"@id\":\"https:\/\/www.university-in-germany.com\/#website\"},\"datePublished\":\"2022-01-30T13:35:07+00:00\",\"dateModified\":\"2024-11-30T13:12:54+00:00\",\"breadcrumb\":{\"@id\":\"https:\/\/www.university-in-germany.com\/en\/application\/application-with-foreign-qualifications\/qualification-masters-programmes\/online-application-via-uni-assist-master\/#breadcrumb\"},\"inLanguage\":\"en-US\",\"potentialAction\":[{\"@type\":\"ReadAction\",\"target\":[\"https:\/\/www.university-in-germany.com\/en\/application\/application-with-foreign-qualifications\/qualification-masters-programmes\/online-application-via-uni-assist-master\/\"]}]},{\"@type\":\"BreadcrumbList\",\"@id\":\"https:\/\/www.university-in-germany.com\/en\/application\/application-with-foreign-qualifications\/qualification-masters-programmes\/online-application-via-uni-assist-master\/#breadcrumb\",\"itemListElement\":[{\"@type\":\"ListItem\",\"position\":1,\"name\":\"Home\",\"item\":\"https:\/\/www.university-in-germany.com\/en\/\"},{\"@type\":\"ListItem\",\"position\":2,\"name\":\"Application\",\"item\":\"https:\/\/www.university-in-germany.com\/en\/application\/\"},{\"@type\":\"ListItem\",\"position\":3,\"name\":\"Application with foreign qualifications\",\"item\":\"https:\/\/www.university-in-germany.com\/en\/application\/application-with-foreign-qualifications\/\"},{\"@type\":\"ListItem\",\"position\":4,\"name\":\"Qualification Master&#8217;s programmes\",\"item\":\"https:\/\/www.university-in-germany.com\/en\/application\/application-with-foreign-qualifications\/qualification-masters-programmes\/\"},{\"@type\":\"ListItem\",\"position\":5,\"name\":\"Online application via uni-assist for Master&#8217;s programmes\"}]},{\"@type\":\"WebSite\",\"@id\":\"https:\/\/www.university-in-germany.com\/#website\",\"url\":\"https:\/\/www.university-in-germany.com\/\",\"name\":\"Hochschule Magdeburg-Stendal\/ Magdeburf-Stendal University of Applied Sciences\",\"description\":\"\",\"potentialAction\":[{\"@type\":\"SearchAction\",\"target\":{\"@type\":\"EntryPoint\",\"urlTemplate\":\"https:\/\/www.university-in-germany.com\/?s={search_term_string}\"},\"query-input\":\"required name=search_term_string\"}],\"inLanguage\":\"en-US\"}]}<\/script>\n<!-- \/ Yoast SEO plugin. -->","yoast_head_json":{"title":"Application for Master's programmes - University in Germany","robots":{"index":"index","follow":"follow","max-snippet":"max-snippet:-1","max-image-preview":"max-image-preview:large","max-video-preview":"max-video-preview:-1"},"canonical":"https:\/\/www.university-in-germany.com\/en\/application\/application-with-foreign-qualifications\/qualification-masters-programmes\/online-application-via-uni-assist-master\/","og_locale":"en_US","og_type":"article","og_title":"Application for Master's programmes - University in Germany","og_description":"[vc_row][vc_column][vc_empty_space height=&#8221;64px&#8221;][vc_empty_space height=&#8221;64px&#8221;][vc_column_text el_id=&#8221;bew_title&#8221; el_class=&#8221;bew_text&#8221;] Application with foreign qualifications [\/vc_column_text][\/vc_column][\/vc_row][vc_row][vc_column width=&#8221;2\/3&#8243;][vc_column_text el_class=&#8221;bew_text&#8221;] Online application via uni-assist Applicants with foreign educational...","og_url":"https:\/\/www.university-in-germany.com\/en\/application\/application-with-foreign-qualifications\/qualification-masters-programmes\/online-application-via-uni-assist-master\/","og_site_name":"Hochschulbildung in Deutschland","article_publisher":"https:\/\/de-de.facebook.com\/hsmagdeburg\/","article_modified_time":"2024-11-30T13:12:54+00:00","twitter_card":"summary_large_image","twitter_misc":{"Est. reading time":"6 minutes"},"schema":{"@context":"https:\/\/schema.org","@graph":[{"@type":"WebPage","@id":"https:\/\/www.university-in-germany.com\/en\/application\/application-with-foreign-qualifications\/qualification-masters-programmes\/online-application-via-uni-assist-master\/","url":"https:\/\/www.university-in-germany.com\/en\/application\/application-with-foreign-qualifications\/qualification-masters-programmes\/online-application-via-uni-assist-master\/","name":"Application for Master's programmes - University in Germany","isPartOf":{"@id":"https:\/\/www.university-in-germany.com\/#website"},"datePublished":"2022-01-30T13:35:07+00:00","dateModified":"2024-11-30T13:12:54+00:00","breadcrumb":{"@id":"https:\/\/www.university-in-germany.com\/en\/application\/application-with-foreign-qualifications\/qualification-masters-programmes\/online-application-via-uni-assist-master\/#breadcrumb"},"inLanguage":"en-US","potentialAction":[{"@type":"ReadAction","target":["https:\/\/www.university-in-germany.com\/en\/application\/application-with-foreign-qualifications\/qualification-masters-programmes\/online-application-via-uni-assist-master\/"]}]},{"@type":"BreadcrumbList","@id":"https:\/\/www.university-in-germany.com\/en\/application\/application-with-foreign-qualifications\/qualification-masters-programmes\/online-application-via-uni-assist-master\/#breadcrumb","itemListElement":[{"@type":"ListItem","position":1,"name":"Home","item":"https:\/\/www.university-in-germany.com\/en\/"},{"@type":"ListItem","position":2,"name":"Application","item":"https:\/\/www.university-in-germany.com\/en\/application\/"},{"@type":"ListItem","position":3,"name":"Application with foreign qualifications","item":"https:\/\/www.university-in-germany.com\/en\/application\/application-with-foreign-qualifications\/"},{"@type":"ListItem","position":4,"name":"Qualification Master&#8217;s programmes","item":"https:\/\/www.university-in-germany.com\/en\/application\/application-with-foreign-qualifications\/qualification-masters-programmes\/"},{"@type":"ListItem","position":5,"name":"Online application via uni-assist for Master&#8217;s programmes"}]},{"@type":"WebSite","@id":"https:\/\/www.university-in-germany.com\/#website","url":"https:\/\/www.university-in-germany.com\/","name":"Hochschule Magdeburg-Stendal\/ Magdeburf-Stendal University of Applied Sciences","description":"","potentialAction":[{"@type":"SearchAction","target":{"@type":"EntryPoint","urlTemplate":"https:\/\/www.university-in-germany.com\/?s={search_term_string}"},"query-input":"required name=search_term_string"}],"inLanguage":"en-US"}]}},"_links":{"self":[{"href":"https:\/\/www.university-in-germany.com\/en\/wp-json\/wp\/v2\/pages\/3934"}],"collection":[{"href":"https:\/\/www.university-in-germany.com\/en\/wp-json\/wp\/v2\/pages"}],"about":[{"href":"https:\/\/www.university-in-germany.com\/en\/wp-json\/wp\/v2\/types\/page"}],"author":[{"embeddable":true,"href":"https:\/\/www.university-in-germany.com\/en\/wp-json\/wp\/v2\/users\/12"}],"replies":[{"embeddable":true,"href":"https:\/\/www.university-in-germany.com\/en\/wp-json\/wp\/v2\/comments?post=3934"}],"version-history":[{"count":13,"href":"https:\/\/www.university-in-germany.com\/en\/wp-json\/wp\/v2\/pages\/3934\/revisions"}],"predecessor-version":[{"id":5479,"href":"https:\/\/www.university-in-germany.com\/en\/wp-json\/wp\/v2\/pages\/3934\/revisions\/5479"}],"up":[{"embeddable":true,"href":"https:\/\/www.university-in-germany.com\/en\/wp-json\/wp\/v2\/pages\/3709"}],"wp:attachment":[{"href":"https:\/\/www.university-in-germany.com\/en\/wp-json\/wp\/v2\/media?parent=3934"}],"curies":[{"name":"wp","href":"https:\/\/api.w.org\/{rel}","templated":true}]}}