{"id":741,"date":"2020-02-07T15:29:39","date_gmt":"2020-02-07T14:29:39","guid":{"rendered":"https:\/\/www.university-in-germany.com\/imprint\/"},"modified":"2024-04-04T15:37:58","modified_gmt":"2024-04-04T13:37:58","slug":"imprint","status":"publish","type":"page","link":"https:\/\/www.university-in-germany.com\/bg\/imprint\/","title":{"rendered":"Impressum"},"content":{"rendered":"<p>[vc_row][vc_column css=&#8220;.vc_custom_1701420513025{margin-top: 280px !important;margin-bottom: 80px !important;}&#8220;][vc_column_text]<\/p>\n<h1>Impressum<\/h1>\n<h2>Name und Anschrift<\/h2>\n<p>Hochschule Magdeburg-Stendal<br \/>\nBreitscheidstr. 2<br \/>\n39114 Magdeburg<\/p>\n<p>Tel.: (0391) 886 4210<br \/>\nE-Mail: <a href=\"mailto:international@h2.de\">international@h2.de<\/a><br \/>\nWeb: <a href=\"https:\/\/h2.de\" target=\"_blank\" rel=\"noopener\">www.h2.de<\/a><\/p>\n<h2>Vertretungsberechtige<\/h2>\n<p>Die Hochschule Magdeburg-Stendal ist eine K\u00f6rperschaft \u00f6ffentlichen Rechts. Sie wird vertreten durch die Rektorin Prof. Dr. Manuela Schwartz.<\/p>\n<h2>Zust\u00e4ndige Aufsichtsbeh\u00f6rde<\/h2>\n<p>Ministerium f\u00fcr Wissenschaft, Energie, Klimaschutz und Umwelt des Landes Sachsen-Anhalt<br \/>\nLeipziger Stra\u00dfe 58, 39112 \u00a0Magdeburg<br \/>\nE-Mail: <a href=\"mailto:Poststelle@mwu.sachsen-anhalt.de\">Poststelle@mwu.sachsen-anhalt.de<\/a><\/p>\n<h2>Kontakt<\/h2>\n<p>Hauptverantwortlich f\u00fcr den Gesamtauftritt sowie die Social Media-Kan\u00e4le (Facebook, Instagram, Youtube) ist der Servicebereich <em>Studium und Internationales \u2013 International Office <\/em>der Hochschule Magdeburg-Stendal. F\u00fcr Fragen, Anregungen oder Hinweise wenden Sie sich bitte an:<\/p>\n<p><strong>Leiterin des International Office<\/strong><br \/>\nAnne-Kathrin Lerke<br \/>\nE-Mail: <a href=\"mailto:anne-kathrin.lerke@h2.de\">anne-kathrin.lerke@h2.de<\/a><\/p>\n<h2>Umsatzsteuer-Identifikationsnummer<\/h2>\n<p>DE 218 059 771<\/p>\n<h2>Haftungsausschluss<\/h2>\n<p>S\u00e4mtliche Inhalte wurden sorgf\u00e4ltig nach bestem Wissen erstellt. F\u00fcr die Richtigkeit, Vollst\u00e4ndigkeit, Aktualit\u00e4t und Qualit\u00e4t der Inhalte k\u00f6nnen wir jedoch keine Gew\u00e4hr \u00fcbernehmen. Haftungsanspr\u00fcche gegen die Hochschule Magdeburg-Stendal, welche sich auf Sch\u00e4den materieller oder ideeller Art beziehen, die durch die Nutzung oder Nichtnutzung der dargebotenen Informationen bzw. durch die Nutzung fehlerhafter und unvollst\u00e4ndiger Informationen verursacht wurden, sind grunds\u00e4tzlich ausgeschlossen, sofern seitens der Hochschule Magdeburg-Stendal kein nachweislich vors\u00e4tzliches oder grob fahrl\u00e4ssiges Verschulden vorliegt. Alle Angebote sind freibleibend und unverbindlich. Die Hochschule Magdeburg-Stendal beh\u00e4lt es sich ausdr\u00fccklich vor, Teile der Seiten oder das gesamte Angebot ohne gesonderte Ank\u00fcndigung zu ver\u00e4ndern, zu erg\u00e4nzen, zu l\u00f6schen oder die Ver\u00f6ffentlichung zeitweise oder endg\u00fcltig einzustellen.<\/p>\n<h2>Links<\/h2>\n<p>Dieses Onlineangebot enth\u00e4lt Verkn\u00fcpfungen auf die Internet-Inhalte Dritter\u00a0(im folgenden &#8222;Links&#8220; genannt). Die verlinkten Seiten wurden zum Zeitpunkt der Verlinkung auf m\u00f6gliche Rechtsverst\u00f6\u00dfe \u00fcberpr\u00fcft, rechtswidrige Inhalte waren zum Zeitpunkt der Verlinkung nicht erkennbar. Auf die aktuelle und zuk\u00fcnftige Gestaltung, die Inhalte oder die Urheberschaft der verlinkten Seiten hat die Hochschule Magdeburg-Stendal keinerlei Einfluss. Deshalb distanzieren wir uns hiermit ausdr\u00fccklich von allen Inhalten aller verlinkten Seiten, die nach der Linksetzung ver\u00e4ndert wurden, und schlie\u00dfen jede Haftung aus.<\/p>\n<h2>Urheberrecht<\/h2>\n<p>Das Layout der Website, die verwendeten Filme und Fotos sowie die Sammlung der Beitr\u00e4ge sind urheberrechtlich gesch\u00fctzt. Die Seiten d\u00fcrfen nur zum privaten Gebrauch vervielf\u00e4ltigt, \u00c4nderungen nicht vorgenommen und Vervielf\u00e4ltigungsst\u00fccke ohne Genehmigung nicht verbreitet werden. Die einzelnen Beitr\u00e4ge sind ebenfalls urheberrechtlich gesch\u00fctzt. Die gewerbliche Nutzung ist nicht zul\u00e4ssig.<\/p>\n<ul>\n<li>Filme: <a href=\"http:\/\/www.lichtempfindlich.org\/\">lichtempfindlich Filmproduktion <\/a><\/li>\n<li>Fotos: <a href=\"http:\/\/www.bastianehl.com\/\">Bastian Ehl,<\/a> <a href=\"http:\/\/www.dressedinblack.de\/\">Matthias Piekacz<\/a>, Katharina Remiorz, Katharina Vorndran, Anika Stiawa, Sandra Goltz-Dangler, Romy Buhr und iStock<\/li>\n<li>Konzeption und Design: <a href=\"https:\/\/www.initos.com\/\">initOS GmbH<\/a> | <a href=\"https:\/\/www.hummelt-werbeagentur.de\/\">hummelt und partner Werbeagentur GmbH <\/a><\/li>\n<li>Programmierung: <a href=\"https:\/\/www.initos.com\/\">initOS GmbH<\/a>\u00a0| <a href=\"https:\/\/www.hummelt-werbeagentur.de\/\">hummelt und partner Werbeagentur GmbH <\/a><\/li>\n<li>\u00dcbersetzung: <a href=\"https:\/\/www.initos.com\/\">initOS GmbH<\/a><\/li>\n<\/ul>\n<p>[\/vc_column_text][\/vc_column][\/vc_row]<\/p>\n","protected":false},"excerpt":{"rendered":"<p>[vc_row][vc_column css=&#8220;.vc_custom_1701420513025{margin-top: 280px !important;margin-bottom: 80px !important;}&#8220;][vc_column_text] Impressum Name und Anschrift Hochschule Magdeburg-Stendal Breitscheidstr. 2 39114 Magdeburg Tel.: (0391) 886 4210&#8230;<\/p>\n","protected":false},"author":3,"featured_media":0,"parent":0,"menu_order":0,"comment_status":"closed","ping_status":"closed","template":"","meta":[],"yoast_head":"<!-- This site is optimized with the Yoast SEO plugin v20.6 - https:\/\/yoast.com\/wordpress\/plugins\/seo\/ -->\n<title>Imprint<\/title>\n<meta name=\"robots\" content=\"index, follow, max-snippet:-1, max-image-preview:large, max-video-preview:-1\" \/>\n<link rel=\"canonical\" href=\"https:\/\/www.university-in-germany.com\/bg\/imprint\/\" \/>\n<meta property=\"og:locale\" content=\"bg_BG\" \/>\n<meta property=\"og:type\" content=\"article\" \/>\n<meta property=\"og:title\" content=\"Imprint\" \/>\n<meta property=\"og:description\" content=\"[vc_row][vc_column css=&#8220;.vc_custom_1701420513025{margin-top: 280px !important;margin-bottom: 80px !important;}&#8220;][vc_column_text] Impressum Name und Anschrift Hochschule Magdeburg-Stendal Breitscheidstr. 2 39114 Magdeburg Tel.: (0391) 886 4210...\" \/>\n<meta property=\"og:url\" content=\"https:\/\/www.university-in-germany.com\/bg\/imprint\/\" \/>\n<meta property=\"og:site_name\" content=\"Hochschulbildung in Deutschland\" \/>\n<meta property=\"article:publisher\" content=\"https:\/\/de-de.facebook.com\/hsmagdeburg\/\" \/>\n<meta property=\"article:modified_time\" content=\"2024-04-04T13:37:58+00:00\" \/>\n<meta name=\"twitter:card\" content=\"summary_large_image\" \/>\n<meta name=\"twitter:label1\" content=\"Est. reading time\" \/>\n\t<meta name=\"twitter:data1\" content=\"2 \u043c\u0438\u043d\u0443\u0442\u0438\" \/>\n<script type=\"application\/ld+json\" class=\"yoast-schema-graph\">{\"@context\":\"https:\/\/schema.org\",\"@graph\":[{\"@type\":\"WebPage\",\"@id\":\"https:\/\/www.university-in-germany.com\/bg\/imprint\/\",\"url\":\"https:\/\/www.university-in-germany.com\/bg\/imprint\/\",\"name\":\"Imprint\",\"isPartOf\":{\"@id\":\"https:\/\/www.university-in-germany.com\/#website\"},\"datePublished\":\"2020-02-07T14:29:39+00:00\",\"dateModified\":\"2024-04-04T13:37:58+00:00\",\"breadcrumb\":{\"@id\":\"https:\/\/www.university-in-germany.com\/bg\/imprint\/#breadcrumb\"},\"inLanguage\":\"bg-BG\",\"potentialAction\":[{\"@type\":\"ReadAction\",\"target\":[\"https:\/\/www.university-in-germany.com\/bg\/imprint\/\"]}]},{\"@type\":\"BreadcrumbList\",\"@id\":\"https:\/\/www.university-in-germany.com\/bg\/imprint\/#breadcrumb\",\"itemListElement\":[{\"@type\":\"ListItem\",\"position\":1,\"name\":\"Home\",\"item\":\"https:\/\/www.university-in-germany.com\/bg\/\"},{\"@type\":\"ListItem\",\"position\":2,\"name\":\"Impressum\"}]},{\"@type\":\"WebSite\",\"@id\":\"https:\/\/www.university-in-germany.com\/#website\",\"url\":\"https:\/\/www.university-in-germany.com\/\",\"name\":\"Hochschule Magdeburg-Stendal\/ Magdeburf-Stendal University of Applied Sciences\",\"description\":\"\",\"potentialAction\":[{\"@type\":\"SearchAction\",\"target\":{\"@type\":\"EntryPoint\",\"urlTemplate\":\"https:\/\/www.university-in-germany.com\/?s={search_term_string}\"},\"query-input\":\"required name=search_term_string\"}],\"inLanguage\":\"bg-BG\"}]}<\/script>\n<!-- \/ Yoast SEO plugin. -->","yoast_head_json":{"title":"Imprint","robots":{"index":"index","follow":"follow","max-snippet":"max-snippet:-1","max-image-preview":"max-image-preview:large","max-video-preview":"max-video-preview:-1"},"canonical":"https:\/\/www.university-in-germany.com\/bg\/imprint\/","og_locale":"bg_BG","og_type":"article","og_title":"Imprint","og_description":"[vc_row][vc_column css=&#8220;.vc_custom_1701420513025{margin-top: 280px !important;margin-bottom: 80px !important;}&#8220;][vc_column_text] Impressum Name und Anschrift Hochschule Magdeburg-Stendal Breitscheidstr. 2 39114 Magdeburg Tel.: (0391) 886 4210...","og_url":"https:\/\/www.university-in-germany.com\/bg\/imprint\/","og_site_name":"Hochschulbildung in Deutschland","article_publisher":"https:\/\/de-de.facebook.com\/hsmagdeburg\/","article_modified_time":"2024-04-04T13:37:58+00:00","twitter_card":"summary_large_image","twitter_misc":{"Est. reading time":"2 \u043c\u0438\u043d\u0443\u0442\u0438"},"schema":{"@context":"https:\/\/schema.org","@graph":[{"@type":"WebPage","@id":"https:\/\/www.university-in-germany.com\/bg\/imprint\/","url":"https:\/\/www.university-in-germany.com\/bg\/imprint\/","name":"Imprint","isPartOf":{"@id":"https:\/\/www.university-in-germany.com\/#website"},"datePublished":"2020-02-07T14:29:39+00:00","dateModified":"2024-04-04T13:37:58+00:00","breadcrumb":{"@id":"https:\/\/www.university-in-germany.com\/bg\/imprint\/#breadcrumb"},"inLanguage":"bg-BG","potentialAction":[{"@type":"ReadAction","target":["https:\/\/www.university-in-germany.com\/bg\/imprint\/"]}]},{"@type":"BreadcrumbList","@id":"https:\/\/www.university-in-germany.com\/bg\/imprint\/#breadcrumb","itemListElement":[{"@type":"ListItem","position":1,"name":"Home","item":"https:\/\/www.university-in-germany.com\/bg\/"},{"@type":"ListItem","position":2,"name":"Impressum"}]},{"@type":"WebSite","@id":"https:\/\/www.university-in-germany.com\/#website","url":"https:\/\/www.university-in-germany.com\/","name":"Hochschule Magdeburg-Stendal\/ Magdeburf-Stendal University of Applied Sciences","description":"","potentialAction":[{"@type":"SearchAction","target":{"@type":"EntryPoint","urlTemplate":"https:\/\/www.university-in-germany.com\/?s={search_term_string}"},"query-input":"required name=search_term_string"}],"inLanguage":"bg-BG"}]}},"_links":{"self":[{"href":"https:\/\/www.university-in-germany.com\/bg\/wp-json\/wp\/v2\/pages\/741"}],"collection":[{"href":"https:\/\/www.university-in-germany.com\/bg\/wp-json\/wp\/v2\/pages"}],"about":[{"href":"https:\/\/www.university-in-germany.com\/bg\/wp-json\/wp\/v2\/types\/page"}],"author":[{"embeddable":true,"href":"https:\/\/www.university-in-germany.com\/bg\/wp-json\/wp\/v2\/users\/3"}],"replies":[{"embeddable":true,"href":"https:\/\/www.university-in-germany.com\/bg\/wp-json\/wp\/v2\/comments?post=741"}],"version-history":[{"count":4,"href":"https:\/\/www.university-in-germany.com\/bg\/wp-json\/wp\/v2\/pages\/741\/revisions"}],"predecessor-version":[{"id":5343,"href":"https:\/\/www.university-in-germany.com\/bg\/wp-json\/wp\/v2\/pages\/741\/revisions\/5343"}],"wp:attachment":[{"href":"https:\/\/www.university-in-germany.com\/bg\/wp-json\/wp\/v2\/media?parent=741"}],"curies":[{"name":"wp","href":"https:\/\/api.w.org\/{rel}","templated":true}]}}